{"id":11006,"date":"2017-02-13T15:55:42","date_gmt":"2017-02-13T15:55:42","guid":{"rendered":"https:\/\/twsites.com.br\/novomigcenter\/?product=cafeteira-tradicional-c101-c102-consercaf"},"modified":"2017-02-13T15:55:42","modified_gmt":"2017-02-13T15:55:42","slug":"cafeteira-tradicional-c101-c102-consercaf","status":"publish","type":"product","link":"https:\/\/twsites.com.br\/novomigcenter\/?product=cafeteira-tradicional-c101-c102-consercaf","title":{"rendered":"Cafeteira Tradicional C101 \/ C102 &#8211; ConserCaf"},"content":{"rendered":"<p><span style=\"font-weight: bold; font-size: 14px;\"><font face=\"Arial\">Descri\u00e7\u00e3o do Produto<\/font><\/span><\/p>\n<p><font face=\"Arial\"><span style=\"font-size: 14px;\">Fabricada em a\u00e7o inox 430 e com reservat\u00f3rio em a\u00e7o inox 304, a linha Tradicional Consercaf vem sendo sin\u00f4nimo de excelente custo-benef\u00edcio, com sua qualidade e acabamento superior, tornando-se a principal escolha entre bares e restaurantes de todo o Brasil.<\/span><\/font><\/p>\n<p><font face=\"Arial\"><span style=\"font-size: 14px;\">A linha Tradicional Consecaf passa por exclusivo processo de polimento, fazendo da cafeteira um verdadeiro espelho!<\/span><\/font><\/p>\n<p><font face=\"Arial\"><span style=\"font-size: 14px;\">Conta com v\u00e1rios modelos de capacidades diferentes para suprir todo tipo de necessidade.<\/span><\/font><\/p>\n<p><span style=\"font-weight: bold; font-size: 14px;\"><font face=\"Arial\">Toda linha Tradicional \u00e9 certificada pelo INMETRO.<\/font><\/span><\/p>\n<table class=\"table table-bordered\" style=\"background-color: rgb(255, 255, 255); width: 1440px;\">\n<tbody>\n<tr>\n<td><font face=\"Arial\"><span style=\"font-size: 14px;\">Constru\u00e7\u00e3o<\/span><\/font><\/td>\n<td><font face=\"Arial\"><span style=\"font-size: 14px;\">A\u00e7o Inox 430 com reservat\u00f3rios em a\u00e7o inox 304<\/span><\/font><\/td>\n<\/tr>\n<tr>\n<td><font face=\"Arial\"><span style=\"font-size: 14px;\">Acabamento<\/span><\/font><\/td>\n<td><font face=\"Arial\"><span style=\"font-size: 14px;\">Alto Brilho<\/span><\/font><\/td>\n<\/tr>\n<tr>\n<td><font face=\"Arial\"><span style=\"font-size: 14px;\">Indica\u00e7\u00e3o<\/span><\/font><\/td>\n<td><font face=\"Arial\"><span style=\"font-size: 14px;\">Bares, restaurantes, hot\u00e9is, pequenos com\u00e9rcios<\/span><\/font><\/td>\n<\/tr>\n<tr>\n<td><font face=\"Arial\"><span style=\"font-size: 14px;\">Reservat\u00f3rios<\/span><\/font><\/td>\n<td><font face=\"Arial\"><span style=\"font-size: 14px;\">01 &#8211; um<\/span><\/font><\/td>\n<\/tr>\n<tr>\n<td><font face=\"Arial\"><span style=\"font-size: 14px;\">Itens Inclusos<\/span><\/font><\/td>\n<td><font face=\"Arial\"><span style=\"font-size: 14px;\">Cafeteira, aro, 2 coadores, certificado de garantia, manual<\/span><\/font><\/td>\n<\/tr>\n<tr>\n<td><font face=\"Arial\"><span style=\"font-size: 14px;\">Observa\u00e7\u00f5es<\/span><\/font><\/td>\n<td><font face=\"Arial\"><span style=\"font-size: 14px;\">Este produto n\u00e3o \u00e9 destinado paras uso com leite.<\/span><\/font><\/td>\n<\/tr>\n<tr>\n<td><font face=\"Arial\"><span style=\"font-size: 14px;\">Di\u00e2metro (mm)<\/span><\/font><\/td>\n<td><font face=\"Arial\"><span style=\"font-size: 14px;\">310<\/span><\/font><\/td>\n<\/tr>\n<tr>\n<td><font face=\"Arial\"><span style=\"font-size: 14px;\">Altura (mm)<\/span><\/font><\/td>\n<td><font face=\"Arial\"><span style=\"font-size: 14px;\">720<\/span><\/font><\/td>\n<\/tr>\n<tr>\n<td><font face=\"Arial\"><span style=\"font-size: 14px;\">\u00c1gua (L)<\/span><\/font><\/td>\n<td><font face=\"Arial\"><span style=\"font-size: 14px;\">22<\/span><\/font><\/td>\n<\/tr>\n<tr>\n<td><font face=\"Arial\"><span style=\"font-size: 14px;\">Caf\u00e9 (L)<\/span><\/font><\/td>\n<td>\n<p><font face=\"Arial\"><span style=\"font-size: 14px;\">10<\/span><\/font><\/p>\n<\/td>\n<\/tr>\n<tr>\n<td><font face=\"Arial\"><span style=\"font-size: 14px;\">Pot\u00eancia (W)<\/span><\/font><\/td>\n<td>\n<p><font face=\"Arial\"><span style=\"font-size: 14px;\">1700<\/span><\/font><\/p>\n<\/td>\n<\/tr>\n<tr>\n<td><font face=\"Arial\"><span style=\"font-size: 14px;\">Consumo (kW\/h)<\/span><\/font><\/td>\n<td>\n<p><font face=\"Arial\"><span style=\"font-size: 14px;\">1,7<\/span><\/font><\/p>\n<\/td>\n<\/tr>\n<\/tbody>\n<\/table>\n","protected":false},"excerpt":{"rendered":"<p>Descri\u00e7\u00e3o do Produto Fabricada em a\u00e7o inox 430 e com reservat\u00f3rio em a\u00e7o inox 304, a linha Tradicional Consercaf vem sendo sin\u00f4nimo de excelente custo-benef\u00edcio, com sua qualidade e acabamento superior, tornando-se a principal escolha entre bares e restaurantes de todo o Brasil. A linha Tradicional Consecaf passa por exclusivo processo de polimento, fazendo da [&hellip;]<\/p>\n","protected":false},"featured_media":11005,"comment_status":"open","ping_status":"closed","template":"","meta":[],"product_brand":[],"product_cat":[299],"product_tag":[],"class_list":{"0":"post-11006","1":"product","2":"type-product","3":"status-publish","4":"has-post-thumbnail","6":"product_cat-cafeteira","8":"first","9":"instock","10":"shipping-taxable","11":"purchasable","12":"product-type-simple"},"_links":{"self":[{"href":"https:\/\/twsites.com.br\/novomigcenter\/index.php?rest_route=\/wp\/v2\/product\/11006","targetHints":{"allow":["GET"]}}],"collection":[{"href":"https:\/\/twsites.com.br\/novomigcenter\/index.php?rest_route=\/wp\/v2\/product"}],"about":[{"href":"https:\/\/twsites.com.br\/novomigcenter\/index.php?rest_route=\/wp\/v2\/types\/product"}],"replies":[{"embeddable":true,"href":"https:\/\/twsites.com.br\/novomigcenter\/index.php?rest_route=%2Fwp%2Fv2%2Fcomments&post=11006"}],"wp:featuredmedia":[{"embeddable":true,"href":"https:\/\/twsites.com.br\/novomigcenter\/index.php?rest_route=\/wp\/v2\/media\/11005"}],"wp:attachment":[{"href":"https:\/\/twsites.com.br\/novomigcenter\/index.php?rest_route=%2Fwp%2Fv2%2Fmedia&parent=11006"}],"wp:term":[{"taxonomy":"product_brand","embeddable":true,"href":"https:\/\/twsites.com.br\/novomigcenter\/index.php?rest_route=%2Fwp%2Fv2%2Fproduct_brand&post=11006"},{"taxonomy":"product_cat","embeddable":true,"href":"https:\/\/twsites.com.br\/novomigcenter\/index.php?rest_route=%2Fwp%2Fv2%2Fproduct_cat&post=11006"},{"taxonomy":"product_tag","embeddable":true,"href":"https:\/\/twsites.com.br\/novomigcenter\/index.php?rest_route=%2Fwp%2Fv2%2Fproduct_tag&post=11006"}],"curies":[{"name":"wp","href":"https:\/\/api.w.org\/{rel}","templated":true}]}}