{"id":11016,"date":"2017-02-13T16:27:31","date_gmt":"2017-02-13T16:27:31","guid":{"rendered":"https:\/\/twsites.com.br\/novomigcenter\/?product=cafeteira-tradicional-c61-c62-consercaf"},"modified":"2017-02-13T16:27:31","modified_gmt":"2017-02-13T16:27:31","slug":"cafeteira-tradicional-c61-c62-consercaf","status":"publish","type":"product","link":"https:\/\/twsites.com.br\/novomigcenter\/?product=cafeteira-tradicional-c61-c62-consercaf","title":{"rendered":"Cafeteira Tradicional C61 \/ C62 &#8211; ConserCaf"},"content":{"rendered":"<p><span style=\"font-weight: bold; font-size: 14px;\"><font face=\"Arial\">Descri\u00e7\u00e3o do Produto<\/font><\/span><\/p>\n<p><span style=\"font-size: 14px;\"><font face=\"Arial\">Fabricada em a\u00e7o inox 430 e com reservat\u00f3rio em a\u00e7o inox 304, a linha Tradicional Consercaf vem sendo sin\u00f4nimo de excelente custo-benef\u00edcio, com sua qualidade e acabamento superior, tornando-se a principal escolha entre bares e restaurantes de todo o Brasil.<\/font><\/span><\/p>\n<p><span style=\"font-size: 14px;\"><font face=\"Arial\">A linha Tradicional Consecaf passa por exclusivo processo de polimento, fazendo da cafeteira um verdadeiro espelho!<\/font><\/span><\/p>\n<p><span style=\"font-size: 14px;\"><font face=\"Arial\">Conta com v\u00e1rios modelos de capacidades diferentes para suprir todo tipo de necessidade.<\/font><\/span><\/p>\n<p><span style=\"font-weight: bold; font-size: 14px;\"><font face=\"Arial\">Toda linha Tradicional \u00e9 certificada pelo INMETRO.<\/font><\/span><\/p>\n<table class=\"table table-bordered\" style=\"background-color: rgb(255, 255, 255); width: 1440px;\">\n<tbody>\n<tr>\n<td><span style=\"font-size: 14px;\"><font face=\"Arial\">Constru\u00e7\u00e3o<\/font><\/span><\/td>\n<td><span style=\"font-size: 14px;\"><font face=\"Arial\">A\u00e7o Inox 430 com reservat\u00f3rios em a\u00e7o inox 304<\/font><\/span><\/td>\n<\/tr>\n<tr>\n<td><span style=\"font-size: 14px;\"><font face=\"Arial\">Acabamento<\/font><\/span><\/td>\n<td><span style=\"font-size: 14px;\"><font face=\"Arial\">Alto Brilho<\/font><\/span><\/td>\n<\/tr>\n<tr>\n<td><span style=\"font-size: 14px;\"><font face=\"Arial\">Indica\u00e7\u00e3o<\/font><\/span><\/td>\n<td><span style=\"font-size: 14px;\"><font face=\"Arial\">Bares, restaurantes, hot\u00e9is, pequenos com\u00e9rcios<\/font><\/span><\/td>\n<\/tr>\n<tr>\n<td><span style=\"font-size: 14px;\"><font face=\"Arial\">Reservat\u00f3rios<\/font><\/span><\/td>\n<td><span style=\"font-size: 14px;\"><font face=\"Arial\">01 &#8211; um<\/font><\/span><\/td>\n<\/tr>\n<tr>\n<td><span style=\"font-size: 14px;\"><font face=\"Arial\">Itens Inclusos<\/font><\/span><\/td>\n<td><span style=\"font-size: 14px;\"><font face=\"Arial\">Cafeteira, aro, 2 coadores, certificado de garantia, manual<\/font><\/span><\/td>\n<\/tr>\n<tr>\n<td><span style=\"font-size: 14px;\"><font face=\"Arial\">Observa\u00e7\u00f5es<\/font><\/span><\/td>\n<td><span style=\"font-size: 14px;\"><font face=\"Arial\">Este produto n\u00e3o \u00e9 destinado paras uso com leite.<\/font><\/span><\/td>\n<\/tr>\n<tr>\n<td><span style=\"font-size: 14px;\"><font face=\"Arial\">Di\u00e2metro (mm)<\/font><\/span><\/td>\n<td><span style=\"font-size: 14px;\"><font face=\"Arial\">310<\/font><\/span><\/td>\n<\/tr>\n<tr>\n<td><span style=\"font-size: 14px;\"><font face=\"Arial\">Altura (mm)<\/font><\/span><\/td>\n<td><span style=\"font-size: 14px;\"><font face=\"Arial\">600<\/font><\/span><\/td>\n<\/tr>\n<tr>\n<td><span style=\"font-size: 14px;\"><font face=\"Arial\">\u00c1gua (L)<\/font><\/span><\/td>\n<td><span style=\"font-size: 14px;\"><font face=\"Arial\">17<\/font><\/span><\/td>\n<\/tr>\n<tr>\n<td><span style=\"font-size: 14px;\"><font face=\"Arial\">Caf\u00e9 (L)<\/font><\/span><\/td>\n<td>\n<p><span style=\"font-size: 14px;\"><font face=\"Arial\">6<\/font><\/span><\/p>\n<\/td>\n<\/tr>\n<tr>\n<td><span style=\"font-size: 14px;\"><font face=\"Arial\">Pot\u00eancia (W)<\/font><\/span><\/td>\n<td>\n<p><span style=\"font-size: 14px;\"><font face=\"Arial\">1300<\/font><\/span><\/p>\n<\/td>\n<\/tr>\n<tr>\n<td><span style=\"font-size: 14px;\"><font face=\"Arial\">Consumo (kW\/h)<\/font><\/span><\/td>\n<td>\n<p><span style=\"font-size: 14px;\"><font face=\"Arial\">1,3<\/font><\/span><\/p>\n<\/td>\n<\/tr>\n<\/tbody>\n<\/table>\n","protected":false},"excerpt":{"rendered":"<p>Descri\u00e7\u00e3o do Produto Fabricada em a\u00e7o inox 430 e com reservat\u00f3rio em a\u00e7o inox 304, a linha Tradicional Consercaf vem sendo sin\u00f4nimo de excelente custo-benef\u00edcio, com sua qualidade e acabamento superior, tornando-se a principal escolha entre bares e restaurantes de todo o Brasil. A linha Tradicional Consecaf passa por exclusivo processo de polimento, fazendo da [&hellip;]<\/p>\n","protected":false},"featured_media":11015,"comment_status":"open","ping_status":"closed","template":"","meta":[],"product_brand":[],"product_cat":[299],"product_tag":[],"class_list":{"0":"post-11016","1":"product","2":"type-product","3":"status-publish","4":"has-post-thumbnail","6":"product_cat-cafeteira","8":"first","9":"instock","10":"shipping-taxable","11":"purchasable","12":"product-type-simple"},"_links":{"self":[{"href":"https:\/\/twsites.com.br\/novomigcenter\/index.php?rest_route=\/wp\/v2\/product\/11016","targetHints":{"allow":["GET"]}}],"collection":[{"href":"https:\/\/twsites.com.br\/novomigcenter\/index.php?rest_route=\/wp\/v2\/product"}],"about":[{"href":"https:\/\/twsites.com.br\/novomigcenter\/index.php?rest_route=\/wp\/v2\/types\/product"}],"replies":[{"embeddable":true,"href":"https:\/\/twsites.com.br\/novomigcenter\/index.php?rest_route=%2Fwp%2Fv2%2Fcomments&post=11016"}],"wp:featuredmedia":[{"embeddable":true,"href":"https:\/\/twsites.com.br\/novomigcenter\/index.php?rest_route=\/wp\/v2\/media\/11015"}],"wp:attachment":[{"href":"https:\/\/twsites.com.br\/novomigcenter\/index.php?rest_route=%2Fwp%2Fv2%2Fmedia&parent=11016"}],"wp:term":[{"taxonomy":"product_brand","embeddable":true,"href":"https:\/\/twsites.com.br\/novomigcenter\/index.php?rest_route=%2Fwp%2Fv2%2Fproduct_brand&post=11016"},{"taxonomy":"product_cat","embeddable":true,"href":"https:\/\/twsites.com.br\/novomigcenter\/index.php?rest_route=%2Fwp%2Fv2%2Fproduct_cat&post=11016"},{"taxonomy":"product_tag","embeddable":true,"href":"https:\/\/twsites.com.br\/novomigcenter\/index.php?rest_route=%2Fwp%2Fv2%2Fproduct_tag&post=11016"}],"curies":[{"name":"wp","href":"https:\/\/api.w.org\/{rel}","templated":true}]}}