{"id":11026,"date":"2017-02-14T09:28:12","date_gmt":"2017-02-14T09:28:12","guid":{"rendered":"https:\/\/twsites.com.br\/novomigcenter\/?product=esterilizador-et31-et32-consercaf"},"modified":"2017-02-14T09:28:12","modified_gmt":"2017-02-14T09:28:12","slug":"esterilizador-et31-et32-consercaf","status":"publish","type":"product","link":"https:\/\/twsites.com.br\/novomigcenter\/?product=esterilizador-et31-et32-consercaf","title":{"rendered":"Esterilizador ET31 \/ ET32 &#8211; ConserCaf"},"content":{"rendered":"<p><span style=\"font-weight: bold; font-size: 14px;\"><font face=\"Arial\">Descri\u00e7\u00e3o do Produto<\/font><\/span><\/p>\n<p><font face=\"Arial\"><span style=\"font-size: 14px;\">A linha de Esterilizadores Consercaf foi desenvolvida para bares e padarias tradicionais, seu design compacto permite que seja acomodado em pequenos espa\u00e7os no balc\u00e3o, sendo que seu tamanho n\u00e3o ilustra sua grande efici\u00eancia, j\u00e1 que conta com dois ou tr\u00eas bules de 1,8 litros.<\/span><\/font><\/p>\n<p><font face=\"Arial\"><span style=\"font-size: 14px;\">Fabricado em a\u00e7o inox 430 com acabamento em alto brilho e assim como ocorre em toda nossa linha de produtos, o acabamento \u00e9 impec\u00e1vel e sua estrutura r\u00edgida, permite que 0 esterilizador tenha grande durabilidade.<\/span><\/font><\/p>\n<p><font face=\"Arial\"><span style=\"font-size: 14px;\">Est\u00e1 dispon\u00edvel em 4 modelos, de 2 ou 3 bules e ajuste autom\u00e1tico ou mec\u00e2nico com termostato.<\/span><\/font><\/p>\n<p><font face=\"Arial\"><span style=\"font-weight: bold; font-size: 14px;\">Toda linha de Esterilizadores Consercaf \u00e9 certificada pelo INMETRO.<\/span><br \/><\/font><\/p>\n<table class=\"table table-bordered\" style=\"background-color: rgb(255, 255, 255); width: 1440px;\">\n<tbody>\n<tr>\n<td><font face=\"Arial\"><span style=\"font-size: 14px;\">Constru\u00e7\u00e3o<\/span><\/font><\/td>\n<td><font face=\"Arial\"><span style=\"font-size: 14px;\">A\u00e7o Inox 430 com reservat\u00f3rios em a\u00e7o inox 304<\/span><\/font><\/td>\n<\/tr>\n<tr>\n<td><font face=\"Arial\"><span style=\"font-size: 14px;\">Acabamento<\/span><\/font><\/td>\n<td><font face=\"Arial\"><span style=\"font-size: 14px;\">Alto Brilho<\/span><\/font><\/td>\n<\/tr>\n<tr>\n<td><font face=\"Arial\"><span style=\"font-size: 14px;\">Indica\u00e7\u00e3o<\/span><\/font><\/td>\n<td><font face=\"Arial\"><span style=\"font-size: 14px;\">Bares, restaurantes, hot\u00e9is, pequenos com\u00e9rcios<\/span><\/font><\/td>\n<\/tr>\n<tr>\n<td><font face=\"Arial\"><span style=\"font-size: 14px;\">Reservat\u00f3rios<\/span><\/font><\/td>\n<td><font face=\"Arial\"><span style=\"font-size: 14px;\">02 ou 03 (dois ou tr\u00eas) Bules<\/span><\/font><\/td>\n<\/tr>\n<tr>\n<td><font face=\"Arial\"><span style=\"font-size: 14px;\">Itens Inclusos<\/span><\/font><\/td>\n<td><font face=\"Arial\"><span style=\"font-size: 14px;\">Esterilizador, bules, certificado de garantia, manual<\/span><\/font><\/td>\n<\/tr>\n<tr>\n<td><font face=\"Arial\"><span style=\"font-size: 14px;\">Observa\u00e7\u00f5es<\/span><\/font><\/td>\n<td><font face=\"Arial\"><span style=\"font-size: 14px;\">Este produto pode ser utilizado com leite.<\/span><\/font><\/td>\n<\/tr>\n<tr>\n<td><font face=\"Arial\"><span style=\"font-size: 14px;\">Largura (mm)<\/span><\/font><\/td>\n<td><font face=\"Arial\"><span style=\"font-size: 14px;\">305<\/span><\/font><\/td>\n<\/tr>\n<tr>\n<td><font face=\"Arial\"><span style=\"font-size: 14px;\">Altura (mm)<\/span><\/font><\/td>\n<td><font face=\"Arial\"><span style=\"font-size: 14px;\">150<\/span><\/font><\/td>\n<\/tr>\n<tr>\n<td><font face=\"Arial\"><span style=\"font-size: 14px;\">Profundidade (mm)<\/span><\/font><\/td>\n<td><font face=\"Arial\"><span style=\"font-size: 14px;\">295<\/span><\/font><\/td>\n<\/tr>\n<tr>\n<td><font face=\"Arial\"><span style=\"font-size: 14px;\">\u00c1gua (L)<\/span><br \/><\/font><\/td>\n<td>\n<p><font face=\"Arial\"><span style=\"font-size: 14px;\">10<\/span><\/font><\/p>\n<\/td>\n<\/tr>\n<tr>\n<td><font face=\"Arial\"><span style=\"font-size: 14px;\">Bules &#8211; QTD x VOL (L)<\/span><\/font><\/td>\n<td>\n<p><font face=\"Arial\"><span style=\"font-size: 14px;\">3 X 1,8<\/span><\/font><\/p>\n<\/td>\n<\/tr>\n<tr>\n<td><font face=\"Arial\"><span style=\"font-size: 14px;\">Pot\u00eancia (W)<\/span><br \/><\/font><\/td>\n<td>\n<p><font face=\"Arial\"><span style=\"font-size: 14px;\">750<\/span><\/font><\/p>\n<\/td>\n<\/tr>\n<tr>\n<td><font face=\"Arial\"><span style=\"font-size: 14px;\">Consumo (kW\/h)<\/span><\/font><\/td>\n<td>\n<p><font face=\"Arial\"><span style=\"font-size: 14px;\">0,75<\/span><\/font><\/p>\n<\/td>\n<\/tr>\n<tr>\n<td><font face=\"Arial\"><span style=\"font-size: 14px;\">Sistema<\/span><br \/><\/font><\/td>\n<td><font face=\"Arial\"><span style=\"font-size: 14px;\">Termostato<\/span><\/font><\/td>\n<\/tr>\n<\/tbody>\n<\/table>\n","protected":false},"excerpt":{"rendered":"<p>Descri\u00e7\u00e3o do Produto A linha de Esterilizadores Consercaf foi desenvolvida para bares e padarias tradicionais, seu design compacto permite que seja acomodado em pequenos espa\u00e7os no balc\u00e3o, sendo que seu tamanho n\u00e3o ilustra sua grande efici\u00eancia, j\u00e1 que conta com dois ou tr\u00eas bules de 1,8 litros. Fabricado em a\u00e7o inox 430 com acabamento em [&hellip;]<\/p>\n","protected":false},"featured_media":11025,"comment_status":"open","ping_status":"closed","template":"","meta":[],"product_brand":[],"product_cat":[299,304],"product_tag":[],"class_list":{"0":"post-11026","1":"product","2":"type-product","3":"status-publish","4":"has-post-thumbnail","6":"product_cat-cafeteira","7":"product_cat-esterilizador","9":"first","10":"instock","11":"shipping-taxable","12":"purchasable","13":"product-type-simple"},"_links":{"self":[{"href":"https:\/\/twsites.com.br\/novomigcenter\/index.php?rest_route=\/wp\/v2\/product\/11026","targetHints":{"allow":["GET"]}}],"collection":[{"href":"https:\/\/twsites.com.br\/novomigcenter\/index.php?rest_route=\/wp\/v2\/product"}],"about":[{"href":"https:\/\/twsites.com.br\/novomigcenter\/index.php?rest_route=\/wp\/v2\/types\/product"}],"replies":[{"embeddable":true,"href":"https:\/\/twsites.com.br\/novomigcenter\/index.php?rest_route=%2Fwp%2Fv2%2Fcomments&post=11026"}],"wp:featuredmedia":[{"embeddable":true,"href":"https:\/\/twsites.com.br\/novomigcenter\/index.php?rest_route=\/wp\/v2\/media\/11025"}],"wp:attachment":[{"href":"https:\/\/twsites.com.br\/novomigcenter\/index.php?rest_route=%2Fwp%2Fv2%2Fmedia&parent=11026"}],"wp:term":[{"taxonomy":"product_brand","embeddable":true,"href":"https:\/\/twsites.com.br\/novomigcenter\/index.php?rest_route=%2Fwp%2Fv2%2Fproduct_brand&post=11026"},{"taxonomy":"product_cat","embeddable":true,"href":"https:\/\/twsites.com.br\/novomigcenter\/index.php?rest_route=%2Fwp%2Fv2%2Fproduct_cat&post=11026"},{"taxonomy":"product_tag","embeddable":true,"href":"https:\/\/twsites.com.br\/novomigcenter\/index.php?rest_route=%2Fwp%2Fv2%2Fproduct_tag&post=11026"}],"curies":[{"name":"wp","href":"https:\/\/api.w.org\/{rel}","templated":true}]}}