{"id":11029,"date":"2017-02-14T09:56:55","date_gmt":"2017-02-14T09:56:55","guid":{"rendered":"https:\/\/twsites.com.br\/novomigcenter\/?product=chapa-para-lanches-0-50m-fritomaq"},"modified":"2017-02-14T09:56:55","modified_gmt":"2017-02-14T09:56:55","slug":"chapa-para-lanches-0-50m-fritomaq","status":"publish","type":"product","link":"https:\/\/twsites.com.br\/novomigcenter\/?product=chapa-para-lanches-0-50m-fritomaq","title":{"rendered":"CHAPA PARA LANCHES 0.50M &#8211; Fritomaq"},"content":{"rendered":"<p><span style=\"font-weight: bold; font-size: 14px;\"><font face=\"Arial\">MODELOS<\/font><\/span><\/p>\n<p><font face=\"Arial\"><span style=\"font-size: 14px;\">500 x 400 x 220mm &#8211; 1 queimador<\/span><\/font><\/p>\n<p><font face=\"Arial\"><span style=\"font-size: 14px;\">Chapa para lanches a g\u00e1s (baixa press\u00e3o).<\/span><\/font><\/p>\n<p><font face=\"Arial\"><span style=\"font-size: 14px;\">Estrutura em a\u00e7o inox.<\/span><\/font><\/p>\n<p><font face=\"Arial\"><span style=\"font-size: 14px;\">Queimadores em alum\u00ednio fundido.<\/span><\/font><\/p>\n<p><font face=\"Arial\"><span style=\"font-size: 14px;\">Chapa bifeteira lisa de a\u00e7o carbono escovado.<\/span><\/font><\/p>\n","protected":false},"excerpt":{"rendered":"<p>MODELOS 500 x 400 x 220mm &#8211; 1 queimador Chapa para lanches a g\u00e1s (baixa press\u00e3o). Estrutura em a\u00e7o inox. Queimadores em alum\u00ednio fundido. Chapa bifeteira lisa de a\u00e7o carbono escovado.<\/p>\n","protected":false},"featured_media":11027,"comment_status":"open","ping_status":"closed","template":"","meta":[],"product_brand":[],"product_cat":[300],"product_tag":[],"class_list":{"0":"post-11029","1":"product","2":"type-product","3":"status-publish","4":"has-post-thumbnail","6":"product_cat-chapa-char-broiler","8":"first","9":"instock","10":"shipping-taxable","11":"purchasable","12":"product-type-simple"},"_links":{"self":[{"href":"https:\/\/twsites.com.br\/novomigcenter\/index.php?rest_route=\/wp\/v2\/product\/11029","targetHints":{"allow":["GET"]}}],"collection":[{"href":"https:\/\/twsites.com.br\/novomigcenter\/index.php?rest_route=\/wp\/v2\/product"}],"about":[{"href":"https:\/\/twsites.com.br\/novomigcenter\/index.php?rest_route=\/wp\/v2\/types\/product"}],"replies":[{"embeddable":true,"href":"https:\/\/twsites.com.br\/novomigcenter\/index.php?rest_route=%2Fwp%2Fv2%2Fcomments&post=11029"}],"wp:featuredmedia":[{"embeddable":true,"href":"https:\/\/twsites.com.br\/novomigcenter\/index.php?rest_route=\/wp\/v2\/media\/11027"}],"wp:attachment":[{"href":"https:\/\/twsites.com.br\/novomigcenter\/index.php?rest_route=%2Fwp%2Fv2%2Fmedia&parent=11029"}],"wp:term":[{"taxonomy":"product_brand","embeddable":true,"href":"https:\/\/twsites.com.br\/novomigcenter\/index.php?rest_route=%2Fwp%2Fv2%2Fproduct_brand&post=11029"},{"taxonomy":"product_cat","embeddable":true,"href":"https:\/\/twsites.com.br\/novomigcenter\/index.php?rest_route=%2Fwp%2Fv2%2Fproduct_cat&post=11029"},{"taxonomy":"product_tag","embeddable":true,"href":"https:\/\/twsites.com.br\/novomigcenter\/index.php?rest_route=%2Fwp%2Fv2%2Fproduct_tag&post=11029"}],"curies":[{"name":"wp","href":"https:\/\/api.w.org\/{rel}","templated":true}]}}