{"id":11032,"date":"2017-02-14T10:10:23","date_gmt":"2017-02-14T10:10:23","guid":{"rendered":"https:\/\/twsites.com.br\/novomigcenter\/?product=chapa-para-lanches-fritomaq-0-65"},"modified":"2017-02-14T10:10:23","modified_gmt":"2017-02-14T10:10:23","slug":"chapa-para-lanches-fritomaq-0-65","status":"publish","type":"product","link":"https:\/\/twsites.com.br\/novomigcenter\/?product=chapa-para-lanches-fritomaq-0-65","title":{"rendered":"CHAPA PARA LANCHES 0.65M &#8211; Fritomaq"},"content":{"rendered":"<p><span style=\"font-weight: bold;\">MODELOS<\/span><\/p>\n<p>650 x 450 x 220mm &#8211; 2 queimadores<\/p>\n<p>Chapa para lanches a g\u00e1s (baixa press\u00e3o).<\/p>\n<p>Estrutura em a\u00e7o inox.<\/p>\n<p>Queimadores em alum\u00ednio fundido.<\/p>\n<p>Chapa bifeteira lisa de a\u00e7o carbono escovado.<\/p>\n","protected":false},"excerpt":{"rendered":"<p>MODELOS 650 x 450 x 220mm &#8211; 2 queimadores Chapa para lanches a g\u00e1s (baixa press\u00e3o). Estrutura em a\u00e7o inox. Queimadores em alum\u00ednio fundido. Chapa bifeteira lisa de a\u00e7o carbono escovado.<\/p>\n","protected":false},"featured_media":11030,"comment_status":"open","ping_status":"closed","template":"","meta":[],"product_brand":[],"product_cat":[300],"product_tag":[],"class_list":{"0":"post-11032","1":"product","2":"type-product","3":"status-publish","4":"has-post-thumbnail","6":"product_cat-chapa-char-broiler","8":"first","9":"instock","10":"shipping-taxable","11":"purchasable","12":"product-type-simple"},"_links":{"self":[{"href":"https:\/\/twsites.com.br\/novomigcenter\/index.php?rest_route=\/wp\/v2\/product\/11032","targetHints":{"allow":["GET"]}}],"collection":[{"href":"https:\/\/twsites.com.br\/novomigcenter\/index.php?rest_route=\/wp\/v2\/product"}],"about":[{"href":"https:\/\/twsites.com.br\/novomigcenter\/index.php?rest_route=\/wp\/v2\/types\/product"}],"replies":[{"embeddable":true,"href":"https:\/\/twsites.com.br\/novomigcenter\/index.php?rest_route=%2Fwp%2Fv2%2Fcomments&post=11032"}],"wp:featuredmedia":[{"embeddable":true,"href":"https:\/\/twsites.com.br\/novomigcenter\/index.php?rest_route=\/wp\/v2\/media\/11030"}],"wp:attachment":[{"href":"https:\/\/twsites.com.br\/novomigcenter\/index.php?rest_route=%2Fwp%2Fv2%2Fmedia&parent=11032"}],"wp:term":[{"taxonomy":"product_brand","embeddable":true,"href":"https:\/\/twsites.com.br\/novomigcenter\/index.php?rest_route=%2Fwp%2Fv2%2Fproduct_brand&post=11032"},{"taxonomy":"product_cat","embeddable":true,"href":"https:\/\/twsites.com.br\/novomigcenter\/index.php?rest_route=%2Fwp%2Fv2%2Fproduct_cat&post=11032"},{"taxonomy":"product_tag","embeddable":true,"href":"https:\/\/twsites.com.br\/novomigcenter\/index.php?rest_route=%2Fwp%2Fv2%2Fproduct_tag&post=11032"}],"curies":[{"name":"wp","href":"https:\/\/api.w.org\/{rel}","templated":true}]}}