{"id":11034,"date":"2017-02-14T10:32:20","date_gmt":"2017-02-14T10:32:20","guid":{"rendered":"https:\/\/twsites.com.br\/novomigcenter\/?product=churrasqueira-eletrica-ce-80-fire"},"modified":"2017-02-14T10:32:20","modified_gmt":"2017-02-14T10:32:20","slug":"churrasqueira-eletrica-ce-80-fire","status":"publish","type":"product","link":"https:\/\/twsites.com.br\/novomigcenter\/?product=churrasqueira-eletrica-ce-80-fire","title":{"rendered":"CHURRASQUEIRA EL\u00c9TRICA CE\/80 &#8211; FIRE"},"content":{"rendered":"<\/p>\n<ul>\n<li><font face=\"Arial\">Fabricada em a\u00e7o inox escovado<br \/><\/font><\/li>\n<li><font face=\"Arial\">\u00c1rea de fritura em chapa de a\u00e7o SAE 1020 tratada, soldada no sistema MIG para evitar vazamentos<br \/><\/font><\/li>\n<li><font face=\"Arial\">Sistema exclusivo de resist\u00eancias espirais e porcelana blindadas<br \/><\/font><\/li>\n<li><font face=\"Arial\">Controle autom\u00e1tico de temperatura \u2013 Termostato 50\u00ba C &#8211; 300\u00ba C \/ 30A<br \/><\/font><\/li>\n<li><font face=\"Arial\">Piloto indicador liga-desliga<br \/><\/font><\/li>\n<li><font face=\"Arial\">Fundo em a\u00e7o inox<br \/><\/font><\/li>\n<li><font face=\"Arial\">Gaveta coletora de detritos em a\u00e7o inox<br \/><\/font><\/li>\n<li><font face=\"Arial\">P\u00e9s regul\u00e1veis<\/font><\/li>\n<\/ul>\n","protected":false},"excerpt":{"rendered":"<p>Fabricada em a\u00e7o inox escovado \u00c1rea de fritura em chapa de a\u00e7o SAE 1020 tratada, soldada no sistema MIG para evitar vazamentos Sistema exclusivo de resist\u00eancias espirais e porcelana blindadas Controle autom\u00e1tico de temperatura \u2013 Termostato 50\u00ba C &#8211; 300\u00ba C \/ 30A Piloto indicador liga-desliga Fundo em a\u00e7o inox Gaveta coletora de detritos em [&hellip;]<\/p>\n","protected":false},"featured_media":11033,"comment_status":"open","ping_status":"closed","template":"","meta":[],"product_brand":[],"product_cat":[300],"product_tag":[],"class_list":{"0":"post-11034","1":"product","2":"type-product","3":"status-publish","4":"has-post-thumbnail","6":"product_cat-chapa-char-broiler","8":"first","9":"instock","10":"shipping-taxable","11":"purchasable","12":"product-type-simple"},"_links":{"self":[{"href":"https:\/\/twsites.com.br\/novomigcenter\/index.php?rest_route=\/wp\/v2\/product\/11034","targetHints":{"allow":["GET"]}}],"collection":[{"href":"https:\/\/twsites.com.br\/novomigcenter\/index.php?rest_route=\/wp\/v2\/product"}],"about":[{"href":"https:\/\/twsites.com.br\/novomigcenter\/index.php?rest_route=\/wp\/v2\/types\/product"}],"replies":[{"embeddable":true,"href":"https:\/\/twsites.com.br\/novomigcenter\/index.php?rest_route=%2Fwp%2Fv2%2Fcomments&post=11034"}],"wp:featuredmedia":[{"embeddable":true,"href":"https:\/\/twsites.com.br\/novomigcenter\/index.php?rest_route=\/wp\/v2\/media\/11033"}],"wp:attachment":[{"href":"https:\/\/twsites.com.br\/novomigcenter\/index.php?rest_route=%2Fwp%2Fv2%2Fmedia&parent=11034"}],"wp:term":[{"taxonomy":"product_brand","embeddable":true,"href":"https:\/\/twsites.com.br\/novomigcenter\/index.php?rest_route=%2Fwp%2Fv2%2Fproduct_brand&post=11034"},{"taxonomy":"product_cat","embeddable":true,"href":"https:\/\/twsites.com.br\/novomigcenter\/index.php?rest_route=%2Fwp%2Fv2%2Fproduct_cat&post=11034"},{"taxonomy":"product_tag","embeddable":true,"href":"https:\/\/twsites.com.br\/novomigcenter\/index.php?rest_route=%2Fwp%2Fv2%2Fproduct_tag&post=11034"}],"curies":[{"name":"wp","href":"https:\/\/api.w.org\/{rel}","templated":true}]}}