{"id":11036,"date":"2017-02-14T10:44:56","date_gmt":"2017-02-14T10:44:56","guid":{"rendered":"https:\/\/twsites.com.br\/novomigcenter\/?product=churrasqueira-a-gas-cg-130-fire"},"modified":"2017-02-14T10:44:56","modified_gmt":"2017-02-14T10:44:56","slug":"churrasqueira-a-gas-cg-130-fire","status":"publish","type":"product","link":"https:\/\/twsites.com.br\/novomigcenter\/?product=churrasqueira-a-gas-cg-130-fire","title":{"rendered":"CHURRASQUEIRA A G\u00c1S &#8211; CG\/130 &#8211; FIRE"},"content":{"rendered":"<ul>\n<li><font face=\"Arial\">Fabricada em a\u00e7o inox escovado<br \/><\/font><\/li>\n<li><font face=\"Arial\">\u00c1rea de fritura em chapa de a\u00e7o SAE 1020 tratada, soldada no sistema MIG para evitar vazamentos<br \/><\/font><\/li>\n<li><font face=\"Arial\">Queimadores modelo H de alta pot\u00eancia, &nbsp;fabricados em tubo mec\u00e2nico industrial<br \/><\/font><\/li>\n<li><font face=\"Arial\">Registros em lat\u00e3o para controle de chama : m\u00e1ximo \/ m\u00ednimo<br \/><\/font><\/li>\n<li><font face=\"Arial\">Alimenta\u00e7\u00e3o de g\u00e1s : GLP ou NATURAL (g\u00e1s de rua)<br \/><\/font><\/li>\n<li><font face=\"Arial\">Fundo em a\u00e7o inox<br \/><\/font><\/li>\n<li><font face=\"Arial\">Gaveta coletora de detritos em a\u00e7o inox<br \/><\/font><\/li>\n<li><font face=\"Arial\">P\u00e9s regul\u00e1veis<\/font><\/li>\n<\/ul>\n","protected":false},"excerpt":{"rendered":"<p>Fabricada em a\u00e7o inox escovado \u00c1rea de fritura em chapa de a\u00e7o SAE 1020 tratada, soldada no sistema MIG para evitar vazamentos Queimadores modelo H de alta pot\u00eancia, &nbsp;fabricados em tubo mec\u00e2nico industrial Registros em lat\u00e3o para controle de chama : m\u00e1ximo \/ m\u00ednimo Alimenta\u00e7\u00e3o de g\u00e1s : GLP ou NATURAL (g\u00e1s de rua) Fundo [&hellip;]<\/p>\n","protected":false},"featured_media":11035,"comment_status":"open","ping_status":"closed","template":"","meta":[],"product_brand":[],"product_cat":[300],"product_tag":[],"class_list":{"0":"post-11036","1":"product","2":"type-product","3":"status-publish","4":"has-post-thumbnail","6":"product_cat-chapa-char-broiler","8":"first","9":"instock","10":"shipping-taxable","11":"purchasable","12":"product-type-simple"},"_links":{"self":[{"href":"https:\/\/twsites.com.br\/novomigcenter\/index.php?rest_route=\/wp\/v2\/product\/11036","targetHints":{"allow":["GET"]}}],"collection":[{"href":"https:\/\/twsites.com.br\/novomigcenter\/index.php?rest_route=\/wp\/v2\/product"}],"about":[{"href":"https:\/\/twsites.com.br\/novomigcenter\/index.php?rest_route=\/wp\/v2\/types\/product"}],"replies":[{"embeddable":true,"href":"https:\/\/twsites.com.br\/novomigcenter\/index.php?rest_route=%2Fwp%2Fv2%2Fcomments&post=11036"}],"wp:featuredmedia":[{"embeddable":true,"href":"https:\/\/twsites.com.br\/novomigcenter\/index.php?rest_route=\/wp\/v2\/media\/11035"}],"wp:attachment":[{"href":"https:\/\/twsites.com.br\/novomigcenter\/index.php?rest_route=%2Fwp%2Fv2%2Fmedia&parent=11036"}],"wp:term":[{"taxonomy":"product_brand","embeddable":true,"href":"https:\/\/twsites.com.br\/novomigcenter\/index.php?rest_route=%2Fwp%2Fv2%2Fproduct_brand&post=11036"},{"taxonomy":"product_cat","embeddable":true,"href":"https:\/\/twsites.com.br\/novomigcenter\/index.php?rest_route=%2Fwp%2Fv2%2Fproduct_cat&post=11036"},{"taxonomy":"product_tag","embeddable":true,"href":"https:\/\/twsites.com.br\/novomigcenter\/index.php?rest_route=%2Fwp%2Fv2%2Fproduct_tag&post=11036"}],"curies":[{"name":"wp","href":"https:\/\/api.w.org\/{rel}","templated":true}]}}