{"id":11038,"date":"2017-02-14T10:47:55","date_gmt":"2017-02-14T10:47:55","guid":{"rendered":"https:\/\/twsites.com.br\/novomigcenter\/?product=char-broiler-grelha-a-gas-cg-80-fire"},"modified":"2017-02-14T10:47:55","modified_gmt":"2017-02-14T10:47:55","slug":"char-broiler-grelha-a-gas-cg-80-fire","status":"publish","type":"product","link":"https:\/\/twsites.com.br\/novomigcenter\/?product=char-broiler-grelha-a-gas-cg-80-fire","title":{"rendered":"CHAR BROILER &#8211; GRELHA A G\u00c1S &#8211; CG\/80 &#8211; FIRE"},"content":{"rendered":"<p><span style=\"font-weight: bold;\">Descri\u00e7\u00e3o do Produto<\/span><\/p>\n<p>Esta grelha utiliza pedras transmissoras de calor com o objetivo de reduzir a fuma\u00e7a, proporcionando textura e sabor especial \u00e0s carnes, mantendo o sumo e suas propriedades prote\u00ednicas, eliminando o excesso de gorduras e colesterol, o que n\u00e3o ocorre no sistema de frituras habituais.<\/p>\n<\/p>\n<\/p>\n<ul style=\"box-sizing: border-box; margin-top: 0px; margin-bottom: 8.5px;\">\n<li style=\"box-sizing: border-box;\">Fabricada em a\u00e7o inox escovado<br style=\"box-sizing: border-box;\"><\/li>\n<li style=\"box-sizing: border-box;\">Grelha superior fabricada em a\u00e7o inox jateado<br style=\"box-sizing: border-box;\"><\/li>\n<li style=\"box-sizing: border-box;\">Grelha inferior fabricada em a\u00e7o carbono e pintada em alum\u00ednio 500\u00baC<br style=\"box-sizing: border-box;\"><\/li>\n<li style=\"box-sizing: border-box;\">Queimadores modelo H de alta pot\u00eancia, fabricados em tubo mec\u00e2nico ind\u00fastrial<br style=\"box-sizing: border-box;\"><\/li>\n<li style=\"box-sizing: border-box;\">Registros em lat\u00e3o para controle de chama : m\u00e1ximo \/ m\u00ednimo<br style=\"box-sizing: border-box;\"><\/li>\n<li style=\"box-sizing: border-box;\">Alimenta\u00e7\u00e3o de g\u00e1s : GLP ou NATURAL (g\u00e1s de rua)&nbsp;<br style=\"box-sizing: border-box;\"><\/li>\n<li style=\"box-sizing: border-box;\">Possui gaveta coletora de gordura e bandeja aparadora de detritos em a\u00e7o inox<br style=\"box-sizing: border-box;\"><\/li>\n<li style=\"box-sizing: border-box;\">Utiliza pedras transmissoras de calor, com o objetivo de reduzir a fuma\u00e7a<br style=\"box-sizing: border-box;\"><\/li>\n<\/ul>\n","protected":false},"excerpt":{"rendered":"<p>Descri\u00e7\u00e3o do Produto Esta grelha utiliza pedras transmissoras de calor com o objetivo de reduzir a fuma\u00e7a, proporcionando textura e sabor especial \u00e0s carnes, mantendo o sumo e suas propriedades prote\u00ednicas, eliminando o excesso de gorduras e colesterol, o que n\u00e3o ocorre no sistema de frituras habituais. Fabricada em a\u00e7o inox escovado Grelha superior fabricada [&hellip;]<\/p>\n","protected":false},"featured_media":11037,"comment_status":"open","ping_status":"closed","template":"","meta":[],"product_brand":[],"product_cat":[300],"product_tag":[],"class_list":{"0":"post-11038","1":"product","2":"type-product","3":"status-publish","4":"has-post-thumbnail","6":"product_cat-chapa-char-broiler","8":"first","9":"instock","10":"shipping-taxable","11":"purchasable","12":"product-type-simple"},"_links":{"self":[{"href":"https:\/\/twsites.com.br\/novomigcenter\/index.php?rest_route=\/wp\/v2\/product\/11038","targetHints":{"allow":["GET"]}}],"collection":[{"href":"https:\/\/twsites.com.br\/novomigcenter\/index.php?rest_route=\/wp\/v2\/product"}],"about":[{"href":"https:\/\/twsites.com.br\/novomigcenter\/index.php?rest_route=\/wp\/v2\/types\/product"}],"replies":[{"embeddable":true,"href":"https:\/\/twsites.com.br\/novomigcenter\/index.php?rest_route=%2Fwp%2Fv2%2Fcomments&post=11038"}],"wp:featuredmedia":[{"embeddable":true,"href":"https:\/\/twsites.com.br\/novomigcenter\/index.php?rest_route=\/wp\/v2\/media\/11037"}],"wp:attachment":[{"href":"https:\/\/twsites.com.br\/novomigcenter\/index.php?rest_route=%2Fwp%2Fv2%2Fmedia&parent=11038"}],"wp:term":[{"taxonomy":"product_brand","embeddable":true,"href":"https:\/\/twsites.com.br\/novomigcenter\/index.php?rest_route=%2Fwp%2Fv2%2Fproduct_brand&post=11038"},{"taxonomy":"product_cat","embeddable":true,"href":"https:\/\/twsites.com.br\/novomigcenter\/index.php?rest_route=%2Fwp%2Fv2%2Fproduct_cat&post=11038"},{"taxonomy":"product_tag","embeddable":true,"href":"https:\/\/twsites.com.br\/novomigcenter\/index.php?rest_route=%2Fwp%2Fv2%2Fproduct_tag&post=11038"}],"curies":[{"name":"wp","href":"https:\/\/api.w.org\/{rel}","templated":true}]}}