{"id":11040,"date":"2017-02-14T11:08:57","date_gmt":"2017-02-14T11:08:57","guid":{"rendered":"https:\/\/twsites.com.br\/novomigcenter\/?product=prensa-chapa-marchesoni"},"modified":"2017-02-14T11:08:57","modified_gmt":"2017-02-14T11:08:57","slug":"prensa-chapa-marchesoni","status":"publish","type":"product","link":"https:\/\/twsites.com.br\/novomigcenter\/?product=prensa-chapa-marchesoni","title":{"rendered":"Prensa Chapas &#8211; Marchesoni"},"content":{"rendered":"<p>As Chapas Marchesoni destacam-se pelo \u00f3timo acabamento, desempenho e durabilidade.<\/p>\n<p>S\u00e3o chapas com estrutura refor\u00e7ada em a\u00e7o inox, queimadores em alum\u00ednio e p\u00e9s regul\u00e1veis em todos os modelos.<\/p>\n<p>Juntamente com as consagradas linhas Churrasqueiras, que possuem o melhor custo benef\u00edcio do mercado e a Linha Profissional, mais robusta e adequada para o trabalho pesado, a Marchesoni apresenta a Linha Profissional Premium: a sofistica\u00e7\u00e3o em chapas a g\u00e1s.<\/p>\n<p><\/p>\n<\/p>\n<\/p>\n<ul style=\"box-sizing: border-box; margin-top: 0px; margin-bottom: 8.5px;\">\n<li style=\"box-sizing: border-box;\">Bot\u00e3o para regulagem da chama<br style=\"box-sizing: border-box;\"><\/li>\n<li style=\"box-sizing: border-box;\">Visor de chama<br style=\"box-sizing: border-box;\"><\/li>\n<li style=\"box-sizing: border-box;\">Gaveta de \u00f3leo<br style=\"box-sizing: border-box;\"><\/li>\n<li style=\"box-sizing: border-box;\">Queimadores em alum\u00ednio<br style=\"box-sizing: border-box;\"><\/li>\n<li style=\"box-sizing: border-box;\">P\u00e9s regul\u00e1veis<\/li>\n<\/ul>\n","protected":false},"excerpt":{"rendered":"<p>As Chapas Marchesoni destacam-se pelo \u00f3timo acabamento, desempenho e durabilidade. S\u00e3o chapas com estrutura refor\u00e7ada em a\u00e7o inox, queimadores em alum\u00ednio e p\u00e9s regul\u00e1veis em todos os modelos. Juntamente com as consagradas linhas Churrasqueiras, que possuem o melhor custo benef\u00edcio do mercado e a Linha Profissional, mais robusta e adequada para o trabalho pesado, a [&hellip;]<\/p>\n","protected":false},"featured_media":11039,"comment_status":"open","ping_status":"closed","template":"","meta":[],"product_brand":[],"product_cat":[300],"product_tag":[],"class_list":{"0":"post-11040","1":"product","2":"type-product","3":"status-publish","4":"has-post-thumbnail","6":"product_cat-chapa-char-broiler","8":"first","9":"instock","10":"shipping-taxable","11":"purchasable","12":"product-type-simple"},"_links":{"self":[{"href":"https:\/\/twsites.com.br\/novomigcenter\/index.php?rest_route=\/wp\/v2\/product\/11040","targetHints":{"allow":["GET"]}}],"collection":[{"href":"https:\/\/twsites.com.br\/novomigcenter\/index.php?rest_route=\/wp\/v2\/product"}],"about":[{"href":"https:\/\/twsites.com.br\/novomigcenter\/index.php?rest_route=\/wp\/v2\/types\/product"}],"replies":[{"embeddable":true,"href":"https:\/\/twsites.com.br\/novomigcenter\/index.php?rest_route=%2Fwp%2Fv2%2Fcomments&post=11040"}],"wp:featuredmedia":[{"embeddable":true,"href":"https:\/\/twsites.com.br\/novomigcenter\/index.php?rest_route=\/wp\/v2\/media\/11039"}],"wp:attachment":[{"href":"https:\/\/twsites.com.br\/novomigcenter\/index.php?rest_route=%2Fwp%2Fv2%2Fmedia&parent=11040"}],"wp:term":[{"taxonomy":"product_brand","embeddable":true,"href":"https:\/\/twsites.com.br\/novomigcenter\/index.php?rest_route=%2Fwp%2Fv2%2Fproduct_brand&post=11040"},{"taxonomy":"product_cat","embeddable":true,"href":"https:\/\/twsites.com.br\/novomigcenter\/index.php?rest_route=%2Fwp%2Fv2%2Fproduct_cat&post=11040"},{"taxonomy":"product_tag","embeddable":true,"href":"https:\/\/twsites.com.br\/novomigcenter\/index.php?rest_route=%2Fwp%2Fv2%2Fproduct_tag&post=11040"}],"curies":[{"name":"wp","href":"https:\/\/api.w.org\/{rel}","templated":true}]}}