{"id":11048,"date":"2017-02-14T14:13:30","date_gmt":"2017-02-14T14:13:30","guid":{"rendered":"https:\/\/twsites.com.br\/novomigcenter\/?product=chapa-ch-1-083-marchesoni"},"modified":"2017-02-14T14:13:30","modified_gmt":"2017-02-14T14:13:30","slug":"chapa-ch-1-083-marchesoni","status":"publish","type":"product","link":"https:\/\/twsites.com.br\/novomigcenter\/?product=chapa-ch-1-083-marchesoni","title":{"rendered":"Chapa Comercial CH.1.083 &#8211; Marchesoni"},"content":{"rendered":"<p><span style=\"font-weight: bold; font-size: 14px;\"><font face=\"Arial\">Descri\u00e7\u00e3o do Produto<\/font><\/span><\/p>\n<\/p>\n<\/p>\n<ul style=\"box-sizing: border-box; margin-top: 0px; margin-bottom: 8.5px;\">\n<li style=\"box-sizing: border-box;\"><font face=\"Arial\"><span style=\"font-size: 14px;\">Estrutura em a\u00e7o inoxid\u00e1vel escovado;<\/span><br style=\"box-sizing: border-box;\"><\/font><\/li>\n<li style=\"box-sizing: border-box;\"><font face=\"Arial\"><span style=\"font-size: 14px;\">Queimadores em alum\u00ednio tubular;<\/span><br style=\"box-sizing: border-box;\"><\/font><\/li>\n<li style=\"box-sizing: border-box;\"><font face=\"Arial\"><span style=\"font-size: 14px;\">P\u00e9s em borracha, niveladores anti-derrapantes;<\/span><br style=\"box-sizing: border-box;\"><\/font><\/li>\n<li style=\"box-sizing: border-box;\"><font face=\"Arial\"><span style=\"font-size: 14px;\">Chapa de fritura em a\u00e7o 1020;<\/span><br style=\"box-sizing: border-box;\"><\/font><\/li>\n<li style=\"box-sizing: border-box;\"><font face=\"Arial\"><span style=\"font-size: 14px;\">Injetores regul\u00e1veis;<\/span><br style=\"box-sizing: border-box;\"><\/font><\/li>\n<li style=\"box-sizing: border-box;\"><font face=\"Arial\"><span style=\"font-size: 14px;\">Prensa em a\u00e7o inox opcional;<\/span><br style=\"box-sizing: border-box;\"><\/font><\/li>\n<li style=\"box-sizing: border-box;\"><font face=\"Arial\"><span style=\"font-size: 14px;\">Ideal para o preparo de lanches;<\/span><br style=\"box-sizing: border-box;\"><\/font><\/li>\n<li style=\"box-sizing: border-box;\"><font face=\"Arial\"><span style=\"font-size: 14px;\">Indicado para Lanchonetes, Bares, Padarias, Restaurantes, Hot\u00e9is e Pousadas e Servi\u00e7os de Alimenta\u00e7\u00e3o em geral.<\/span><\/font><\/li>\n<\/ul>\n","protected":false},"excerpt":{"rendered":"<p>Descri\u00e7\u00e3o do Produto Estrutura em a\u00e7o inoxid\u00e1vel escovado; Queimadores em alum\u00ednio tubular; P\u00e9s em borracha, niveladores anti-derrapantes; Chapa de fritura em a\u00e7o 1020; Injetores regul\u00e1veis; Prensa em a\u00e7o inox opcional; Ideal para o preparo de lanches; Indicado para Lanchonetes, Bares, Padarias, Restaurantes, Hot\u00e9is e Pousadas e Servi\u00e7os de Alimenta\u00e7\u00e3o em geral.<\/p>\n","protected":false},"featured_media":11047,"comment_status":"open","ping_status":"closed","template":"","meta":[],"product_brand":[],"product_cat":[300],"product_tag":[],"class_list":{"0":"post-11048","1":"product","2":"type-product","3":"status-publish","4":"has-post-thumbnail","6":"product_cat-chapa-char-broiler","8":"first","9":"instock","10":"shipping-taxable","11":"purchasable","12":"product-type-simple"},"_links":{"self":[{"href":"https:\/\/twsites.com.br\/novomigcenter\/index.php?rest_route=\/wp\/v2\/product\/11048","targetHints":{"allow":["GET"]}}],"collection":[{"href":"https:\/\/twsites.com.br\/novomigcenter\/index.php?rest_route=\/wp\/v2\/product"}],"about":[{"href":"https:\/\/twsites.com.br\/novomigcenter\/index.php?rest_route=\/wp\/v2\/types\/product"}],"replies":[{"embeddable":true,"href":"https:\/\/twsites.com.br\/novomigcenter\/index.php?rest_route=%2Fwp%2Fv2%2Fcomments&post=11048"}],"wp:featuredmedia":[{"embeddable":true,"href":"https:\/\/twsites.com.br\/novomigcenter\/index.php?rest_route=\/wp\/v2\/media\/11047"}],"wp:attachment":[{"href":"https:\/\/twsites.com.br\/novomigcenter\/index.php?rest_route=%2Fwp%2Fv2%2Fmedia&parent=11048"}],"wp:term":[{"taxonomy":"product_brand","embeddable":true,"href":"https:\/\/twsites.com.br\/novomigcenter\/index.php?rest_route=%2Fwp%2Fv2%2Fproduct_brand&post=11048"},{"taxonomy":"product_cat","embeddable":true,"href":"https:\/\/twsites.com.br\/novomigcenter\/index.php?rest_route=%2Fwp%2Fv2%2Fproduct_cat&post=11048"},{"taxonomy":"product_tag","embeddable":true,"href":"https:\/\/twsites.com.br\/novomigcenter\/index.php?rest_route=%2Fwp%2Fv2%2Fproduct_tag&post=11048"}],"curies":[{"name":"wp","href":"https:\/\/api.w.org\/{rel}","templated":true}]}}