{"id":11050,"date":"2017-02-14T17:23:16","date_gmt":"2017-02-14T17:23:16","guid":{"rendered":"https:\/\/twsites.com.br\/novomigcenter\/?product=mes-25-gastromaq"},"modified":"2017-02-14T17:23:16","modified_gmt":"2017-02-14T17:23:16","slug":"mes-25-gastromaq","status":"publish","type":"product","link":"https:\/\/twsites.com.br\/novomigcenter\/?product=mes-25-gastromaq","title":{"rendered":"Amassadeira Espiral 25L &#8211; Gastromaq"},"content":{"rendered":"<p style=\"text-align: justify; \"><span style=\"font-weight: bold;\"><br \/><\/span><\/p>\n<p style=\"text-align: justify; \"><span style=\"font-weight: bold; font-size: 14px;\"><font face=\"Arial\">Caracter\u00edsticas<\/font><\/span><\/p>\n<p style=\"text-align: justify; \"><span style=\"font-weight: bold;\"><font face=\"Arial\"><br \/><\/font><\/span><\/p>\n<p style=\"text-align: justify;\"><font face=\"Arial\"><span style=\"font-size: 14px;\">Masseiras destinadas a amassar, misturar e sovar massas m\u00e9dias e pesadas, destinadas a padarias de pequeno e grande porte proporcionando massadas sequenciais de 12 em 12 minutos. S\u00e3o equipadas com grade frontal de seguran\u00e7a impedindo o acesso do usu\u00e1rio nas partes m\u00f3veis do equipamento, atendendo as normas do Minist\u00e9rio do Trabalho e possuindo design avan\u00e7ado sem prejudicar sua funcionabilidade. A fixa\u00e7\u00e3o da tampa \u00e9 feita de forma in\u00e9dita que al\u00e9m de melhorar a est\u00e9tica do produto proporciona um eficiente sistema de fechamento isento de interfer\u00eancia de vibra\u00e7\u00f5es oriundas do motor ou do ambiente externo colocando o equipamento a frente em quest\u00e3o de seguran\u00e7a e higiene.<\/span><br \/><\/font><\/p>\n<p><span style=\"font-weight: bold; font-size: 14px;\"><font face=\"Arial\">Especifica\u00e7\u00f5es T\u00e9cnicas<\/font><\/span><\/p>\n<table class=\"table table-bordered\" style=\"background-color: rgb(255, 255, 255); width: 1440px;\">\n<tbody>\n<tr>\n<td>CAPACIDADE<\/td>\n<td>2,5 at\u00e9 25Kg de massa pronta<\/td>\n<\/tr>\n<tr>\n<td>POT\u00caNCIA<\/td>\n<td>2,0 Cv monof\u00e1sico e trif\u00e1sico<\/td>\n<\/tr>\n<tr>\n<td>CONSUMO<\/td>\n<td>1,50 Kw\/h<\/td>\n<\/tr>\n<tr>\n<td>PESO<\/td>\n<td>123 Kg<\/td>\n<\/tr>\n<tr>\n<td>DIMENS\u00d5ES (alt. x larg. x comp.)<\/td>\n<td>875x325x865mm<\/td>\n<\/tr>\n<\/tbody>\n<\/table>\n","protected":false},"excerpt":{"rendered":"<p>Caracter\u00edsticas Masseiras destinadas a amassar, misturar e sovar massas m\u00e9dias e pesadas, destinadas a padarias de pequeno e grande porte proporcionando massadas sequenciais de 12 em 12 minutos. S\u00e3o equipadas com grade frontal de seguran\u00e7a impedindo o acesso do usu\u00e1rio nas partes m\u00f3veis do equipamento, atendendo as normas do Minist\u00e9rio do Trabalho e possuindo design [&hellip;]<\/p>\n","protected":false},"featured_media":11049,"comment_status":"open","ping_status":"closed","template":"","meta":[],"product_brand":[],"product_cat":[334],"product_tag":[],"class_list":{"0":"post-11050","1":"product","2":"type-product","3":"status-publish","4":"has-post-thumbnail","6":"product_cat-amassadeira-espiral","8":"first","9":"instock","10":"shipping-taxable","11":"purchasable","12":"product-type-simple"},"_links":{"self":[{"href":"https:\/\/twsites.com.br\/novomigcenter\/index.php?rest_route=\/wp\/v2\/product\/11050","targetHints":{"allow":["GET"]}}],"collection":[{"href":"https:\/\/twsites.com.br\/novomigcenter\/index.php?rest_route=\/wp\/v2\/product"}],"about":[{"href":"https:\/\/twsites.com.br\/novomigcenter\/index.php?rest_route=\/wp\/v2\/types\/product"}],"replies":[{"embeddable":true,"href":"https:\/\/twsites.com.br\/novomigcenter\/index.php?rest_route=%2Fwp%2Fv2%2Fcomments&post=11050"}],"wp:featuredmedia":[{"embeddable":true,"href":"https:\/\/twsites.com.br\/novomigcenter\/index.php?rest_route=\/wp\/v2\/media\/11049"}],"wp:attachment":[{"href":"https:\/\/twsites.com.br\/novomigcenter\/index.php?rest_route=%2Fwp%2Fv2%2Fmedia&parent=11050"}],"wp:term":[{"taxonomy":"product_brand","embeddable":true,"href":"https:\/\/twsites.com.br\/novomigcenter\/index.php?rest_route=%2Fwp%2Fv2%2Fproduct_brand&post=11050"},{"taxonomy":"product_cat","embeddable":true,"href":"https:\/\/twsites.com.br\/novomigcenter\/index.php?rest_route=%2Fwp%2Fv2%2Fproduct_cat&post=11050"},{"taxonomy":"product_tag","embeddable":true,"href":"https:\/\/twsites.com.br\/novomigcenter\/index.php?rest_route=%2Fwp%2Fv2%2Fproduct_tag&post=11050"}],"curies":[{"name":"wp","href":"https:\/\/api.w.org\/{rel}","templated":true}]}}