{"id":11056,"date":"2017-02-15T10:15:47","date_gmt":"2017-02-15T10:15:47","guid":{"rendered":"https:\/\/twsites.com.br\/novomigcenter\/?product=amassadeira-espiral-ae-10-l-g-paniz"},"modified":"2017-02-15T10:15:47","modified_gmt":"2017-02-15T10:15:47","slug":"amassadeira-espiral-ae-10-l-g-paniz","status":"publish","type":"product","link":"https:\/\/twsites.com.br\/novomigcenter\/?product=amassadeira-espiral-ae-10-l-g-paniz","title":{"rendered":"Amassadeira Espiral AE 10 L &#8211; G.Paniz"},"content":{"rendered":"<p><span style=\"font-weight: bold; font-size: 14px;\"><font face=\"Arial\">Descri\u00e7\u00e3o do Produto<\/font><\/span><\/p>\n<p><font face=\"Arial\"><span style=\"font-size: 14px;\">Para preparar todos os tipos de massa em pizzarias, cozinhas industriais, hot\u00e9is, panificadores e similares.&nbsp;<\/span><\/font><\/p>\n<p><font face=\"Arial\"><span style=\"font-weight: bold; font-size: 14px;\">Caracter\u00edsticas<\/span><span style=\"font-size: 14px;\">&nbsp;<\/span><\/font><\/p>\n<p><font face=\"Arial\"><span style=\"font-size: 14px;\">&#8211; Eficiente, r\u00e1pida e econ\u00f4mica, pr\u00f3pria para trabalho constante&nbsp;<\/span><\/font><\/p>\n<p><font face=\"Arial\"><span style=\"font-size: 14px;\">&#8211; Corpo em a\u00e7o SAE 1020&nbsp;<\/span><\/font><\/p>\n<p><font face=\"Arial\"><span style=\"font-size: 14px;\">&#8211; Cuba em a\u00e7o inoxid\u00e1vel&nbsp;<\/span><\/font><\/p>\n<p><font face=\"Arial\"><span style=\"font-size: 14px;\">&#8211; Grades de prote\u00e7\u00e3o cromada&nbsp;<\/span><\/font><\/p>\n<p><font face=\"Arial\"><span style=\"font-size: 14px;\">&#8211; Maior durabilidade: mancais monobloco tipo flange e rolamentos autocompensadores&nbsp;<\/span><\/font><\/p>\n<p><font face=\"Arial\"><span style=\"font-size: 14px;\">&#8211; Engrenagens em a\u00e7o SAE 1020, com correntes tipo ASA 40 de a\u00e7o temperado&nbsp;<\/span><\/font><\/p>\n<p><font face=\"Arial\"><span style=\"font-size: 14px;\">&#8211; Espirais em ferro fundido com banho de estanho&nbsp;<\/span><\/font><\/p>\n<p><font face=\"Arial\"><span style=\"font-size: 14px;\">&#8211; Acabamento de alta resist\u00eancia em pintura ep\u00f3xi<\/span><\/font><\/p>\n<p><span style=\"font-weight: bold;\"><br \/><\/span><\/p>\n<p><span style=\"font-weight: bold;\">Especifica\u00e7\u00f5es<\/span><\/p>\n<table class=\"table table-bordered\" style=\"background-color: rgb(255, 255, 255); width: 1440px;\">\n<tbody>\n<tr>\n<td>CAPACIDADE<\/td>\n<td>10 Kg de massa pronta&nbsp;<\/td>\n<\/tr>\n<tr>\n<td>POT\u00caNCIA MONOF\u00c1SICA<\/td>\n<td>1,0 Cv&nbsp;<\/td>\n<\/tr>\n<tr>\n<td>VELOCIDADE<\/td>\n<td>180 RPM<\/td>\n<\/tr>\n<tr>\n<td>PESO LIQUIDO<\/td>\n<td>53 Kg&nbsp;<\/td>\n<\/tr>\n<tr>\n<td>DIMENS\u00d5ES (A x L xC)<\/td>\n<td>640 x 390 x 730 mm<\/td>\n<\/tr>\n<\/tbody>\n<\/table>\n","protected":false},"excerpt":{"rendered":"<p>Descri\u00e7\u00e3o do Produto Para preparar todos os tipos de massa em pizzarias, cozinhas industriais, hot\u00e9is, panificadores e similares.&nbsp; Caracter\u00edsticas&nbsp; &#8211; Eficiente, r\u00e1pida e econ\u00f4mica, pr\u00f3pria para trabalho constante&nbsp; &#8211; Corpo em a\u00e7o SAE 1020&nbsp; &#8211; Cuba em a\u00e7o inoxid\u00e1vel&nbsp; &#8211; Grades de prote\u00e7\u00e3o cromada&nbsp; &#8211; Maior durabilidade: mancais monobloco tipo flange e rolamentos autocompensadores&nbsp; &#8211; [&hellip;]<\/p>\n","protected":false},"featured_media":11055,"comment_status":"open","ping_status":"closed","template":"","meta":[],"product_brand":[],"product_cat":[334],"product_tag":[],"class_list":{"0":"post-11056","1":"product","2":"type-product","3":"status-publish","4":"has-post-thumbnail","6":"product_cat-amassadeira-espiral","8":"first","9":"instock","10":"shipping-taxable","11":"purchasable","12":"product-type-simple"},"_links":{"self":[{"href":"https:\/\/twsites.com.br\/novomigcenter\/index.php?rest_route=\/wp\/v2\/product\/11056","targetHints":{"allow":["GET"]}}],"collection":[{"href":"https:\/\/twsites.com.br\/novomigcenter\/index.php?rest_route=\/wp\/v2\/product"}],"about":[{"href":"https:\/\/twsites.com.br\/novomigcenter\/index.php?rest_route=\/wp\/v2\/types\/product"}],"replies":[{"embeddable":true,"href":"https:\/\/twsites.com.br\/novomigcenter\/index.php?rest_route=%2Fwp%2Fv2%2Fcomments&post=11056"}],"wp:featuredmedia":[{"embeddable":true,"href":"https:\/\/twsites.com.br\/novomigcenter\/index.php?rest_route=\/wp\/v2\/media\/11055"}],"wp:attachment":[{"href":"https:\/\/twsites.com.br\/novomigcenter\/index.php?rest_route=%2Fwp%2Fv2%2Fmedia&parent=11056"}],"wp:term":[{"taxonomy":"product_brand","embeddable":true,"href":"https:\/\/twsites.com.br\/novomigcenter\/index.php?rest_route=%2Fwp%2Fv2%2Fproduct_brand&post=11056"},{"taxonomy":"product_cat","embeddable":true,"href":"https:\/\/twsites.com.br\/novomigcenter\/index.php?rest_route=%2Fwp%2Fv2%2Fproduct_cat&post=11056"},{"taxonomy":"product_tag","embeddable":true,"href":"https:\/\/twsites.com.br\/novomigcenter\/index.php?rest_route=%2Fwp%2Fv2%2Fproduct_tag&post=11056"}],"curies":[{"name":"wp","href":"https:\/\/api.w.org\/{rel}","templated":true}]}}