{"id":11062,"date":"2017-02-15T11:19:34","date_gmt":"2017-02-15T11:19:34","guid":{"rendered":"https:\/\/twsites.com.br\/novomigcenter\/?product=ae-40l-g-paniz"},"modified":"2017-02-15T11:19:34","modified_gmt":"2017-02-15T11:19:34","slug":"ae-40l-g-paniz","status":"publish","type":"product","link":"https:\/\/twsites.com.br\/novomigcenter\/?product=ae-40l-g-paniz","title":{"rendered":"Amassadeira Espiral AE 40 L &#8211; G.Paniz"},"content":{"rendered":"<p><span style=\"font-weight: bold;\">Descri\u00e7\u00e3o do Produto<\/span><\/p>\n<p>Para preparar todos os tipos de massas em pizzarias, cozinhas industriais, hot\u00e9is, panificadoras e similares&nbsp;<\/p>\n<p>&#8211; Eficiente r\u00e1pida e econ\u00f4mica, pr\u00f3pria para trabalho constante.&nbsp;<\/p>\n<p>&#8211; Corpo em a\u00e7o SAE 1020&nbsp;<\/p>\n<p>&#8211; Cuba em a\u00e7o inoxid\u00e1vel.&nbsp;<\/p>\n<p>&#8211; Grades de prote\u00e7\u00e3o em pintura ep\u00f3xi&nbsp;<\/p>\n<p>&#8211; Maior durabilidade: mancais monobloco tipo flange e rolamentos autocompensadores&nbsp;<\/p>\n<p>&#8211; Engrenagens em a\u00e7o SAE 1020, com correntes tipo ASA 40 de a\u00e7o temperado.&nbsp;<\/p>\n<p>&#8211; Espirais em ferro fundido com banho de estanho&nbsp;<\/p>\n<p>&#8211; Acabamento de alta resist\u00eancia em pintura ep\u00f3xi<\/p>\n<p><\/p>\n<p><span style=\"font-weight: bold;\">Especifica\u00e7\u00f5es<\/span><\/p>\n<p><span style=\"font-weight: bold;\"><br \/><\/span><\/p>\n<table class=\"table table-bordered\" style=\"background-color: rgb(255, 255, 255); width: 1440px;\">\n<tbody>\n<tr>\n<td>CAPACIDADE<\/td>\n<td>40 Kg de massa pronta<\/td>\n<\/tr>\n<tr>\n<td>POT\u00caNCIA MONOF\u00c1SICA<\/td>\n<td>3,0 Cv<\/td>\n<\/tr>\n<tr>\n<td>POT\u00caNCIA TRIF\u00c1SICA<\/td>\n<td>2,5\/4,0 Cv<\/td>\n<\/tr>\n<tr>\n<td>VELOCIDADE<\/td>\n<td>242 RPM<\/td>\n<\/tr>\n<tr>\n<td>PESO LIQUIDO<\/td>\n<td>261 Kg<\/td>\n<\/tr>\n<tr>\n<td>PESO BRUTO<\/td>\n<td>290 Kg<\/td>\n<\/tr>\n<tr>\n<td>DIMENS\u00d5ES (A x L x C)<\/td>\n<td>1270 x 620 x 1200mm<\/td>\n<\/tr>\n<\/tbody>\n<\/table>\n","protected":false},"excerpt":{"rendered":"<p>Descri\u00e7\u00e3o do Produto Para preparar todos os tipos de massas em pizzarias, cozinhas industriais, hot\u00e9is, panificadoras e similares&nbsp; &#8211; Eficiente r\u00e1pida e econ\u00f4mica, pr\u00f3pria para trabalho constante.&nbsp; &#8211; Corpo em a\u00e7o SAE 1020&nbsp; &#8211; Cuba em a\u00e7o inoxid\u00e1vel.&nbsp; &#8211; Grades de prote\u00e7\u00e3o em pintura ep\u00f3xi&nbsp; &#8211; Maior durabilidade: mancais monobloco tipo flange e rolamentos autocompensadores&nbsp; [&hellip;]<\/p>\n","protected":false},"featured_media":11061,"comment_status":"open","ping_status":"closed","template":"","meta":[],"product_brand":[],"product_cat":[334],"product_tag":[],"class_list":{"0":"post-11062","1":"product","2":"type-product","3":"status-publish","4":"has-post-thumbnail","6":"product_cat-amassadeira-espiral","8":"first","9":"instock","10":"shipping-taxable","11":"purchasable","12":"product-type-simple"},"_links":{"self":[{"href":"https:\/\/twsites.com.br\/novomigcenter\/index.php?rest_route=\/wp\/v2\/product\/11062","targetHints":{"allow":["GET"]}}],"collection":[{"href":"https:\/\/twsites.com.br\/novomigcenter\/index.php?rest_route=\/wp\/v2\/product"}],"about":[{"href":"https:\/\/twsites.com.br\/novomigcenter\/index.php?rest_route=\/wp\/v2\/types\/product"}],"replies":[{"embeddable":true,"href":"https:\/\/twsites.com.br\/novomigcenter\/index.php?rest_route=%2Fwp%2Fv2%2Fcomments&post=11062"}],"wp:featuredmedia":[{"embeddable":true,"href":"https:\/\/twsites.com.br\/novomigcenter\/index.php?rest_route=\/wp\/v2\/media\/11061"}],"wp:attachment":[{"href":"https:\/\/twsites.com.br\/novomigcenter\/index.php?rest_route=%2Fwp%2Fv2%2Fmedia&parent=11062"}],"wp:term":[{"taxonomy":"product_brand","embeddable":true,"href":"https:\/\/twsites.com.br\/novomigcenter\/index.php?rest_route=%2Fwp%2Fv2%2Fproduct_brand&post=11062"},{"taxonomy":"product_cat","embeddable":true,"href":"https:\/\/twsites.com.br\/novomigcenter\/index.php?rest_route=%2Fwp%2Fv2%2Fproduct_cat&post=11062"},{"taxonomy":"product_tag","embeddable":true,"href":"https:\/\/twsites.com.br\/novomigcenter\/index.php?rest_route=%2Fwp%2Fv2%2Fproduct_tag&post=11062"}],"curies":[{"name":"wp","href":"https:\/\/api.w.org\/{rel}","templated":true}]}}