{"id":11066,"date":"2017-02-15T11:47:10","date_gmt":"2017-02-15T11:47:10","guid":{"rendered":"https:\/\/twsites.com.br\/novomigcenter\/?product=ae-80-l-gpaniz"},"modified":"2017-02-15T11:47:10","modified_gmt":"2017-02-15T11:47:10","slug":"ae-80-l-gpaniz","status":"publish","type":"product","link":"https:\/\/twsites.com.br\/novomigcenter\/?product=ae-80-l-gpaniz","title":{"rendered":"Amassadeira Espiral AE 80L &#8211; G.Paniz"},"content":{"rendered":"<p><span style=\"font-weight: bold;\">Descri\u00e7\u00e3o do Produto<\/span><\/p>\n<p>Para preparar todos os tipos de massas em pizzarias, cozinhas industriais, hot\u00e9is, panificadoras e similares.&nbsp;<\/p>\n<p>&#8211; Eficiente , r\u00e1pida e econ\u00f4mica, pr\u00f3pria para trabalhos constantes&nbsp;<\/p>\n<p>&#8211; Corpo em a\u00e7o SAE 1020 estrutural com pintura ep\u00f3xi&nbsp;<\/p>\n<p>&#8211; Cuba girat\u00f3ria em a\u00e7o inox 304&nbsp;<\/p>\n<p>&#8211; Mancais monobloco tipo flange e rolamentos autocompensadores no eixo central&nbsp;<\/p>\n<p>&#8211; Mancais em ferro fundido com rolamentos c\u00f4nicos na tra\u00e7\u00e3o do batedor e da cuba&nbsp;<\/p>\n<p>&#8211; Sistema de compensa\u00e7\u00e3o de folga decorrente do uso di\u00e1rio&nbsp;<\/p>\n<p>&#8211; Engrenagem em a\u00e7o SAE 1020 com correntes tipo ASA 60 de a\u00e7o temperado&nbsp;<\/p>\n<p>&#8211; Batedores em ferro fundido com banho de estanho&nbsp;<\/p>\n<p>&#8211; Temporizador eletr\u00f4nico para programa\u00e7\u00e3o independente de funcionamento em primeira e segunda velocidade, respectivamente.&nbsp;<\/p>\n<p>&#8211; Mudan\u00e7a de velocidade autom\u00e1tica<\/p>\n<p><\/p>\n<p><span style=\"font-weight: bold;\">VANTAGENS&nbsp;<\/span><\/p>\n<p>Alta resist\u00eancia em ambientes de trabalho constante, pois utiliza componentes de qualidade e dimens\u00f5es superiores, sistema de espiral que proporciona uma maior homogeniza\u00e7\u00e3o da massa, sendo um diferencial desse equipamento.<\/p>\n<p><\/p>\n<p><span style=\"font-weight: bold;\">Especifica\u00e7\u00f5es<\/span><\/p>\n<p><span style=\"font-weight: bold;\"><br \/><\/span><\/p>\n<table class=\"table table-bordered\">\n<tbody>\n<tr>\n<td>CAPACIDADE<\/td>\n<td>80Kg de massa pronta<\/td>\n<\/tr>\n<tr>\n<td>POT\u00caNCIA<\/td>\n<td>motor de 4,0\/6,3cv, 8\/4 polos<\/td>\n<\/tr>\n<tr>\n<td>VELOCIDADE DO ESPIRAL<\/td>\n<td>1vel.-108 RPM 2 vel.- 216 RPM<\/td>\n<\/tr>\n<tr>\n<td>VELOCIDADE DA CUBA<\/td>\n<td>1vel.-15 RPM 2 vel.- 30 RPM<\/td>\n<\/tr>\n<tr>\n<td>PESO LIQUIDO<\/td>\n<td>513 Kg<\/td>\n<\/tr>\n<tr>\n<td>PESO BRUTO<\/td>\n<td>590 Kg<\/td>\n<\/tr>\n<tr>\n<td>DIMENS\u00d5ES<\/td>\n<td>1460 x 850 x 1350mm<\/td>\n<\/tr>\n<\/tbody>\n<\/table>\n<p><span style=\"font-weight: bold;\"><br \/><\/span><\/p>\n","protected":false},"excerpt":{"rendered":"<p>Descri\u00e7\u00e3o do Produto Para preparar todos os tipos de massas em pizzarias, cozinhas industriais, hot\u00e9is, panificadoras e similares.&nbsp; &#8211; Eficiente , r\u00e1pida e econ\u00f4mica, pr\u00f3pria para trabalhos constantes&nbsp; &#8211; Corpo em a\u00e7o SAE 1020 estrutural com pintura ep\u00f3xi&nbsp; &#8211; Cuba girat\u00f3ria em a\u00e7o inox 304&nbsp; &#8211; Mancais monobloco tipo flange e rolamentos autocompensadores no eixo [&hellip;]<\/p>\n","protected":false},"featured_media":11065,"comment_status":"open","ping_status":"closed","template":"","meta":[],"product_brand":[],"product_cat":[334],"product_tag":[],"class_list":{"0":"post-11066","1":"product","2":"type-product","3":"status-publish","4":"has-post-thumbnail","6":"product_cat-amassadeira-espiral","8":"first","9":"instock","10":"shipping-taxable","11":"purchasable","12":"product-type-simple"},"_links":{"self":[{"href":"https:\/\/twsites.com.br\/novomigcenter\/index.php?rest_route=\/wp\/v2\/product\/11066","targetHints":{"allow":["GET"]}}],"collection":[{"href":"https:\/\/twsites.com.br\/novomigcenter\/index.php?rest_route=\/wp\/v2\/product"}],"about":[{"href":"https:\/\/twsites.com.br\/novomigcenter\/index.php?rest_route=\/wp\/v2\/types\/product"}],"replies":[{"embeddable":true,"href":"https:\/\/twsites.com.br\/novomigcenter\/index.php?rest_route=%2Fwp%2Fv2%2Fcomments&post=11066"}],"wp:featuredmedia":[{"embeddable":true,"href":"https:\/\/twsites.com.br\/novomigcenter\/index.php?rest_route=\/wp\/v2\/media\/11065"}],"wp:attachment":[{"href":"https:\/\/twsites.com.br\/novomigcenter\/index.php?rest_route=%2Fwp%2Fv2%2Fmedia&parent=11066"}],"wp:term":[{"taxonomy":"product_brand","embeddable":true,"href":"https:\/\/twsites.com.br\/novomigcenter\/index.php?rest_route=%2Fwp%2Fv2%2Fproduct_brand&post=11066"},{"taxonomy":"product_cat","embeddable":true,"href":"https:\/\/twsites.com.br\/novomigcenter\/index.php?rest_route=%2Fwp%2Fv2%2Fproduct_cat&post=11066"},{"taxonomy":"product_tag","embeddable":true,"href":"https:\/\/twsites.com.br\/novomigcenter\/index.php?rest_route=%2Fwp%2Fv2%2Fproduct_tag&post=11066"}],"curies":[{"name":"wp","href":"https:\/\/api.w.org\/{rel}","templated":true}]}}