{"id":11070,"date":"2017-02-15T14:00:31","date_gmt":"2017-02-15T14:00:31","guid":{"rendered":"https:\/\/twsites.com.br\/novomigcenter\/?product=amassadeiras-espiral-aes-40-1-n-trif-style-mb-braesi"},"modified":"2017-02-15T14:00:31","modified_gmt":"2017-02-15T14:00:31","slug":"amassadeiras-espiral-aes-40-1-n-trif-style-mb-braesi","status":"publish","type":"product","link":"https:\/\/twsites.com.br\/novomigcenter\/?product=amassadeiras-espiral-aes-40-1-n-trif-style-mb-braesi","title":{"rendered":"Amassadeiras Espiral AES-40\/1 N Trif. Style &#8211; MB Braesi"},"content":{"rendered":"<p><span style=\"font-weight: bold; font-size: 14px;\"><font face=\"Arial\">Descri\u00e7\u00e3o do Produto<\/font><\/span><\/p>\n<p><font face=\"Arial\"><span style=\"font-size: 14px;\">Estrutura em a\u00e7o com acabamento em pintura ep\u00f3xi;<\/span><\/font><\/p>\n<p><font face=\"Arial\"><span style=\"font-size: 14px;\">Carenagem em pol\u00edmero termoformado de alta resist\u00eancia;<\/span><\/font><\/p>\n<p><font face=\"Arial\"><span style=\"font-size: 14px;\">Cuba em a\u00e7o inox;<\/span><\/font><\/p>\n<p><font face=\"Arial\"><span style=\"font-size: 14px;\">Grade de prote\u00e7\u00e3o;<\/span><\/font><\/p>\n<p><font face=\"Arial\"><span style=\"font-size: 14px;\">Sistema de troca de velocidades;<\/span><\/font><\/p>\n<p><font face=\"Arial\"><span style=\"font-size: 14px;\">Motor trif\u00e1sico com duas velocidades e motor monof\u00e1sico com duas velocidades;<\/span><\/font><\/p>\n<p><font face=\"Arial\"><span style=\"font-size: 14px;\">Ideais para misturas de p\u00e3o franc\u00eas e caseiro e massas em geral.<\/span><\/font><\/p>\n<table class=\"table table-bordered\" style=\"background-color: rgb(255, 255, 255); width: 1440px;\">\n<tbody>\n<tr>\n<td><span style=\"font-weight: bold;\"><font face=\"Arial\">Modelo<\/font><\/span><\/td>\n<td><span style=\"font-weight: bold;\"><font face=\"Arial\">Massa Pronta (kg)<\/font><\/span><\/td>\n<td><span style=\"font-weight: bold;\"><font face=\"Arial\">Farinha (kg)<\/font><\/span><\/td>\n<td><span style=\"font-weight: bold;\"><font face=\"Arial\">Altura (mm)<\/font><\/span><\/td>\n<td><span style=\"font-weight: bold;\"><font face=\"Arial\">Profundidade (mm)<\/font><\/span><\/td>\n<td><span style=\"font-weight: bold;\"><font face=\"Arial\">Largura (mm)<\/font><\/span><\/td>\n<td><span style=\"font-weight: bold;\"><font face=\"Arial\">L\u00edq. (kg)<\/font><\/span><\/td>\n<td><span style=\"font-weight: bold;\"><font face=\"Arial\">Motor (380v Trif.)<\/font><\/span><\/td>\n<td><span style=\"font-weight: bold;\"><font face=\"Arial\">Motor (monof.)<\/font><\/span><\/td>\n<\/tr>\n<tr>\n<td><font face=\"Arial\">AES-40\/1 N Style<\/font><\/td>\n<td><font face=\"Arial\">40<\/font><\/td>\n<td><font face=\"Arial\">25<\/font><\/td>\n<td><font face=\"Arial\">985<\/font><\/td>\n<td><font face=\"Arial\">1200<\/font><\/td>\n<td><font face=\"Arial\">600<\/font><\/td>\n<td><font face=\"Arial\">182<\/font><\/td>\n<td>2,5 \/ 4,0 cv<\/td>\n<td>3 cv<\/td>\n<\/tr>\n<\/tbody>\n<\/table>\n","protected":false},"excerpt":{"rendered":"<p>Descri\u00e7\u00e3o do Produto Estrutura em a\u00e7o com acabamento em pintura ep\u00f3xi; Carenagem em pol\u00edmero termoformado de alta resist\u00eancia; Cuba em a\u00e7o inox; Grade de prote\u00e7\u00e3o; Sistema de troca de velocidades; Motor trif\u00e1sico com duas velocidades e motor monof\u00e1sico com duas velocidades; Ideais para misturas de p\u00e3o franc\u00eas e caseiro e massas em geral. Modelo Massa [&hellip;]<\/p>\n","protected":false},"featured_media":11069,"comment_status":"open","ping_status":"closed","template":"","meta":[],"product_brand":[],"product_cat":[334],"product_tag":[],"class_list":{"0":"post-11070","1":"product","2":"type-product","3":"status-publish","4":"has-post-thumbnail","6":"product_cat-amassadeira-espiral","8":"first","9":"instock","10":"shipping-taxable","11":"purchasable","12":"product-type-simple"},"_links":{"self":[{"href":"https:\/\/twsites.com.br\/novomigcenter\/index.php?rest_route=\/wp\/v2\/product\/11070","targetHints":{"allow":["GET"]}}],"collection":[{"href":"https:\/\/twsites.com.br\/novomigcenter\/index.php?rest_route=\/wp\/v2\/product"}],"about":[{"href":"https:\/\/twsites.com.br\/novomigcenter\/index.php?rest_route=\/wp\/v2\/types\/product"}],"replies":[{"embeddable":true,"href":"https:\/\/twsites.com.br\/novomigcenter\/index.php?rest_route=%2Fwp%2Fv2%2Fcomments&post=11070"}],"wp:featuredmedia":[{"embeddable":true,"href":"https:\/\/twsites.com.br\/novomigcenter\/index.php?rest_route=\/wp\/v2\/media\/11069"}],"wp:attachment":[{"href":"https:\/\/twsites.com.br\/novomigcenter\/index.php?rest_route=%2Fwp%2Fv2%2Fmedia&parent=11070"}],"wp:term":[{"taxonomy":"product_brand","embeddable":true,"href":"https:\/\/twsites.com.br\/novomigcenter\/index.php?rest_route=%2Fwp%2Fv2%2Fproduct_brand&post=11070"},{"taxonomy":"product_cat","embeddable":true,"href":"https:\/\/twsites.com.br\/novomigcenter\/index.php?rest_route=%2Fwp%2Fv2%2Fproduct_cat&post=11070"},{"taxonomy":"product_tag","embeddable":true,"href":"https:\/\/twsites.com.br\/novomigcenter\/index.php?rest_route=%2Fwp%2Fv2%2Fproduct_tag&post=11070"}],"curies":[{"name":"wp","href":"https:\/\/api.w.org\/{rel}","templated":true}]}}