{"id":11080,"date":"2017-02-15T15:31:38","date_gmt":"2017-02-15T15:31:38","guid":{"rendered":"https:\/\/twsites.com.br\/novomigcenter\/?product=mr-15-gastromaq"},"modified":"2017-02-15T15:31:38","modified_gmt":"2017-02-15T15:31:38","slug":"mr-15-gastromaq","status":"publish","type":"product","link":"https:\/\/twsites.com.br\/novomigcenter\/?product=mr-15-gastromaq","title":{"rendered":"Amassadeiras R\u00e1pidas MR15 &#8211; Gastromaq"},"content":{"rendered":"<p><span style=\"font-weight: bold;\">Caracter\u00edsticas<\/span><\/p>\n<p>Equipamentos destinados para padarias, mini padarias, pizzarias, confeitarias, cozinhas industriais e similares. Misturam e sovam a massa ao mesmo tempo deixando-as prontas em at\u00e9 8 minutos, seu sistema exclusivo de homogeniza\u00e7\u00e3o da massa onde a mesma \u00e9 rotacionada e tombada entre o misturador e os pinos c\u00f4nicos com baixo atrito e consequentemente baixa temperatura, automaticamente sem o aux\u00edlio do operador. Tamb\u00e9m possui orif\u00edcio projetado na tampa para permitir adicionar os ingredientes com o equipamento em movimento por\u00e9m com seguran\u00e7a, possibilitando tamb\u00e9m a sa\u00edda de gases oriundos da opera\u00e7\u00e3o. As misturadoras v\u00eam equipadas com sistema de seguran\u00e7a n\u00e3o permitindo o acesso do usu\u00e1rio nas partes m\u00f3veis do equipamento<\/p>\n<p><\/p>\n<p><span style=\"font-weight: bold;\"><font face=\"Arial\">Especifica\u00e7\u00f5es T\u00e9cnicas<\/font><\/span><\/p>\n<table class=\"table table-bordered\" style=\"background-color: rgb(255, 255, 255); width: 1440px;\">\n<tbody>\n<tr>\n<td><font face=\"Arial\">CAPACIDADE<br \/><\/font><\/td>\n<td><font face=\"Arial\">2 Kg at\u00e9 15Kg de massa pronta<br \/><\/font><\/td>\n<\/tr>\n<tr>\n<td><font face=\"Arial\">POT\u00caNCIA<br \/><\/font><\/td>\n<td><font face=\"Arial\">2,0 Cv monof\u00e1sico&nbsp;<br \/><\/font><\/td>\n<\/tr>\n<tr>\n<td><font face=\"Arial\">VELOCIDADE<br \/><\/font><\/td>\n<td><font face=\"Arial\">290 rpm<br \/><\/font><\/td>\n<\/tr>\n<tr>\n<td><font face=\"Arial\">CONSUMO<br \/><\/font><\/td>\n<td><font face=\"Arial\">1,50 Kw\/h<br \/><\/font><\/td>\n<\/tr>\n<tr>\n<td><font face=\"Arial\">PESO<br \/><\/font><\/td>\n<td><font face=\"Arial\">87 Kg<br \/><\/font><\/td>\n<\/tr>\n<tr>\n<td><font face=\"Arial\">DIMENS\u00d5ES (alt. x larg. x comp.)<br \/><\/font><\/td>\n<td><font face=\"Arial\">731x452x620mm<\/font><\/td>\n<\/tr>\n<\/tbody>\n<\/table>\n","protected":false},"excerpt":{"rendered":"<p>Caracter\u00edsticas Equipamentos destinados para padarias, mini padarias, pizzarias, confeitarias, cozinhas industriais e similares. Misturam e sovam a massa ao mesmo tempo deixando-as prontas em at\u00e9 8 minutos, seu sistema exclusivo de homogeniza\u00e7\u00e3o da massa onde a mesma \u00e9 rotacionada e tombada entre o misturador e os pinos c\u00f4nicos com baixo atrito e consequentemente baixa temperatura, [&hellip;]<\/p>\n","protected":false},"featured_media":11079,"comment_status":"open","ping_status":"closed","template":"","meta":[],"product_brand":[],"product_cat":[335],"product_tag":[],"class_list":{"0":"post-11080","1":"product","2":"type-product","3":"status-publish","4":"has-post-thumbnail","6":"product_cat-amassadeira-rapida","8":"first","9":"instock","10":"shipping-taxable","11":"purchasable","12":"product-type-simple"},"_links":{"self":[{"href":"https:\/\/twsites.com.br\/novomigcenter\/index.php?rest_route=\/wp\/v2\/product\/11080","targetHints":{"allow":["GET"]}}],"collection":[{"href":"https:\/\/twsites.com.br\/novomigcenter\/index.php?rest_route=\/wp\/v2\/product"}],"about":[{"href":"https:\/\/twsites.com.br\/novomigcenter\/index.php?rest_route=\/wp\/v2\/types\/product"}],"replies":[{"embeddable":true,"href":"https:\/\/twsites.com.br\/novomigcenter\/index.php?rest_route=%2Fwp%2Fv2%2Fcomments&post=11080"}],"wp:featuredmedia":[{"embeddable":true,"href":"https:\/\/twsites.com.br\/novomigcenter\/index.php?rest_route=\/wp\/v2\/media\/11079"}],"wp:attachment":[{"href":"https:\/\/twsites.com.br\/novomigcenter\/index.php?rest_route=%2Fwp%2Fv2%2Fmedia&parent=11080"}],"wp:term":[{"taxonomy":"product_brand","embeddable":true,"href":"https:\/\/twsites.com.br\/novomigcenter\/index.php?rest_route=%2Fwp%2Fv2%2Fproduct_brand&post=11080"},{"taxonomy":"product_cat","embeddable":true,"href":"https:\/\/twsites.com.br\/novomigcenter\/index.php?rest_route=%2Fwp%2Fv2%2Fproduct_cat&post=11080"},{"taxonomy":"product_tag","embeddable":true,"href":"https:\/\/twsites.com.br\/novomigcenter\/index.php?rest_route=%2Fwp%2Fv2%2Fproduct_tag&post=11080"}],"curies":[{"name":"wp","href":"https:\/\/api.w.org\/{rel}","templated":true}]}}