{"id":11086,"date":"2017-02-16T10:21:38","date_gmt":"2017-02-16T10:21:38","guid":{"rendered":"https:\/\/twsites.com.br\/novomigcenter\/?product=mr-50-gastromaq"},"modified":"2017-02-16T10:21:38","modified_gmt":"2017-02-16T10:21:38","slug":"mr-50-gastromaq","status":"publish","type":"product","link":"https:\/\/twsites.com.br\/novomigcenter\/?product=mr-50-gastromaq","title":{"rendered":"Amassadeiras R\u00e1pidas MR 50 &#8211; Gastromaq"},"content":{"rendered":"<p><span style=\"font-weight: bold;\">Descri\u00e7\u00e3o do Produto<\/span><\/p>\n<p><span style=\"font-weight: bold;\">Caracter\u00edsticas<\/span><\/p>\n<p>Equipamentos destinados para padarias, mini padarias, pizzarias, confeitarias, cozinhas industriais e similares. Misturam e sovam a massa ao mesmo tempo deixando-as prontas em at\u00e9 8 minutos, seu sistema exclusivo de homogeniza\u00e7\u00e3o da massa onde a mesma \u00e9 rotacionada e tombada entre o misturador e os pinos c\u00f4nicos com baixo atrito e consequentemente baixa temperatura, automaticamente sem o aux\u00edlio do operador. Tamb\u00e9m possui orif\u00edcio projetado na tampa para permitir adicionar os ingredientes com o equipamento em movimento por\u00e9m com seguran\u00e7a, possibilitando tamb\u00e9m a sa\u00edda de gases oriundos da opera\u00e7\u00e3o. As misturadoras v\u00eam equipadas com sistema de seguran\u00e7a n\u00e3o permitindo o acesso do usu\u00e1rio nas partes m\u00f3veis do equipamento.<\/p>\n<p><span style=\"font-weight: bold;\">Especifica\u00e7\u00f5es T\u00e9cnicas<\/span><\/p>\n<table class=\"table table-bordered\" style=\"background-color: rgb(255, 255, 255); width: 1440px;\">\n<tbody>\n<tr>\n<td>CAPACIDADE<\/td>\n<td>4 Kg&nbsp;at\u00e9 50 Kg de massa pronta<\/td>\n<\/tr>\n<tr>\n<td>POT\u00caNCIA<\/td>\n<td>7,5 Cv trif\u00e1sico<\/td>\n<\/tr>\n<tr>\n<td>VELOCIDADE<\/td>\n<td>250 rpm<\/td>\n<\/tr>\n<tr>\n<td>CONSUMO<\/td>\n<td>5,52 Kw\/h<\/td>\n<\/tr>\n<tr>\n<td>PESO<\/td>\n<td>138 Kg<\/td>\n<\/tr>\n<tr>\n<td>DIMENS\u00d5ES (alt. x larg. x comp.)<\/td>\n<td>945x635x955mm<\/td>\n<\/tr>\n<\/tbody>\n<\/table>\n","protected":false},"excerpt":{"rendered":"<p>Descri\u00e7\u00e3o do Produto Caracter\u00edsticas Equipamentos destinados para padarias, mini padarias, pizzarias, confeitarias, cozinhas industriais e similares. Misturam e sovam a massa ao mesmo tempo deixando-as prontas em at\u00e9 8 minutos, seu sistema exclusivo de homogeniza\u00e7\u00e3o da massa onde a mesma \u00e9 rotacionada e tombada entre o misturador e os pinos c\u00f4nicos com baixo atrito e [&hellip;]<\/p>\n","protected":false},"featured_media":11085,"comment_status":"open","ping_status":"closed","template":"","meta":[],"product_brand":[],"product_cat":[335],"product_tag":[],"class_list":{"0":"post-11086","1":"product","2":"type-product","3":"status-publish","4":"has-post-thumbnail","6":"product_cat-amassadeira-rapida","8":"first","9":"instock","10":"shipping-taxable","11":"purchasable","12":"product-type-simple"},"_links":{"self":[{"href":"https:\/\/twsites.com.br\/novomigcenter\/index.php?rest_route=\/wp\/v2\/product\/11086","targetHints":{"allow":["GET"]}}],"collection":[{"href":"https:\/\/twsites.com.br\/novomigcenter\/index.php?rest_route=\/wp\/v2\/product"}],"about":[{"href":"https:\/\/twsites.com.br\/novomigcenter\/index.php?rest_route=\/wp\/v2\/types\/product"}],"replies":[{"embeddable":true,"href":"https:\/\/twsites.com.br\/novomigcenter\/index.php?rest_route=%2Fwp%2Fv2%2Fcomments&post=11086"}],"wp:featuredmedia":[{"embeddable":true,"href":"https:\/\/twsites.com.br\/novomigcenter\/index.php?rest_route=\/wp\/v2\/media\/11085"}],"wp:attachment":[{"href":"https:\/\/twsites.com.br\/novomigcenter\/index.php?rest_route=%2Fwp%2Fv2%2Fmedia&parent=11086"}],"wp:term":[{"taxonomy":"product_brand","embeddable":true,"href":"https:\/\/twsites.com.br\/novomigcenter\/index.php?rest_route=%2Fwp%2Fv2%2Fproduct_brand&post=11086"},{"taxonomy":"product_cat","embeddable":true,"href":"https:\/\/twsites.com.br\/novomigcenter\/index.php?rest_route=%2Fwp%2Fv2%2Fproduct_cat&post=11086"},{"taxonomy":"product_tag","embeddable":true,"href":"https:\/\/twsites.com.br\/novomigcenter\/index.php?rest_route=%2Fwp%2Fv2%2Fproduct_tag&post=11086"}],"curies":[{"name":"wp","href":"https:\/\/api.w.org\/{rel}","templated":true}]}}