{"id":11090,"date":"2017-02-16T10:33:45","date_gmt":"2017-02-16T10:33:45","guid":{"rendered":"https:\/\/twsites.com.br\/novomigcenter\/?product=ar-25-gpaniz"},"modified":"2017-02-16T10:33:45","modified_gmt":"2017-02-16T10:33:45","slug":"ar-25-gpaniz","status":"publish","type":"product","link":"https:\/\/twsites.com.br\/novomigcenter\/?product=ar-25-gpaniz","title":{"rendered":"Amassadeira R\u00e1pida AR 25 &#8211; G.Paniz"},"content":{"rendered":"<p><span style=\"font-weight: bold;\">Descri\u00e7\u00e3o do Produto<\/span><\/p>\n<p>Para todas as opera\u00e7\u00f5es de prepara\u00e7\u00e3o de massas industriais, semi-industriais e dom\u00e9sticas em padarias, confeitarias, pizzarias e similares.&nbsp;<\/p>\n<p>&#8211; Alto rendimento: prepara\u00e7\u00e3o da massa em at\u00e9 3 minutos, dispensando o uso de cilindro laminador.&nbsp;<\/p>\n<p>&#8211; Motor potente: permite trabalhar com toda a capacidade.&nbsp;<\/p>\n<p>&#8211; Corpo de a\u00e7o SAE 1020, tacho e revestimento em a\u00e7o inox 304.<\/p>\n<p><\/p>\n<table class=\"table table-bordered\">\n<tbody>\n<tr>\n<td>CAPACIDADE<\/td>\n<td>25 Kg de massa pronta&nbsp;<\/td>\n<\/tr>\n<tr>\n<td>POT\u00caNCIA<\/td>\n<td>motor de 5 CV&nbsp;<\/td>\n<\/tr>\n<tr>\n<td>VELOCIDADE<\/td>\n<td>272 RPM<\/td>\n<\/tr>\n<tr>\n<td>PESO LIQUIDO<\/td>\n<td>130 Kg&nbsp;<\/td>\n<\/tr>\n<tr>\n<td>PESO BRUTO<\/td>\n<td>143 Kg&nbsp;<\/td>\n<\/tr>\n<tr>\n<td>DIMENS\u00d5ES<\/td>\n<td>630 x 595 x 810mm<\/td>\n<\/tr>\n<\/tbody>\n<\/table>\n","protected":false},"excerpt":{"rendered":"<p>Descri\u00e7\u00e3o do Produto Para todas as opera\u00e7\u00f5es de prepara\u00e7\u00e3o de massas industriais, semi-industriais e dom\u00e9sticas em padarias, confeitarias, pizzarias e similares.&nbsp; &#8211; Alto rendimento: prepara\u00e7\u00e3o da massa em at\u00e9 3 minutos, dispensando o uso de cilindro laminador.&nbsp; &#8211; Motor potente: permite trabalhar com toda a capacidade.&nbsp; &#8211; Corpo de a\u00e7o SAE 1020, tacho e revestimento [&hellip;]<\/p>\n","protected":false},"featured_media":11089,"comment_status":"open","ping_status":"closed","template":"","meta":[],"product_brand":[],"product_cat":[335],"product_tag":[],"class_list":{"0":"post-11090","1":"product","2":"type-product","3":"status-publish","4":"has-post-thumbnail","6":"product_cat-amassadeira-rapida","8":"first","9":"instock","10":"shipping-taxable","11":"purchasable","12":"product-type-simple"},"_links":{"self":[{"href":"https:\/\/twsites.com.br\/novomigcenter\/index.php?rest_route=\/wp\/v2\/product\/11090","targetHints":{"allow":["GET"]}}],"collection":[{"href":"https:\/\/twsites.com.br\/novomigcenter\/index.php?rest_route=\/wp\/v2\/product"}],"about":[{"href":"https:\/\/twsites.com.br\/novomigcenter\/index.php?rest_route=\/wp\/v2\/types\/product"}],"replies":[{"embeddable":true,"href":"https:\/\/twsites.com.br\/novomigcenter\/index.php?rest_route=%2Fwp%2Fv2%2Fcomments&post=11090"}],"wp:featuredmedia":[{"embeddable":true,"href":"https:\/\/twsites.com.br\/novomigcenter\/index.php?rest_route=\/wp\/v2\/media\/11089"}],"wp:attachment":[{"href":"https:\/\/twsites.com.br\/novomigcenter\/index.php?rest_route=%2Fwp%2Fv2%2Fmedia&parent=11090"}],"wp:term":[{"taxonomy":"product_brand","embeddable":true,"href":"https:\/\/twsites.com.br\/novomigcenter\/index.php?rest_route=%2Fwp%2Fv2%2Fproduct_brand&post=11090"},{"taxonomy":"product_cat","embeddable":true,"href":"https:\/\/twsites.com.br\/novomigcenter\/index.php?rest_route=%2Fwp%2Fv2%2Fproduct_cat&post=11090"},{"taxonomy":"product_tag","embeddable":true,"href":"https:\/\/twsites.com.br\/novomigcenter\/index.php?rest_route=%2Fwp%2Fv2%2Fproduct_tag&post=11090"}],"curies":[{"name":"wp","href":"https:\/\/api.w.org\/{rel}","templated":true}]}}