{"id":11094,"date":"2017-02-16T14:17:02","date_gmt":"2017-02-16T14:17:02","guid":{"rendered":"https:\/\/twsites.com.br\/novomigcenter\/?product=ali-25-1-g2"},"modified":"2017-02-16T14:17:02","modified_gmt":"2017-02-16T14:17:02","slug":"ali-25-1-g2","status":"publish","type":"product","link":"https:\/\/twsites.com.br\/novomigcenter\/?product=ali-25-1-g2","title":{"rendered":"Amassadeiras Semi-R\u00e1pidas ALI-25\/1 G2 &#8211; MB Braesi"},"content":{"rendered":"<p><span style=\"font-weight: bold;\"><font face=\"Arial\">Descri\u00e7\u00e3o do Produto<\/font><\/span><\/p>\n<p><font face=\"Arial\">Estrutura em a\u00e7o com fino acabamento em pintura ep\u00f3xi;<\/font><\/p>\n<p><font face=\"Arial\">Carenagem em pol\u00edmero termoformado de alta resist\u00eancia;<\/font><\/p>\n<p><font face=\"Arial\">Cuba em a\u00e7o inox;<\/font><\/p>\n<p><font face=\"Arial\">Sistema basculante;<\/font><\/p>\n<p><font face=\"Arial\">P\u00e1s fixas;<\/font><\/p>\n<p><font face=\"Arial\">Ideais para misturas de p\u00e3es, cucas, macarr\u00f5es, biscoitos e outros.<\/font><\/p>\n<p><span style=\"font-weight: bold;\"><font face=\"Arial\"><br \/><\/font><\/span><\/p>\n<table class=\"table table-bordered\" style=\"background-color: rgb(255, 255, 255); width: 1440px;\">\n<tbody>\n<tr>\n<td><span style=\"font-weight: bold;\"><font face=\"Arial\">Modelo<\/font><\/span><\/td>\n<td><span style=\"font-weight: bold;\"><font face=\"Arial\">Capacidade<br \/><\/font><\/span><\/td>\n<td><span style=\"font-weight: bold;\"><font face=\"Arial\">Capacidade Farinha<br \/><\/font><\/span><\/td>\n<td><span style=\"font-weight: bold;\"><font face=\"Arial\">Externas<\/font><\/span><\/td>\n<td><span style=\"font-weight: bold;\"><font face=\"Arial\">Externas<br \/><\/font><\/span><\/td>\n<td><span style=\"font-weight: bold;\"><font face=\"Arial\">Externas<br \/><\/font><\/span><\/td>\n<td><span style=\"font-weight: bold;\"><font face=\"Arial\">Peso L\u00edquido<\/font><\/span><\/td>\n<td><span style=\"font-weight: bold;\"><font face=\"Arial\">Motor<\/font><\/span><\/td>\n<\/tr>\n<tr>\n<td><span style=\"font-weight: bold;\"><font face=\"Arial\"><br \/><\/font><\/span><\/td>\n<td><span style=\"font-weight: bold;\"><font face=\"Arial\"><br \/><\/font><\/span><\/td>\n<td><span style=\"font-weight: bold;\"><font face=\"Arial\"><br \/><\/font><\/span><\/td>\n<td><span style=\"font-weight: bold;\"><font face=\"Arial\">Altura<\/font><\/span><\/td>\n<td><span style=\"font-weight: bold;\"><font face=\"Arial\">Profundidade<\/font><\/span><\/td>\n<td><span style=\"font-weight: bold;\"><font face=\"Arial\">Largura<\/font><\/span><\/td>\n<td><span style=\"font-weight: bold;\"><font face=\"Arial\"><br \/><\/font><\/span><\/td>\n<td><span style=\"font-weight: bold;\"><font face=\"Arial\"><br \/><\/font><\/span><\/td>\n<\/tr>\n<tr>\n<td><span style=\"font-weight: bold;\"><font face=\"Arial\"><br \/><\/font><\/span><\/td>\n<td><span style=\"font-weight: bold;\"><font face=\"Arial\">Kg<\/font><\/span><\/td>\n<td><span style=\"font-weight: bold;\"><font face=\"Arial\">Kg<br \/><\/font><\/span><\/td>\n<td><span style=\"font-weight: bold;\"><font face=\"Arial\">mm<\/font><\/span><\/td>\n<td><span style=\"font-weight: bold;\"><font face=\"Arial\">mm<\/font><\/span><\/td>\n<td><span style=\"font-weight: bold;\"><font face=\"Arial\">mm<\/font><\/span><\/td>\n<td><span style=\"font-weight: bold;\"><font face=\"Arial\">Kg<br \/><\/font><\/span><\/td>\n<td><font face=\"Arial\"><br \/><\/font><\/td>\n<\/tr>\n<tr>\n<td><font face=\"Arial\">ALI-25\/1<\/font><\/td>\n<td><font face=\"Arial\">25Kg<\/font><\/td>\n<td><font face=\"Arial\">15 Kg<\/font><\/td>\n<td><font face=\"Arial\">870<\/font><\/td>\n<td><font face=\"Arial\">435<\/font><\/td>\n<td><font face=\"Arial\">680<\/font><\/td>\n<td><font face=\"Arial\">58,5<\/font><\/td>\n<td><font face=\"Arial\">127 \/ 220v Monof. 3\/4cv<br \/><\/font><\/td>\n<\/tr>\n<tr>\n<td><font face=\"Arial\">ALI-25\/1<\/font><\/td>\n<td><font face=\"Arial\">25 Kg<\/font><\/td>\n<td><font face=\"Arial\">15 Kg<\/font><\/td>\n<td><font face=\"Arial\">870<\/font><\/td>\n<td><font face=\"Arial\">435<\/font><\/td>\n<td><font face=\"Arial\">680<\/font><\/td>\n<td><font face=\"Arial\">58,5<\/font><\/td>\n<td>380v Trif. 1\/2cv<\/td>\n<\/tr>\n<\/tbody>\n<\/table>\n","protected":false},"excerpt":{"rendered":"<p>Descri\u00e7\u00e3o do Produto Estrutura em a\u00e7o com fino acabamento em pintura ep\u00f3xi; Carenagem em pol\u00edmero termoformado de alta resist\u00eancia; Cuba em a\u00e7o inox; Sistema basculante; P\u00e1s fixas; Ideais para misturas de p\u00e3es, cucas, macarr\u00f5es, biscoitos e outros. Modelo Capacidade Capacidade Farinha Externas Externas Externas Peso L\u00edquido Motor Altura Profundidade Largura Kg Kg mm mm mm [&hellip;]<\/p>\n","protected":false},"featured_media":11093,"comment_status":"open","ping_status":"closed","template":"","meta":[],"product_brand":[],"product_cat":[336],"product_tag":[],"class_list":{"0":"post-11094","1":"product","2":"type-product","3":"status-publish","4":"has-post-thumbnail","6":"product_cat-amassadeira-semi-rapida","8":"first","9":"instock","10":"shipping-taxable","11":"purchasable","12":"product-type-simple"},"_links":{"self":[{"href":"https:\/\/twsites.com.br\/novomigcenter\/index.php?rest_route=\/wp\/v2\/product\/11094","targetHints":{"allow":["GET"]}}],"collection":[{"href":"https:\/\/twsites.com.br\/novomigcenter\/index.php?rest_route=\/wp\/v2\/product"}],"about":[{"href":"https:\/\/twsites.com.br\/novomigcenter\/index.php?rest_route=\/wp\/v2\/types\/product"}],"replies":[{"embeddable":true,"href":"https:\/\/twsites.com.br\/novomigcenter\/index.php?rest_route=%2Fwp%2Fv2%2Fcomments&post=11094"}],"wp:featuredmedia":[{"embeddable":true,"href":"https:\/\/twsites.com.br\/novomigcenter\/index.php?rest_route=\/wp\/v2\/media\/11093"}],"wp:attachment":[{"href":"https:\/\/twsites.com.br\/novomigcenter\/index.php?rest_route=%2Fwp%2Fv2%2Fmedia&parent=11094"}],"wp:term":[{"taxonomy":"product_brand","embeddable":true,"href":"https:\/\/twsites.com.br\/novomigcenter\/index.php?rest_route=%2Fwp%2Fv2%2Fproduct_brand&post=11094"},{"taxonomy":"product_cat","embeddable":true,"href":"https:\/\/twsites.com.br\/novomigcenter\/index.php?rest_route=%2Fwp%2Fv2%2Fproduct_cat&post=11094"},{"taxonomy":"product_tag","embeddable":true,"href":"https:\/\/twsites.com.br\/novomigcenter\/index.php?rest_route=%2Fwp%2Fv2%2Fproduct_tag&post=11094"}],"curies":[{"name":"wp","href":"https:\/\/api.w.org\/{rel}","templated":true}]}}