{"id":11096,"date":"2017-02-16T14:28:01","date_gmt":"2017-02-16T14:28:01","guid":{"rendered":"https:\/\/twsites.com.br\/novomigcenter\/?product=amassadeira-basculante-mbi-05-gastromaq"},"modified":"2017-02-16T14:28:01","modified_gmt":"2017-02-16T14:28:01","slug":"amassadeira-basculante-mbi-05-gastromaq","status":"publish","type":"product","link":"https:\/\/twsites.com.br\/novomigcenter\/?product=amassadeira-basculante-mbi-05-gastromaq","title":{"rendered":"Amassadeira Basculante MBI 05 &#8211; Gastromaq"},"content":{"rendered":"<p class=\"MsoNormal\" style=\"margin-bottom:6.75pt;text-align:justify;line-height: normal\"><font face=\"Arial\" style=\"\"><b style=\"\"><span style=\"font-size: 14px;\">Caracter\u00edsticas<\/span><\/b><span style=\"font-size: 14pt;\"><o:p><\/o:p><\/span><\/font><\/p>\n<p class=\"MsoNormal\" style=\"margin-bottom:6.75pt;text-align:justify;line-height: normal\"><span style=\"font-size: 14pt;\"><font face=\"Arial\"><span style=\"font-size: 14px;\">Integra a linha de masseiras MBI o sistema in\u00e9dito de duas p\u00e1s misturadoras helicoidais que fazem o mesmo trabalho que as m\u00e3os, com mais perfei\u00e7\u00e3o e rapidez. Faz parte de suas fun\u00e7\u00f5es amassar, misturar e sovar os mais diferentes alimentos: massa para pizza, p\u00e3es, cucas, biscoitos, embutidos e massas frescas. Possuem sistema de seguran\u00e7a que impede o acesso do usu\u00e1rio nas partes m\u00f3veis do equipamento enquadrando-se nas normas exigidas pelo Minist\u00e9rio do Trabalho.<\/span><o:p><\/o:p><\/font><\/span><\/p>\n<p><span style=\"font-size: 14px;\">    <\/span><\/p>\n<p class=\"MsoNormal\" style=\"margin-bottom:6.75pt;text-align:justify;line-height: normal\"><b><span style=\"font-size: 14px;\"><font face=\"Arial\" style=\"\">Especifica\u00e7\u00f5es T\u00e9cnicas<\/font><\/span><\/b><span style=\"font-size: 14pt; font-family: &quot;Arial Narrow&quot;, sans-serif;\"><o:p><\/o:p><\/span><\/p>\n<p><span style=\"font-weight: bold;\"><br \/><\/span><\/p>\n<table class=\"table table-bordered\" style=\"background-color: rgb(255, 255, 255); width: 1440px;\">\n<tbody>\n<tr>\n<td>CAPACIDADE<\/td>\n<td>500g at\u00e9 5Kg de massa pronta<\/td>\n<\/tr>\n<tr>\n<td>POT\u00caNCIA<\/td>\n<td>1\/3 Cv 127\/220 V<\/td>\n<\/tr>\n<tr>\n<td>CONSUMO<\/td>\n<td>0,75 Kw\/h<\/td>\n<\/tr>\n<tr>\n<td>PESO<\/td>\n<td>60 Kg<\/td>\n<\/tr>\n<tr>\n<td>DIMENS\u00d5ES (alt. x larg. x comp.)<\/td>\n<td>460x380x562mm<\/td>\n<\/tr>\n<\/tbody>\n<\/table>\n","protected":false},"excerpt":{"rendered":"<p>Caracter\u00edsticas Integra a linha de masseiras MBI o sistema in\u00e9dito de duas p\u00e1s misturadoras helicoidais que fazem o mesmo trabalho que as m\u00e3os, com mais perfei\u00e7\u00e3o e rapidez. Faz parte de suas fun\u00e7\u00f5es amassar, misturar e sovar os mais diferentes alimentos: massa para pizza, p\u00e3es, cucas, biscoitos, embutidos e massas frescas. Possuem sistema de seguran\u00e7a [&hellip;]<\/p>\n","protected":false},"featured_media":11095,"comment_status":"open","ping_status":"closed","template":"","meta":[],"product_brand":[],"product_cat":[336],"product_tag":[],"class_list":{"0":"post-11096","1":"product","2":"type-product","3":"status-publish","4":"has-post-thumbnail","6":"product_cat-amassadeira-semi-rapida","8":"first","9":"instock","10":"shipping-taxable","11":"purchasable","12":"product-type-simple"},"_links":{"self":[{"href":"https:\/\/twsites.com.br\/novomigcenter\/index.php?rest_route=\/wp\/v2\/product\/11096","targetHints":{"allow":["GET"]}}],"collection":[{"href":"https:\/\/twsites.com.br\/novomigcenter\/index.php?rest_route=\/wp\/v2\/product"}],"about":[{"href":"https:\/\/twsites.com.br\/novomigcenter\/index.php?rest_route=\/wp\/v2\/types\/product"}],"replies":[{"embeddable":true,"href":"https:\/\/twsites.com.br\/novomigcenter\/index.php?rest_route=%2Fwp%2Fv2%2Fcomments&post=11096"}],"wp:featuredmedia":[{"embeddable":true,"href":"https:\/\/twsites.com.br\/novomigcenter\/index.php?rest_route=\/wp\/v2\/media\/11095"}],"wp:attachment":[{"href":"https:\/\/twsites.com.br\/novomigcenter\/index.php?rest_route=%2Fwp%2Fv2%2Fmedia&parent=11096"}],"wp:term":[{"taxonomy":"product_brand","embeddable":true,"href":"https:\/\/twsites.com.br\/novomigcenter\/index.php?rest_route=%2Fwp%2Fv2%2Fproduct_brand&post=11096"},{"taxonomy":"product_cat","embeddable":true,"href":"https:\/\/twsites.com.br\/novomigcenter\/index.php?rest_route=%2Fwp%2Fv2%2Fproduct_cat&post=11096"},{"taxonomy":"product_tag","embeddable":true,"href":"https:\/\/twsites.com.br\/novomigcenter\/index.php?rest_route=%2Fwp%2Fv2%2Fproduct_tag&post=11096"}],"curies":[{"name":"wp","href":"https:\/\/api.w.org\/{rel}","templated":true}]}}