{"id":11110,"date":"2017-02-16T16:33:04","date_gmt":"2017-02-16T16:33:04","guid":{"rendered":"https:\/\/twsites.com.br\/novomigcenter\/?product=carro-inox-resfriamento-pao-de-forma"},"modified":"2017-02-16T16:33:04","modified_gmt":"2017-02-16T16:33:04","slug":"carro-inox-resfriamento-pao-de-forma","status":"publish","type":"product","link":"https:\/\/twsites.com.br\/novomigcenter\/?product=carro-inox-resfriamento-pao-de-forma","title":{"rendered":"Carro em A\u00e7o Inox para Resfriamento de P\u00e3o de Forma &#8211; Cimapi"},"content":{"rendered":"<p><span style=\"font-weight: bold;\">Descri\u00e7\u00e3o do Produto<\/span><\/p>\n<p>&#8211; Carro em a\u00e7o inox para resfriamento de p\u00e3o de forma com 9 telas em a\u00e7o inox perfuradas fixas<\/p>\n<p>&#8211; Com 9 telas fixas de 1020x776x1751mm<\/p>\n<p>&#8211; Capacidade 126 p\u00e3es<\/p>\n","protected":false},"excerpt":{"rendered":"<p>Descri\u00e7\u00e3o do Produto &#8211; Carro em a\u00e7o inox para resfriamento de p\u00e3o de forma com 9 telas em a\u00e7o inox perfuradas fixas &#8211; Com 9 telas fixas de 1020x776x1751mm &#8211; Capacidade 126 p\u00e3es<\/p>\n","protected":false},"featured_media":11109,"comment_status":"open","ping_status":"closed","template":"","meta":[],"product_brand":[],"product_cat":[337],"product_tag":[],"class_list":{"0":"post-11110","1":"product","2":"type-product","3":"status-publish","4":"has-post-thumbnail","6":"product_cat-armario-de-pao-frances-doce","8":"first","9":"instock","10":"shipping-taxable","11":"purchasable","12":"product-type-simple"},"_links":{"self":[{"href":"https:\/\/twsites.com.br\/novomigcenter\/index.php?rest_route=\/wp\/v2\/product\/11110","targetHints":{"allow":["GET"]}}],"collection":[{"href":"https:\/\/twsites.com.br\/novomigcenter\/index.php?rest_route=\/wp\/v2\/product"}],"about":[{"href":"https:\/\/twsites.com.br\/novomigcenter\/index.php?rest_route=\/wp\/v2\/types\/product"}],"replies":[{"embeddable":true,"href":"https:\/\/twsites.com.br\/novomigcenter\/index.php?rest_route=%2Fwp%2Fv2%2Fcomments&post=11110"}],"wp:featuredmedia":[{"embeddable":true,"href":"https:\/\/twsites.com.br\/novomigcenter\/index.php?rest_route=\/wp\/v2\/media\/11109"}],"wp:attachment":[{"href":"https:\/\/twsites.com.br\/novomigcenter\/index.php?rest_route=%2Fwp%2Fv2%2Fmedia&parent=11110"}],"wp:term":[{"taxonomy":"product_brand","embeddable":true,"href":"https:\/\/twsites.com.br\/novomigcenter\/index.php?rest_route=%2Fwp%2Fv2%2Fproduct_brand&post=11110"},{"taxonomy":"product_cat","embeddable":true,"href":"https:\/\/twsites.com.br\/novomigcenter\/index.php?rest_route=%2Fwp%2Fv2%2Fproduct_cat&post=11110"},{"taxonomy":"product_tag","embeddable":true,"href":"https:\/\/twsites.com.br\/novomigcenter\/index.php?rest_route=%2Fwp%2Fv2%2Fproduct_tag&post=11110"}],"curies":[{"name":"wp","href":"https:\/\/api.w.org\/{rel}","templated":true}]}}