{"id":11118,"date":"2017-02-17T10:51:20","date_gmt":"2017-02-17T10:51:20","guid":{"rendered":"https:\/\/twsites.com.br\/novomigcenter\/?product=estufas-de-transporte-cimapi"},"modified":"2017-02-17T10:51:20","modified_gmt":"2017-02-17T10:51:20","slug":"estufas-de-transporte-cimapi","status":"publish","type":"product","link":"https:\/\/twsites.com.br\/novomigcenter\/?product=estufas-de-transporte-cimapi","title":{"rendered":"Estufas de Transportes para P\u00e3o Frances \/ Doce &#8211; Cimapi"},"content":{"rendered":"<p><span style=\"font-weight: bold;\">Descri\u00e7\u00e3o do Produto<\/span><\/p>\n<p>&#8211;&nbsp;Estufa para 10 assadeiras 58 x 70 cm 5 tiras 7cm vazia com al\u00e7as laterais rod\u00edzios SEM TRAVA &#8211; c\/ Pintura Epox<\/p>\n<p>&#8211; Estufa para 10 assadeiras 58 x 70 cm 5 tiras 7cm vazia com al\u00e7as laterais rod\u00edzios COM TRAVA &#8211; c\/ Pintura Epox<\/p>\n<p>&#8211;&nbsp;Estufa para 10 assadeiras 58 x 70 cm &#8211; vazia com al\u00e7as laterais &#8211; rod\u00edzios sem trava &#8211; em ALUM\u00cdNIO<\/p>\n<p>&#8211;&nbsp;Estufa para 10 assadeiras 58 x 70 cm &#8211; vazia com al\u00e7as laterais &#8211; rod\u00edzio SEM TRAVA &#8211; em A\u00c7O INOX \u201c304\u201d<\/p>\n<p>&#8211;&nbsp;Estufa para 10 assadeiras 60 x 80 cm &#8211; vazia com al\u00e7as laterais e rod\u00edzios COM TRAVA &#8211; Pintura Epox<\/p>\n<p>&#8211;&nbsp;Estufa para 10 assadeiras 60 x 80 cm &#8211; vazia com al\u00e7as laterais e rod\u00edzios com trava &#8211; Pintura Epox<\/p>\n<p>&#8211;&nbsp;Estufa para 10 assadeiras 60 x 80 cm &#8211; vazia com al\u00e7as laterais em ALUM\u00cdNIO<\/p>\n<p>&#8211;&nbsp;Estufa para 10 assadeiras 60 x 80 cm &#8211; vazia com al\u00e7as laterais A\u00c7O INOX \u201c304\u201d<\/p>\n<p>&#8211;&nbsp;Estufa para 10 assadeiras 36 x 62 x 3,5 cm &#8211; vazia com al\u00e7as laterais e rod\u00edzios SEM TRAVA &#8211; Pintura Epox<\/p>\n<p>&#8211;&nbsp;Estufa para 10 assadeiras 36 x 62 x 3,5 cm &#8211; vazia com al\u00e7as laterais e rod\u00edzios COM TRAVA &#8211; Pintura Epox<\/p>\n<p>&#8211;&nbsp;Estufa de p\u00e3o de metro p\/ 10 assadeiras 0,58 x 1,00 m 5 tiras 9 cm- vazia &#8211; Pintura Epox<\/p>\n<p>&#8211;&nbsp;Estufa de p\u00e3o de metro p\/ 10 assadeiras 0,58 x 1,00 m vazia &#8211; A\u00c7O INOX \u201c304\u201d<\/p>\n<p>&#8211;&nbsp;Estufa de p\u00e3o de metro p\/ 10 assadeiras &#8211; 0,58 x 1,0 m vazia &#8211; ALUM\u00cdNIO<\/p>\n","protected":false},"excerpt":{"rendered":"<p>Descri\u00e7\u00e3o do Produto &#8211;&nbsp;Estufa para 10 assadeiras 58 x 70 cm 5 tiras 7cm vazia com al\u00e7as laterais rod\u00edzios SEM TRAVA &#8211; c\/ Pintura Epox &#8211; Estufa para 10 assadeiras 58 x 70 cm 5 tiras 7cm vazia com al\u00e7as laterais rod\u00edzios COM TRAVA &#8211; c\/ Pintura Epox &#8211;&nbsp;Estufa para 10 assadeiras 58 x 70 [&hellip;]<\/p>\n","protected":false},"featured_media":11117,"comment_status":"open","ping_status":"closed","template":"","meta":[],"product_brand":[],"product_cat":[337],"product_tag":[],"class_list":{"0":"post-11118","1":"product","2":"type-product","3":"status-publish","4":"has-post-thumbnail","6":"product_cat-armario-de-pao-frances-doce","8":"first","9":"instock","10":"shipping-taxable","11":"purchasable","12":"product-type-simple"},"_links":{"self":[{"href":"https:\/\/twsites.com.br\/novomigcenter\/index.php?rest_route=\/wp\/v2\/product\/11118","targetHints":{"allow":["GET"]}}],"collection":[{"href":"https:\/\/twsites.com.br\/novomigcenter\/index.php?rest_route=\/wp\/v2\/product"}],"about":[{"href":"https:\/\/twsites.com.br\/novomigcenter\/index.php?rest_route=\/wp\/v2\/types\/product"}],"replies":[{"embeddable":true,"href":"https:\/\/twsites.com.br\/novomigcenter\/index.php?rest_route=%2Fwp%2Fv2%2Fcomments&post=11118"}],"wp:featuredmedia":[{"embeddable":true,"href":"https:\/\/twsites.com.br\/novomigcenter\/index.php?rest_route=\/wp\/v2\/media\/11117"}],"wp:attachment":[{"href":"https:\/\/twsites.com.br\/novomigcenter\/index.php?rest_route=%2Fwp%2Fv2%2Fmedia&parent=11118"}],"wp:term":[{"taxonomy":"product_brand","embeddable":true,"href":"https:\/\/twsites.com.br\/novomigcenter\/index.php?rest_route=%2Fwp%2Fv2%2Fproduct_brand&post=11118"},{"taxonomy":"product_cat","embeddable":true,"href":"https:\/\/twsites.com.br\/novomigcenter\/index.php?rest_route=%2Fwp%2Fv2%2Fproduct_cat&post=11118"},{"taxonomy":"product_tag","embeddable":true,"href":"https:\/\/twsites.com.br\/novomigcenter\/index.php?rest_route=%2Fwp%2Fv2%2Fproduct_tag&post=11118"}],"curies":[{"name":"wp","href":"https:\/\/api.w.org\/{rel}","templated":true}]}}