{"id":11120,"date":"2017-02-17T11:17:20","date_gmt":"2017-02-17T11:17:20","guid":{"rendered":"https:\/\/twsites.com.br\/novomigcenter\/?product=estufa-de-crescimento-inox-304-cimapi"},"modified":"2017-02-17T11:17:20","modified_gmt":"2017-02-17T11:17:20","slug":"estufa-de-crescimento-inox-304-cimapi","status":"publish","type":"product","link":"https:\/\/twsites.com.br\/novomigcenter\/?product=estufa-de-crescimento-inox-304-cimapi","title":{"rendered":"Estufas de Crescimento em a\u00e7o inoxid\u00e1vel &#8220;304&#8221; &#8211; Cimapi"},"content":{"rendered":"<p><span style=\"font-weight: bold; font-size: 14px;\"><font face=\"Arial\" style=\"\">Descri\u00e7\u00e3o do Produto<\/font><\/span><\/p>\n<p><font face=\"Arial\" style=\"\"><span style=\"font-size: 14px;\">&#8211; Estufas de P\u00e3o Franc\u00eas para 20 assadeiras 58 x 70 cm &#8211; vazia<\/span><\/font><\/p>\n<p><font face=\"Arial\" style=\"\"><span style=\"font-size: 14px;\">&#8211; Estufa de P\u00e3o Doce para 20 assadeiras 36 x 62 x 3,5 cm &#8211; vazia<\/span><\/font><\/p>\n<p><font face=\"Arial\" style=\"\"><span style=\"font-size: 14px;\">&#8211; Estufas de P\u00e3o Doce para 40 assadeiras 36 x 62 x 3,5 cm &#8211; vazia<\/span><\/font><\/p>\n<p><font face=\"Arial\" style=\"\"><span style=\"font-size: 14px;\">&#8211; Estufas de P\u00e3o Franc\u00eas \/ P\u00e3o Doce para 20 assadeiras 40 x 80 cm &#8211; vazia<\/span><\/font><\/p>\n<p><font face=\"Arial\" style=\"\"><span style=\"font-size: 14px;\">&#8211; Estufa de P\u00e3o Franc\u00eas \/ P\u00e3o Doce para 20 assadeiras 60 x 80 cm &#8211; vazia<\/span><\/font><\/p>\n<p><font face=\"Arial\" style=\"\"><span style=\"font-size: 14px;\">&#8211; Estufas &nbsp;de P\u00e3o Doce para 20 assadeiras 40 x 60 cm &#8211; Modelo BH &#8211; vazia<\/span><\/font><\/p>\n<p><font face=\"Arial\" style=\"\"><span style=\"font-size: 14px;\">&#8211; Estufas de P\u00e3o Doce para 40 assadeiras 40 x 60 cm Modelo BH &#8211; vazia<\/span><\/font><\/p>\n<p><font face=\"Arial\" style=\"\"><span style=\"font-size: 14px;\">&#8211; Estudas de P\u00e3o Doce para 20 assadeiras 40 x 60 cm Modelo Rio &#8211; vazia<\/span><\/font><\/p>\n<p><font face=\"Arial\" style=\"\"><span style=\"font-size: 14px;\">&#8211; Estufas de P\u00e3o Doce para 40 assadeiras 40 x 60 cm Modelo Rio &#8211; vazia<\/span><\/font><\/p>\n","protected":false},"excerpt":{"rendered":"<p>Descri\u00e7\u00e3o do Produto &#8211; Estufas de P\u00e3o Franc\u00eas para 20 assadeiras 58 x 70 cm &#8211; vazia &#8211; Estufa de P\u00e3o Doce para 20 assadeiras 36 x 62 x 3,5 cm &#8211; vazia &#8211; Estufas de P\u00e3o Doce para 40 assadeiras 36 x 62 x 3,5 cm &#8211; vazia &#8211; Estufas de P\u00e3o Franc\u00eas \/ [&hellip;]<\/p>\n","protected":false},"featured_media":11119,"comment_status":"open","ping_status":"closed","template":"","meta":[],"product_brand":[],"product_cat":[337],"product_tag":[],"class_list":{"0":"post-11120","1":"product","2":"type-product","3":"status-publish","4":"has-post-thumbnail","6":"product_cat-armario-de-pao-frances-doce","8":"first","9":"instock","10":"shipping-taxable","11":"purchasable","12":"product-type-simple"},"_links":{"self":[{"href":"https:\/\/twsites.com.br\/novomigcenter\/index.php?rest_route=\/wp\/v2\/product\/11120","targetHints":{"allow":["GET"]}}],"collection":[{"href":"https:\/\/twsites.com.br\/novomigcenter\/index.php?rest_route=\/wp\/v2\/product"}],"about":[{"href":"https:\/\/twsites.com.br\/novomigcenter\/index.php?rest_route=\/wp\/v2\/types\/product"}],"replies":[{"embeddable":true,"href":"https:\/\/twsites.com.br\/novomigcenter\/index.php?rest_route=%2Fwp%2Fv2%2Fcomments&post=11120"}],"wp:featuredmedia":[{"embeddable":true,"href":"https:\/\/twsites.com.br\/novomigcenter\/index.php?rest_route=\/wp\/v2\/media\/11119"}],"wp:attachment":[{"href":"https:\/\/twsites.com.br\/novomigcenter\/index.php?rest_route=%2Fwp%2Fv2%2Fmedia&parent=11120"}],"wp:term":[{"taxonomy":"product_brand","embeddable":true,"href":"https:\/\/twsites.com.br\/novomigcenter\/index.php?rest_route=%2Fwp%2Fv2%2Fproduct_brand&post=11120"},{"taxonomy":"product_cat","embeddable":true,"href":"https:\/\/twsites.com.br\/novomigcenter\/index.php?rest_route=%2Fwp%2Fv2%2Fproduct_cat&post=11120"},{"taxonomy":"product_tag","embeddable":true,"href":"https:\/\/twsites.com.br\/novomigcenter\/index.php?rest_route=%2Fwp%2Fv2%2Fproduct_tag&post=11120"}],"curies":[{"name":"wp","href":"https:\/\/api.w.org\/{rel}","templated":true}]}}