{"id":11122,"date":"2017-02-17T11:28:06","date_gmt":"2017-02-17T11:28:06","guid":{"rendered":"https:\/\/twsites.com.br\/novomigcenter\/?product=estufa-de-crescimento-em-aluminio-cimapi"},"modified":"2017-02-17T11:28:06","modified_gmt":"2017-02-17T11:28:06","slug":"estufa-de-crescimento-em-aluminio-cimapi","status":"publish","type":"product","link":"https:\/\/twsites.com.br\/novomigcenter\/?product=estufa-de-crescimento-em-aluminio-cimapi","title":{"rendered":"Estufas de Crescimento em Alum\u00ednio &#8211; Cimapi"},"content":{"rendered":"<p><span style=\"font-weight: bold; font-size: 14px;\"><font face=\"Arial\">Descri\u00e7\u00e3o do Produto<\/font><\/span><\/p>\n<p><font face=\"Arial\"><span style=\"font-size: 14px;\">&#8211; Resistente: &#8211; Fabricada com chapas e tubos especiais em liga naval de elevada espessura<\/span><\/font><\/p>\n<p><font face=\"Arial\"><span style=\"font-size: 14px;\">&#8211; Dur\u00e1vel: &#8211; Longa vida \u00fatil, n\u00e3o sofre a a\u00e7\u00e3o de ferrugem mesmo sendo utilizado em c\u00e2maras frias<\/span><\/font><\/p>\n<p><font face=\"Arial\"><span style=\"font-size: 14px;\">&#8211;&nbsp;Leve: &#8211; F\u00e1cil de manusear, ideal para transportar para pontos quentes<\/span><\/font><\/p>\n<p><font face=\"Arial\"><span style=\"font-size: 14px;\">&#8211; Higi\u00eanico: &#8211; F\u00e1cil limpeza, podendo ser lavado com \u00e1gua e sab\u00e3o<\/span><\/font><\/p>\n<p><font face=\"Arial\"><span style=\"font-size: 14px;\">&#8211;&nbsp;Visual: &#8211; Moderno e arrojado, conservando uma \u00f3tima apar\u00eancia por um longo tempo<\/span><\/font><\/p>\n<p><font face=\"Arial\"><span style=\"font-size: 14px;\">&#8211;&nbsp; Ecologicamente Correto<\/span><\/font><\/p>\n<p><font face=\"Arial\"><span style=\"font-size: 14px;\">&#8211; Produto totalmente recicl\u00e1vel, retorno parcial do investimento na troca<\/span><\/font><\/p>\n<p><font face=\"Arial\"><span style=\"font-size: 14px;\">&#8211;&nbsp;Estufa de Crescimento p\/ 20 assadeiras 40 x 60 cm &#8211; vazia &#8211; Modelo BH Medidas externa: 450 x 740 x 1950 mm<\/span><\/font><\/p>\n<p><font face=\"Arial\"><span style=\"font-size: 14px;\">&#8211;&nbsp;Estufa de Crescimento p\/ 40 assadeiras 40 x 60 cm &#8211; vazia &#8211; Modelo BH Medidas externa: 880 x 740 x 1950 mm<\/span><\/font><\/p>\n<p><font face=\"Arial\"><span style=\"font-size: 14px;\">&#8211;&nbsp;Estufa de Crescimento p\/ 20 assadeiras 40 x 60 cm &#8211; vazia &#8211; Modelo RIO Medidas externa: 475 x 740 x 1950 mm<\/span><\/font><\/p>\n<p><font face=\"Arial\"><span style=\"font-size: 14px;\">&#8211;&nbsp;Estufa de Crescimento p\/ 40 assadeiras 40 x 60 cm &#8211; vazia &#8211; Modelo RIO Medidas externa: 910 x 740 x 1950 mm<\/span><\/font><\/p>\n<p><font face=\"Arial\"><span style=\"font-size: 14px;\">&#8211;&nbsp;Estufa de Crescimento p\/ 20 assadeiras 58 x 70 cm &#8211; vazia &#8211; Medidas externa: 630 x 740 x 1950 mm<\/span><\/font><\/p>\n<p><font face=\"Arial\"><span style=\"font-size: 14px;\">&#8211; Estufa de Crescimento p\/ 20 assadeiras 40 x 80 cm &#8211; vazia &#8211; Medidas externa: 440 x 840 x 1950 mm<\/span><\/font><\/p>\n<p><font face=\"Arial\"><span style=\"font-size: 14px;\">&#8211;&nbsp;Estufa de Crescimento p\/ 20 assadeiras 60 x 80 cm &#8211; vazia &#8211; Medidas externa: 640 x 840 x 1950 mm<\/span><\/font><\/p>\n<p><font face=\"Arial\"><span style=\"font-size: 14px;\">&#8211;&nbsp;Estufa de Crescimento p\/ 20 assadeiras 36 x 62 x 3,5 cm -vazia &#8211; Medidas externa: 440 x 740 x 1950 mm<\/span><\/font><\/p>\n<p><font face=\"Arial\"><span style=\"font-size: 14px;\">&#8211;&nbsp;Estufa de Crescimento p\/ 40 assadeiras 36 x 62 x 3,5 cm &#8211; vazia &#8211; Medidas externa: 860 x 740 x 1950 mm<\/span><\/font><\/p>\n","protected":false},"excerpt":{"rendered":"<p>Descri\u00e7\u00e3o do Produto &#8211; Resistente: &#8211; Fabricada com chapas e tubos especiais em liga naval de elevada espessura &#8211; Dur\u00e1vel: &#8211; Longa vida \u00fatil, n\u00e3o sofre a a\u00e7\u00e3o de ferrugem mesmo sendo utilizado em c\u00e2maras frias &#8211;&nbsp;Leve: &#8211; F\u00e1cil de manusear, ideal para transportar para pontos quentes &#8211; Higi\u00eanico: &#8211; F\u00e1cil limpeza, podendo ser lavado [&hellip;]<\/p>\n","protected":false},"featured_media":11121,"comment_status":"open","ping_status":"closed","template":"","meta":[],"product_brand":[],"product_cat":[337],"product_tag":[],"class_list":{"0":"post-11122","1":"product","2":"type-product","3":"status-publish","4":"has-post-thumbnail","6":"product_cat-armario-de-pao-frances-doce","8":"first","9":"instock","10":"shipping-taxable","11":"purchasable","12":"product-type-simple"},"_links":{"self":[{"href":"https:\/\/twsites.com.br\/novomigcenter\/index.php?rest_route=\/wp\/v2\/product\/11122","targetHints":{"allow":["GET"]}}],"collection":[{"href":"https:\/\/twsites.com.br\/novomigcenter\/index.php?rest_route=\/wp\/v2\/product"}],"about":[{"href":"https:\/\/twsites.com.br\/novomigcenter\/index.php?rest_route=\/wp\/v2\/types\/product"}],"replies":[{"embeddable":true,"href":"https:\/\/twsites.com.br\/novomigcenter\/index.php?rest_route=%2Fwp%2Fv2%2Fcomments&post=11122"}],"wp:featuredmedia":[{"embeddable":true,"href":"https:\/\/twsites.com.br\/novomigcenter\/index.php?rest_route=\/wp\/v2\/media\/11121"}],"wp:attachment":[{"href":"https:\/\/twsites.com.br\/novomigcenter\/index.php?rest_route=%2Fwp%2Fv2%2Fmedia&parent=11122"}],"wp:term":[{"taxonomy":"product_brand","embeddable":true,"href":"https:\/\/twsites.com.br\/novomigcenter\/index.php?rest_route=%2Fwp%2Fv2%2Fproduct_brand&post=11122"},{"taxonomy":"product_cat","embeddable":true,"href":"https:\/\/twsites.com.br\/novomigcenter\/index.php?rest_route=%2Fwp%2Fv2%2Fproduct_cat&post=11122"},{"taxonomy":"product_tag","embeddable":true,"href":"https:\/\/twsites.com.br\/novomigcenter\/index.php?rest_route=%2Fwp%2Fv2%2Fproduct_tag&post=11122"}],"curies":[{"name":"wp","href":"https:\/\/api.w.org\/{rel}","templated":true}]}}