{"id":11134,"date":"2017-02-17T16:35:05","date_gmt":"2017-02-17T16:35:05","guid":{"rendered":"https:\/\/twsites.com.br\/novomigcenter\/?product=bp-38-c-gpaniz"},"modified":"2017-02-17T16:35:05","modified_gmt":"2017-02-17T16:35:05","slug":"bp-38-c-gpaniz","status":"publish","type":"product","link":"https:\/\/twsites.com.br\/novomigcenter\/?product=bp-38-c-gpaniz","title":{"rendered":"BATEDEIRA PLANETARIA BP 38 C &#8211; G.Paniz"},"content":{"rendered":"<p><span style=\"font-weight: bold;\">Descri\u00e7\u00e3o do Produto<\/span><\/p>\n<p>Para a prepara\u00e7\u00e3o de glac\u00eas,&nbsp;<\/p>\n<p>cremes, mashmallow, claras em neve, panquecas e similares.&nbsp;<\/p>\n<p><span style=\"font-weight: bold;\">CARACTER\u00cdSTICAS&nbsp;<\/span><\/p>\n<p>&#8211; Batedores em alum\u00ednio , especiais para cada fun\u00e7\u00e3o (globo e raquete)&nbsp;<\/p>\n<p>&#8211; Velocidade em quatro est\u00e1gios&nbsp;<\/p>\n<p>&#8211; Troca de velocidade eletr\u00f4nica&nbsp;<\/p>\n<p>&#8211; Corpo em chapa de a\u00e7o SAE 1020 com pintura ep\u00f3xi&nbsp;<\/p>\n<p>&#8211; Cuba em a\u00e7o inoxid\u00e1vel&nbsp;<\/p>\n<p>&#8211; Rolamentos blindados&nbsp;<\/p>\n<p>&#8211; Sistema de transmiss\u00e3o por correias&nbsp;<\/p>\n<p><span style=\"font-weight: bold;\">VANTAGENS&nbsp;<\/span><\/p>\n<p>Troca de velocidade por meio de inversor de freq\u00fc\u00eancia (eletr\u00f4nico) permitindo assim um baixo n\u00edvel de ru\u00eddo, sistema de seguran\u00e7a no acesso a cuba.<\/p>\n<p><\/p>\n<table class=\"table table-bordered\" style=\"background-color: rgb(255, 255, 255); width: 1440px;\">\n<tbody>\n<tr>\n<td>CAPACIDADE<\/td>\n<td>38 L de mistura pronta&nbsp;<\/td>\n<\/tr>\n<tr>\n<td>POT\u00caNCIA<\/td>\n<td>Motor de1.5 Cv<\/td>\n<\/tr>\n<tr>\n<td>VELOCIDADE<\/td>\n<td>1\u00aa- 50 RPM &nbsp;<span style=\"font-family: Arial, Helvetica, sans-serif; font-size: 13px;\">4\u00aa- 170 RPM&nbsp;<\/span><\/td>\n<\/tr>\n<tr>\n<td>PESO LIQUIDO<\/td>\n<td>185 Kg<\/td>\n<\/tr>\n<tr>\n<td>PESO BRUTO<\/td>\n<td>208 Kg<\/td>\n<\/tr>\n<tr>\n<td>Altura<\/td>\n<td>1170mm&nbsp;<\/td>\n<\/tr>\n<tr>\n<td>Largura<\/td>\n<td>560mm<\/td>\n<\/tr>\n<tr>\n<td>Comprimento<\/td>\n<td>750mm<\/td>\n<\/tr>\n<\/tbody>\n<\/table>\n","protected":false},"excerpt":{"rendered":"<p>Descri\u00e7\u00e3o do Produto Para a prepara\u00e7\u00e3o de glac\u00eas,&nbsp; cremes, mashmallow, claras em neve, panquecas e similares.&nbsp; CARACTER\u00cdSTICAS&nbsp; &#8211; Batedores em alum\u00ednio , especiais para cada fun\u00e7\u00e3o (globo e raquete)&nbsp; &#8211; Velocidade em quatro est\u00e1gios&nbsp; &#8211; Troca de velocidade eletr\u00f4nica&nbsp; &#8211; Corpo em chapa de a\u00e7o SAE 1020 com pintura ep\u00f3xi&nbsp; &#8211; Cuba em a\u00e7o inoxid\u00e1vel&nbsp; [&hellip;]<\/p>\n","protected":false},"featured_media":11133,"comment_status":"open","ping_status":"closed","template":"","meta":[],"product_brand":[],"product_cat":[338],"product_tag":[],"class_list":{"0":"post-11134","1":"product","2":"type-product","3":"status-publish","4":"has-post-thumbnail","6":"product_cat-batedeira-planetaria","8":"first","9":"instock","10":"shipping-taxable","11":"purchasable","12":"product-type-simple"},"_links":{"self":[{"href":"https:\/\/twsites.com.br\/novomigcenter\/index.php?rest_route=\/wp\/v2\/product\/11134","targetHints":{"allow":["GET"]}}],"collection":[{"href":"https:\/\/twsites.com.br\/novomigcenter\/index.php?rest_route=\/wp\/v2\/product"}],"about":[{"href":"https:\/\/twsites.com.br\/novomigcenter\/index.php?rest_route=\/wp\/v2\/types\/product"}],"replies":[{"embeddable":true,"href":"https:\/\/twsites.com.br\/novomigcenter\/index.php?rest_route=%2Fwp%2Fv2%2Fcomments&post=11134"}],"wp:featuredmedia":[{"embeddable":true,"href":"https:\/\/twsites.com.br\/novomigcenter\/index.php?rest_route=\/wp\/v2\/media\/11133"}],"wp:attachment":[{"href":"https:\/\/twsites.com.br\/novomigcenter\/index.php?rest_route=%2Fwp%2Fv2%2Fmedia&parent=11134"}],"wp:term":[{"taxonomy":"product_brand","embeddable":true,"href":"https:\/\/twsites.com.br\/novomigcenter\/index.php?rest_route=%2Fwp%2Fv2%2Fproduct_brand&post=11134"},{"taxonomy":"product_cat","embeddable":true,"href":"https:\/\/twsites.com.br\/novomigcenter\/index.php?rest_route=%2Fwp%2Fv2%2Fproduct_cat&post=11134"},{"taxonomy":"product_tag","embeddable":true,"href":"https:\/\/twsites.com.br\/novomigcenter\/index.php?rest_route=%2Fwp%2Fv2%2Fproduct_tag&post=11134"}],"curies":[{"name":"wp","href":"https:\/\/api.w.org\/{rel}","templated":true}]}}