{"id":11150,"date":"2017-02-20T10:23:32","date_gmt":"2017-02-20T10:23:32","guid":{"rendered":"https:\/\/twsites.com.br\/novomigcenter\/?product=bcmf-300-firenze"},"modified":"2017-02-20T10:23:32","modified_gmt":"2017-02-20T10:23:32","slug":"bcmf-300-firenze","status":"publish","type":"product","link":"https:\/\/twsites.com.br\/novomigcenter\/?product=bcmf-300-firenze","title":{"rendered":"Cilindro Manual BCMF-300 Firenze &#8211; MB Braesi"},"content":{"rendered":"<p><span style=\"font-weight: bold;\">Descri\u00e7\u00e3o do Produto<\/span><\/p>\n<p><span style=\"font-weight: bold;\">* Cilindro Milano:<\/span><\/p>\n<p>&#8211; Laterais em alum\u00ednio e engrenagens em nylon;<\/p>\n<p>&#8211; Cilindros laminadores de 2&#8243; x 300mm, revestidos em cromo duro;<\/p>\n<p>&#8211; Montado sobre base de madeira.<\/p>\n<p><span style=\"font-weight: bold;\">* Cilindros Firenze e Veneza:<\/span><\/p>\n<p>&#8211; Engrenagens em nylon;<\/p>\n<p>&#8211; Firenze com laterais em alum\u00ednio;<\/p>\n<p>&#8211; Veneza com laterais em polipropileno;<\/p>\n<p>&#8211; Cilindros laminadores de 2&#8243; x 300mm, revestidos em cromo duro;<\/p>\n<p>&#8211; L\u00e2mina de apoio em a\u00e7o com pintura ep\u00f3xi.<\/p>\n<p><\/p>\n<table class=\"table table-bordered\" style=\"background-color: rgb(255, 255, 255); width: 1440px;\">\n<tbody>\n<tr>\n<td>Modelo<\/td>\n<td>Altura (mm)<\/td>\n<td>Profundidade (mm)<\/td>\n<td>Largura (mm)<\/td>\n<td>Peso L\u00edquido (kg)<\/td>\n<\/tr>\n<tr>\n<td>BCMF-300<\/td>\n<td>245<\/td>\n<td>145<\/td>\n<td>385<\/td>\n<td>2,4<\/td>\n<\/tr>\n<\/tbody>\n<\/table>\n","protected":false},"excerpt":{"rendered":"<p>Descri\u00e7\u00e3o do Produto * Cilindro Milano: &#8211; Laterais em alum\u00ednio e engrenagens em nylon; &#8211; Cilindros laminadores de 2&#8243; x 300mm, revestidos em cromo duro; &#8211; Montado sobre base de madeira. * Cilindros Firenze e Veneza: &#8211; Engrenagens em nylon; &#8211; Firenze com laterais em alum\u00ednio; &#8211; Veneza com laterais em polipropileno; &#8211; Cilindros laminadores [&hellip;]<\/p>\n","protected":false},"featured_media":11149,"comment_status":"open","ping_status":"closed","template":"","meta":[],"product_brand":[],"product_cat":[340],"product_tag":[],"class_list":{"0":"post-11150","1":"product","2":"type-product","3":"status-publish","4":"has-post-thumbnail","6":"product_cat-cilindro","8":"first","9":"instock","10":"shipping-taxable","11":"purchasable","12":"product-type-simple"},"_links":{"self":[{"href":"https:\/\/twsites.com.br\/novomigcenter\/index.php?rest_route=\/wp\/v2\/product\/11150","targetHints":{"allow":["GET"]}}],"collection":[{"href":"https:\/\/twsites.com.br\/novomigcenter\/index.php?rest_route=\/wp\/v2\/product"}],"about":[{"href":"https:\/\/twsites.com.br\/novomigcenter\/index.php?rest_route=\/wp\/v2\/types\/product"}],"replies":[{"embeddable":true,"href":"https:\/\/twsites.com.br\/novomigcenter\/index.php?rest_route=%2Fwp%2Fv2%2Fcomments&post=11150"}],"wp:featuredmedia":[{"embeddable":true,"href":"https:\/\/twsites.com.br\/novomigcenter\/index.php?rest_route=\/wp\/v2\/media\/11149"}],"wp:attachment":[{"href":"https:\/\/twsites.com.br\/novomigcenter\/index.php?rest_route=%2Fwp%2Fv2%2Fmedia&parent=11150"}],"wp:term":[{"taxonomy":"product_brand","embeddable":true,"href":"https:\/\/twsites.com.br\/novomigcenter\/index.php?rest_route=%2Fwp%2Fv2%2Fproduct_brand&post=11150"},{"taxonomy":"product_cat","embeddable":true,"href":"https:\/\/twsites.com.br\/novomigcenter\/index.php?rest_route=%2Fwp%2Fv2%2Fproduct_cat&post=11150"},{"taxonomy":"product_tag","embeddable":true,"href":"https:\/\/twsites.com.br\/novomigcenter\/index.php?rest_route=%2Fwp%2Fv2%2Fproduct_tag&post=11150"}],"curies":[{"name":"wp","href":"https:\/\/api.w.org\/{rel}","templated":true}]}}