{"id":11159,"date":"2017-02-20T11:30:35","date_gmt":"2017-02-20T11:30:35","guid":{"rendered":"https:\/\/twsites.com.br\/novomigcenter\/?product=cbp-37-1-top"},"modified":"2017-02-20T11:30:35","modified_gmt":"2017-02-20T11:30:35","slug":"cbp-37-1-top","status":"publish","type":"product","link":"https:\/\/twsites.com.br\/novomigcenter\/?product=cbp-37-1-top","title":{"rendered":"Cilindros Laminadores CBP-37\/1 Top &#8211; MB Braesi"},"content":{"rendered":"<p><span style=\"font-weight: bold;\">Descri\u00e7\u00e3o do Produto<\/span><\/p>\n<p><span style=\"font-weight: bold;\">* CBM-37\/1 Top | &nbsp;CBP-37\/1 Top e CBPI-37\/1 Top:<\/span><\/p>\n<p>&#8211; Estrutura em a\u00e7o com pintura ep\u00f3xi;<\/p>\n<p>&#8211; Bandeja de manipula\u00e7\u00e3o em a\u00e7o inox ou pintura ep\u00f3xi;<\/p>\n<p>&#8211; Eixos apoiados em rolamentos;<\/p>\n<p>&#8211; Rolos com revestimento em cromo duro;<\/p>\n<p>&#8211; Regulagem do cilindro unilateral;<\/p>\n<p>&#8211; Capacidade para 5kg de massa;<\/p>\n<p>&#8211; Grade de seguran\u00e7a e chapa de prote\u00e7\u00e3o dos cilindros;<\/p>\n<p>&#8211; Equipamento bivolt tens\u00e3o 127\/220v;<\/p>\n<p>&#8211; Opcional pedestal PB-37 Top em a\u00e7o com pintura ep\u00f3xi.<\/p>\n<p><\/p>\n<table class=\"table table-bordered\" style=\"background-color: rgb(255, 255, 255); width: 1440px;\">\n<tbody>\n<tr>\n<td><span style=\"font-weight: bold;\">Modelo<\/span><\/td>\n<td><span style=\"font-weight: bold;\">Cilindro (mm)<\/span><\/td>\n<td><span style=\"font-weight: bold;\">Altura (mm)<\/span><\/td>\n<td><span style=\"font-weight: bold;\">Profundidade (mm)<\/span><\/td>\n<td><span style=\"font-weight: bold;\">Largura (mm)<\/span><\/td>\n<td><span style=\"font-weight: bold;\">Peso L\u00edquido (kg)<\/span><\/td>\n<td><span style=\"font-weight: bold;\">Motor<\/span><\/td>\n<td><span style=\"font-weight: bold;\">Consumo M\u00e9dio (kw\/h)<\/span><\/td>\n<\/tr>\n<tr>\n<td>CBP-37\/1 Top<\/td>\n<td>370 x 88<\/td>\n<td>1580<\/td>\n<td>940<\/td>\n<td>690<\/td>\n<td>96<\/td>\n<td>Bivolt 3\/4 cv<\/td>\n<td>0,60 \/ 0,55<\/td>\n<\/tr>\n<\/tbody>\n<\/table>\n","protected":false},"excerpt":{"rendered":"<p>Descri\u00e7\u00e3o do Produto * CBM-37\/1 Top | &nbsp;CBP-37\/1 Top e CBPI-37\/1 Top: &#8211; Estrutura em a\u00e7o com pintura ep\u00f3xi; &#8211; Bandeja de manipula\u00e7\u00e3o em a\u00e7o inox ou pintura ep\u00f3xi; &#8211; Eixos apoiados em rolamentos; &#8211; Rolos com revestimento em cromo duro; &#8211; Regulagem do cilindro unilateral; &#8211; Capacidade para 5kg de massa; &#8211; Grade de [&hellip;]<\/p>\n","protected":false},"featured_media":11158,"comment_status":"open","ping_status":"closed","template":"","meta":[],"product_brand":[],"product_cat":[340],"product_tag":[],"class_list":{"0":"post-11159","1":"product","2":"type-product","3":"status-publish","4":"has-post-thumbnail","6":"product_cat-cilindro","8":"first","9":"instock","10":"shipping-taxable","11":"purchasable","12":"product-type-simple"},"_links":{"self":[{"href":"https:\/\/twsites.com.br\/novomigcenter\/index.php?rest_route=\/wp\/v2\/product\/11159","targetHints":{"allow":["GET"]}}],"collection":[{"href":"https:\/\/twsites.com.br\/novomigcenter\/index.php?rest_route=\/wp\/v2\/product"}],"about":[{"href":"https:\/\/twsites.com.br\/novomigcenter\/index.php?rest_route=\/wp\/v2\/types\/product"}],"replies":[{"embeddable":true,"href":"https:\/\/twsites.com.br\/novomigcenter\/index.php?rest_route=%2Fwp%2Fv2%2Fcomments&post=11159"}],"wp:featuredmedia":[{"embeddable":true,"href":"https:\/\/twsites.com.br\/novomigcenter\/index.php?rest_route=\/wp\/v2\/media\/11158"}],"wp:attachment":[{"href":"https:\/\/twsites.com.br\/novomigcenter\/index.php?rest_route=%2Fwp%2Fv2%2Fmedia&parent=11159"}],"wp:term":[{"taxonomy":"product_brand","embeddable":true,"href":"https:\/\/twsites.com.br\/novomigcenter\/index.php?rest_route=%2Fwp%2Fv2%2Fproduct_brand&post=11159"},{"taxonomy":"product_cat","embeddable":true,"href":"https:\/\/twsites.com.br\/novomigcenter\/index.php?rest_route=%2Fwp%2Fv2%2Fproduct_cat&post=11159"},{"taxonomy":"product_tag","embeddable":true,"href":"https:\/\/twsites.com.br\/novomigcenter\/index.php?rest_route=%2Fwp%2Fv2%2Fproduct_tag&post=11159"}],"curies":[{"name":"wp","href":"https:\/\/api.w.org\/{rel}","templated":true}]}}