{"id":11163,"date":"2017-02-20T11:59:40","date_gmt":"2017-02-20T11:59:40","guid":{"rendered":"https:\/\/twsites.com.br\/novomigcenter\/?product=cli-300-s"},"modified":"2017-02-20T11:59:40","modified_gmt":"2017-02-20T11:59:40","slug":"cli-300-s","status":"publish","type":"product","link":"https:\/\/twsites.com.br\/novomigcenter\/?product=cli-300-s","title":{"rendered":"Cilindro Laminador De Mesa CLI 300 S &#8211; Gastromaq"},"content":{"rendered":"<p><span style=\"font-weight: bold;\">Caracter\u00edsticas<\/span><\/p>\n<p>Lamina massas. Possui sistema r\u00e1pido de abertura e engrenagem em a\u00e7o temperado.<\/p>\n<p><span style=\"font-weight: bold;\">Especifica\u00e7\u00f5es T\u00e9cnicas<\/span><\/p>\n<p><\/p>\n<table class=\"table table-bordered\" style=\"background-color: rgb(255, 255, 255); width: 1440px;\">\n<tbody>\n<tr>\n<td>CAPACIDADE<\/td>\n<td>3 Kg de massa por opera\u00e7\u00e3o<\/td>\n<\/tr>\n<tr>\n<td>POT\u00caNCIA<\/td>\n<td>1\/2 Cv m<\/td>\n<\/tr>\n<tr>\n<td>CONSUMO<\/td>\n<td>0,37 Kw\/h<\/td>\n<\/tr>\n<tr>\n<td>PESO<\/td>\n<td>43 Kg<\/td>\n<\/tr>\n<tr>\n<td>DI\u00c2METRO DO CILINDRO<\/td>\n<td>70 mm<\/td>\n<\/tr>\n<tr>\n<td>DIMENS\u00d5ES (AxLxC)<\/td>\n<td>560x560x440mm<\/td>\n<\/tr>\n<\/tbody>\n<\/table>\n","protected":false},"excerpt":{"rendered":"<p>Caracter\u00edsticas Lamina massas. Possui sistema r\u00e1pido de abertura e engrenagem em a\u00e7o temperado. Especifica\u00e7\u00f5es T\u00e9cnicas CAPACIDADE 3 Kg de massa por opera\u00e7\u00e3o POT\u00caNCIA 1\/2 Cv m CONSUMO 0,37 Kw\/h PESO 43 Kg DI\u00c2METRO DO CILINDRO 70 mm DIMENS\u00d5ES (AxLxC) 560x560x440mm<\/p>\n","protected":false},"featured_media":11162,"comment_status":"open","ping_status":"closed","template":"","meta":[],"product_brand":[],"product_cat":[340],"product_tag":[],"class_list":{"0":"post-11163","1":"product","2":"type-product","3":"status-publish","4":"has-post-thumbnail","6":"product_cat-cilindro","8":"first","9":"instock","10":"shipping-taxable","11":"purchasable","12":"product-type-simple"},"_links":{"self":[{"href":"https:\/\/twsites.com.br\/novomigcenter\/index.php?rest_route=\/wp\/v2\/product\/11163","targetHints":{"allow":["GET"]}}],"collection":[{"href":"https:\/\/twsites.com.br\/novomigcenter\/index.php?rest_route=\/wp\/v2\/product"}],"about":[{"href":"https:\/\/twsites.com.br\/novomigcenter\/index.php?rest_route=\/wp\/v2\/types\/product"}],"replies":[{"embeddable":true,"href":"https:\/\/twsites.com.br\/novomigcenter\/index.php?rest_route=%2Fwp%2Fv2%2Fcomments&post=11163"}],"wp:featuredmedia":[{"embeddable":true,"href":"https:\/\/twsites.com.br\/novomigcenter\/index.php?rest_route=\/wp\/v2\/media\/11162"}],"wp:attachment":[{"href":"https:\/\/twsites.com.br\/novomigcenter\/index.php?rest_route=%2Fwp%2Fv2%2Fmedia&parent=11163"}],"wp:term":[{"taxonomy":"product_brand","embeddable":true,"href":"https:\/\/twsites.com.br\/novomigcenter\/index.php?rest_route=%2Fwp%2Fv2%2Fproduct_brand&post=11163"},{"taxonomy":"product_cat","embeddable":true,"href":"https:\/\/twsites.com.br\/novomigcenter\/index.php?rest_route=%2Fwp%2Fv2%2Fproduct_cat&post=11163"},{"taxonomy":"product_tag","embeddable":true,"href":"https:\/\/twsites.com.br\/novomigcenter\/index.php?rest_route=%2Fwp%2Fv2%2Fproduct_tag&post=11163"}],"curies":[{"name":"wp","href":"https:\/\/api.w.org\/{rel}","templated":true}]}}