{"id":11167,"date":"2017-02-20T13:47:26","date_gmt":"2017-02-20T13:47:26","guid":{"rendered":"https:\/\/twsites.com.br\/novomigcenter\/?product=cle-300-mini-gastromaq"},"modified":"2017-02-20T13:47:26","modified_gmt":"2017-02-20T13:47:26","slug":"cle-300-mini-gastromaq","status":"publish","type":"product","link":"https:\/\/twsites.com.br\/novomigcenter\/?product=cle-300-mini-gastromaq","title":{"rendered":"Cilindro Laminador De Mesa CLE 300 MINI &#8211; Gastromaq"},"content":{"rendered":"<p><span style=\"font-weight: bold;\"><font face=\"Arial\">Caracter\u00edsticas<\/font><\/span><\/p>\n<p><font face=\"Arial\">Lamina massas. Possui sistema r\u00e1pido de abertura e engrenagem em a\u00e7o temperado.<br \/><\/font><\/p>\n<p><font face=\"Arial\"><span style=\"font-weight: bold;\">Especifica\u00e7\u00f5es T\u00e9cnicas<\/span><br \/><\/font><\/p>\n<p><font face=\"Arial\"><br \/><\/font><\/p>\n<table class=\"table table-bordered\" style=\"background-color: rgb(255, 255, 255); width: 1440px;\">\n<tbody>\n<tr>\n<td><font face=\"Arial\">CAPACIDADE<br \/><\/font><\/td>\n<td><font face=\"Arial\">3 Kg de massa por opera\u00e7\u00e3o<br \/><\/font><\/td>\n<\/tr>\n<tr>\n<td><font face=\"Arial\">POT\u00caNCIA<br \/><\/font><\/td>\n<td><font face=\"Arial\">1\/3 Cv monof\u00e1sico<br \/><\/font><\/td>\n<\/tr>\n<tr>\n<td><font face=\"Arial\">CONSUMO<br \/><\/font><\/td>\n<td><font face=\"Arial\">0,25 Kw\/h<br \/><\/font><\/td>\n<\/tr>\n<tr>\n<td><font face=\"Arial\">PESO<br \/><\/font><\/td>\n<td><font face=\"Arial\">34 Kg<br \/><\/font><\/td>\n<\/tr>\n<tr>\n<td><font face=\"Arial\">DI\u00c2METRO DO CILINDRO<br \/><\/font><\/td>\n<td><font face=\"Arial\">50 mm<br \/><\/font><\/td>\n<\/tr>\n<tr>\n<td><font face=\"Arial\">DIMENS\u00d5ES (AxLxC)<br \/><\/font><\/td>\n<td><font face=\"Arial\">440x570x440mm<\/font><\/td>\n<\/tr>\n<\/tbody>\n<\/table>\n","protected":false},"excerpt":{"rendered":"<p>Caracter\u00edsticas Lamina massas. Possui sistema r\u00e1pido de abertura e engrenagem em a\u00e7o temperado. Especifica\u00e7\u00f5es T\u00e9cnicas CAPACIDADE 3 Kg de massa por opera\u00e7\u00e3o POT\u00caNCIA 1\/3 Cv monof\u00e1sico CONSUMO 0,25 Kw\/h PESO 34 Kg DI\u00c2METRO DO CILINDRO 50 mm DIMENS\u00d5ES (AxLxC) 440x570x440mm<\/p>\n","protected":false},"featured_media":11166,"comment_status":"open","ping_status":"closed","template":"","meta":[],"product_brand":[],"product_cat":[340],"product_tag":[],"class_list":{"0":"post-11167","1":"product","2":"type-product","3":"status-publish","4":"has-post-thumbnail","6":"product_cat-cilindro","8":"first","9":"instock","10":"shipping-taxable","11":"purchasable","12":"product-type-simple"},"_links":{"self":[{"href":"https:\/\/twsites.com.br\/novomigcenter\/index.php?rest_route=\/wp\/v2\/product\/11167","targetHints":{"allow":["GET"]}}],"collection":[{"href":"https:\/\/twsites.com.br\/novomigcenter\/index.php?rest_route=\/wp\/v2\/product"}],"about":[{"href":"https:\/\/twsites.com.br\/novomigcenter\/index.php?rest_route=\/wp\/v2\/types\/product"}],"replies":[{"embeddable":true,"href":"https:\/\/twsites.com.br\/novomigcenter\/index.php?rest_route=%2Fwp%2Fv2%2Fcomments&post=11167"}],"wp:featuredmedia":[{"embeddable":true,"href":"https:\/\/twsites.com.br\/novomigcenter\/index.php?rest_route=\/wp\/v2\/media\/11166"}],"wp:attachment":[{"href":"https:\/\/twsites.com.br\/novomigcenter\/index.php?rest_route=%2Fwp%2Fv2%2Fmedia&parent=11167"}],"wp:term":[{"taxonomy":"product_brand","embeddable":true,"href":"https:\/\/twsites.com.br\/novomigcenter\/index.php?rest_route=%2Fwp%2Fv2%2Fproduct_brand&post=11167"},{"taxonomy":"product_cat","embeddable":true,"href":"https:\/\/twsites.com.br\/novomigcenter\/index.php?rest_route=%2Fwp%2Fv2%2Fproduct_cat&post=11167"},{"taxonomy":"product_tag","embeddable":true,"href":"https:\/\/twsites.com.br\/novomigcenter\/index.php?rest_route=%2Fwp%2Fv2%2Fproduct_tag&post=11167"}],"curies":[{"name":"wp","href":"https:\/\/api.w.org\/{rel}","templated":true}]}}