{"id":11171,"date":"2017-02-20T14:41:27","date_gmt":"2017-02-20T14:41:27","guid":{"rendered":"https:\/\/twsites.com.br\/novomigcenter\/?product=clpe-390-gastromaq"},"modified":"2017-02-20T14:41:27","modified_gmt":"2017-02-20T14:41:27","slug":"clpe-390-gastromaq","status":"publish","type":"product","link":"https:\/\/twsites.com.br\/novomigcenter\/?product=clpe-390-gastromaq","title":{"rendered":"Cilindro Laminador Semi-profissional &#8211; CLPE 390 &#8211; Gastromaq"},"content":{"rendered":"<p>Caracter\u00edsticas<\/p>\n<p>Os Cilindros da linha Gastromaq s\u00e3o equipados com escala graduada de 0,5 a 25 mm. Permitindo uma regulagem de lamina\u00e7\u00e3o mais r\u00e1pida e precisa. Os mecanismos em movimento s\u00e3o montados em eixo de a\u00e7o SAE1045, sobre rolamentos de primeira linha com dupla blindagem, lubrifica\u00e7\u00e3o permanente e engrenagens de a\u00e7o temperado. Para maior seguran\u00e7a do operador, contam &nbsp; com &nbsp; o &nbsp; Cilindro &nbsp; Seguran\u00e7a localizado, aproximadamente no meio do funil. O Cilindro encontra-se a uma &nbsp; altura que permite a entrada da massa por\u00e9m impede a aproxima\u00e7\u00e3o das m\u00e3os do usu\u00e1rio at\u00e9 os cilindros laminadores devido a dist\u00e2ncia ideal em que o mesmo est\u00e1 montado. Acompanha caixa de farinha (trigo) localizado na lateral direita da maquina.A grade de prote\u00e7\u00e3o impede o acesso das m\u00e3os do operador junto aos cilindros laminadores, a n\u00e3o ser que haja necessidade de interven\u00e7\u00e3o do mesmo. Situa\u00e7\u00e3o em que se pode bascular a referida grade fazendo com que o micro interruptor deixe de ser pressionado, o que corta o fornecimento de energia el\u00e9trica para o motor do equipamento, bloqueado todos os movimentos do cilindro.<\/p>\n<p>Especifica\u00e7\u00f5es T\u00e9cnicas<\/p>\n<p><\/p>\n<table class=\"table table-bordered\" style=\"background-color: rgb(255, 255, 255); width: 1440px;\">\n<tbody>\n<tr>\n<td>CAPACIDADE<\/td>\n<td>4 KG<\/td>\n<\/tr>\n<tr>\n<td>POT\u00caNCIA<\/td>\n<td>1,0 CV<\/td>\n<\/tr>\n<tr>\n<td>VELOCIDADE<\/td>\n<td>80 rpm<\/td>\n<\/tr>\n<tr>\n<td>CONSUMO<\/td>\n<td>0,75 Kw\/h<\/td>\n<\/tr>\n<tr>\n<td>PESO<\/td>\n<td>78 Kg<\/td>\n<\/tr>\n<tr>\n<td>DIMENS\u00d5ES (alt x larg x comp)<\/td>\n<td>1240 x 780 x 860 mm<\/td>\n<\/tr>\n<tr>\n<td>DI\u00c2METRO DOS ROLOS<\/td>\n<td>70 mm<\/td>\n<\/tr>\n<\/tbody>\n<\/table>\n<p><\/p>\n","protected":false},"excerpt":{"rendered":"<p>Caracter\u00edsticas Os Cilindros da linha Gastromaq s\u00e3o equipados com escala graduada de 0,5 a 25 mm. Permitindo uma regulagem de lamina\u00e7\u00e3o mais r\u00e1pida e precisa. Os mecanismos em movimento s\u00e3o montados em eixo de a\u00e7o SAE1045, sobre rolamentos de primeira linha com dupla blindagem, lubrifica\u00e7\u00e3o permanente e engrenagens de a\u00e7o temperado. Para maior seguran\u00e7a do [&hellip;]<\/p>\n","protected":false},"featured_media":11170,"comment_status":"open","ping_status":"closed","template":"","meta":[],"product_brand":[],"product_cat":[340],"product_tag":[],"class_list":{"0":"post-11171","1":"product","2":"type-product","3":"status-publish","4":"has-post-thumbnail","6":"product_cat-cilindro","8":"first","9":"instock","10":"shipping-taxable","11":"purchasable","12":"product-type-simple"},"_links":{"self":[{"href":"https:\/\/twsites.com.br\/novomigcenter\/index.php?rest_route=\/wp\/v2\/product\/11171","targetHints":{"allow":["GET"]}}],"collection":[{"href":"https:\/\/twsites.com.br\/novomigcenter\/index.php?rest_route=\/wp\/v2\/product"}],"about":[{"href":"https:\/\/twsites.com.br\/novomigcenter\/index.php?rest_route=\/wp\/v2\/types\/product"}],"replies":[{"embeddable":true,"href":"https:\/\/twsites.com.br\/novomigcenter\/index.php?rest_route=%2Fwp%2Fv2%2Fcomments&post=11171"}],"wp:featuredmedia":[{"embeddable":true,"href":"https:\/\/twsites.com.br\/novomigcenter\/index.php?rest_route=\/wp\/v2\/media\/11170"}],"wp:attachment":[{"href":"https:\/\/twsites.com.br\/novomigcenter\/index.php?rest_route=%2Fwp%2Fv2%2Fmedia&parent=11171"}],"wp:term":[{"taxonomy":"product_brand","embeddable":true,"href":"https:\/\/twsites.com.br\/novomigcenter\/index.php?rest_route=%2Fwp%2Fv2%2Fproduct_brand&post=11171"},{"taxonomy":"product_cat","embeddable":true,"href":"https:\/\/twsites.com.br\/novomigcenter\/index.php?rest_route=%2Fwp%2Fv2%2Fproduct_cat&post=11171"},{"taxonomy":"product_tag","embeddable":true,"href":"https:\/\/twsites.com.br\/novomigcenter\/index.php?rest_route=%2Fwp%2Fv2%2Fproduct_tag&post=11171"}],"curies":[{"name":"wp","href":"https:\/\/api.w.org\/{rel}","templated":true}]}}