{"id":11173,"date":"2017-02-20T15:13:49","date_gmt":"2017-02-20T15:13:49","guid":{"rendered":"https:\/\/twsites.com.br\/novomigcenter\/?product=cs-450-gpaniz"},"modified":"2017-02-20T15:13:49","modified_gmt":"2017-02-20T15:13:49","slug":"cs-450-gpaniz","status":"publish","type":"product","link":"https:\/\/twsites.com.br\/novomigcenter\/?product=cs-450-gpaniz","title":{"rendered":"CILINDRO SOVADOR CS 450 &#8211; G.Paniz"},"content":{"rendered":"<p style=\"margin-top: 20px; margin-bottom: 20px; padding: 0px; background-position: 0px 0px; font-family: Arial, Helvetica, sans-serif; font-size: 13px; line-height: 25px;\"><span style=\"font-weight: bold;\">Descri\u00e7\u00e3o do Produto<\/span><\/p>\n<p style=\"margin-top: 20px; margin-bottom: 20px; padding: 0px; background-position: 0px 0px; font-family: Arial, Helvetica, sans-serif; font-size: 13px; line-height: 25px;\">Para cilindrar e sovar massas<\/p>\n<p style=\"margin-top: 20px; margin-bottom: 20px; padding: 0px; background-position: 0px 0px; font-family: Arial, Helvetica, sans-serif; font-size: 13px; line-height: 25px;\">&#8211; Corpo em chapa de a\u00e7o SAE 1020 com pintura ep\u00f3xi<\/p>\n<p style=\"margin-top: 20px; margin-bottom: 20px; padding: 0px; background-position: 0px 0px; font-family: Arial, Helvetica, sans-serif; font-size: 13px; line-height: 25px;\">&#8211; Com bandeias em a\u00e7o inoxid\u00e1vel (opcional)<\/p>\n<p style=\"margin-top: 20px; margin-bottom: 20px; padding: 0px; background-position: 0px 0px; font-family: Arial, Helvetica, sans-serif; font-size: 13px; line-height: 25px;\">&#8211; Correias com sistema de aperto r\u00e1pido e simples<\/p>\n<p style=\"margin-top: 20px; margin-bottom: 20px; padding: 0px; background-position: 0px 0px; font-family: Arial, Helvetica, sans-serif; font-size: 13px; line-height: 25px;\">&#8211; Duplo comando de bot\u00f5es de emerg\u00eancia<\/p>\n<p style=\"margin-top: 20px; margin-bottom: 20px; padding: 0px; background-position: 0px 0px; font-family: Arial, Helvetica, sans-serif; font-size: 13px; line-height: 25px;\">&#8211; Sistema pr\u00e1tico e seguro de abertura dos rolos por meio de man\u00edpulos<\/p>\n<p style=\"margin-top: 20px; margin-bottom: 20px; padding: 0px; background-position: 0px 0px; font-family: Arial, Helvetica, sans-serif; font-size: 13px; line-height: 25px;\">&#8211; Indicador de espessura visual<\/p>\n<p style=\"margin-top: 20px; margin-bottom: 20px; padding: 0px; background-position: 0px 0px; font-family: Arial, Helvetica, sans-serif; font-size: 13px; line-height: 25px;\">&#8211; Mancais em ferro fundido, utilizando rolamentos blindados<\/p>\n<p style=\"margin-top: 20px; margin-bottom: 20px; padding: 0px; background-position: 0px 0px; font-family: Arial, Helvetica, sans-serif; font-size: 13px; line-height: 25px;\">&nbsp;<strong style=\"margin: 0px; padding: 0px; background-position: 0px 0px;\">VANTAGENS<\/strong>&nbsp;<\/p>\n<p style=\"margin-top: 20px; margin-bottom: 20px; padding: 0px; background-position: 0px 0px; font-family: Arial, Helvetica, sans-serif; font-size: 13px; line-height: 25px;\">Segue rigorosamente as normas de seguran\u00e7a ABNT, conforme projeto lei N\u00b0 0401902001\/96, sistema de freio motor e cilindro de seguran\u00e7a.<\/p>\n<p style=\"margin-top: 20px; margin-bottom: 20px; padding: 0px; background-position: 0px 0px; font-family: Arial, Helvetica, sans-serif; font-size: 13px; line-height: 25px;\"><\/p>\n<table class=\"table table-bordered\" style=\"background-color: rgb(255, 255, 255); width: 1440px;\">\n<tbody>\n<tr>\n<td>CAPACIDADE<\/td>\n<td>10 KG<\/td>\n<\/tr>\n<tr>\n<td>POT\u00caNCIA<\/td>\n<td>motore de 1,5 CV<\/td>\n<\/tr>\n<tr>\n<td>VELOCIDADE<\/td>\n<td>117 RPM<\/td>\n<\/tr>\n<tr>\n<td>CONSUMO<\/td>\n<td>1,6 Kw\/h<\/td>\n<\/tr>\n<tr>\n<td>PESO LIQUIDO<\/td>\n<td>109 Kg<\/td>\n<\/tr>\n<tr>\n<td>PESO BRUTO<\/td>\n<td>134 Kg<\/td>\n<\/tr>\n<tr>\n<td>ABERTURA DOS ROLOS<\/td>\n<td>21 mm<\/td>\n<\/tr>\n<tr>\n<td>VOLTAGEM<\/td>\n<td>220 \/ 380 V<\/td>\n<\/tr>\n<tr>\n<td>TENS\u00c3O<\/td>\n<td>Monof\u00e1sico \/ Trif\u00e1sico<\/td>\n<\/tr>\n<tr>\n<td>DIMENS\u00d5ES<\/td>\n<td>710 x&nbsp;1350 x 1560 mm<\/p>\n<\/td>\n<\/tr>\n<\/tbody>\n<\/table>\n","protected":false},"excerpt":{"rendered":"<p>Descri\u00e7\u00e3o do Produto Para cilindrar e sovar massas &#8211; Corpo em chapa de a\u00e7o SAE 1020 com pintura ep\u00f3xi &#8211; Com bandeias em a\u00e7o inoxid\u00e1vel (opcional) &#8211; Correias com sistema de aperto r\u00e1pido e simples &#8211; Duplo comando de bot\u00f5es de emerg\u00eancia &#8211; Sistema pr\u00e1tico e seguro de abertura dos rolos por meio de man\u00edpulos [&hellip;]<\/p>\n","protected":false},"featured_media":11172,"comment_status":"open","ping_status":"closed","template":"","meta":[],"product_brand":[],"product_cat":[340],"product_tag":[],"class_list":{"0":"post-11173","1":"product","2":"type-product","3":"status-publish","4":"has-post-thumbnail","6":"product_cat-cilindro","8":"first","9":"instock","10":"shipping-taxable","11":"purchasable","12":"product-type-simple"},"_links":{"self":[{"href":"https:\/\/twsites.com.br\/novomigcenter\/index.php?rest_route=\/wp\/v2\/product\/11173","targetHints":{"allow":["GET"]}}],"collection":[{"href":"https:\/\/twsites.com.br\/novomigcenter\/index.php?rest_route=\/wp\/v2\/product"}],"about":[{"href":"https:\/\/twsites.com.br\/novomigcenter\/index.php?rest_route=\/wp\/v2\/types\/product"}],"replies":[{"embeddable":true,"href":"https:\/\/twsites.com.br\/novomigcenter\/index.php?rest_route=%2Fwp%2Fv2%2Fcomments&post=11173"}],"wp:featuredmedia":[{"embeddable":true,"href":"https:\/\/twsites.com.br\/novomigcenter\/index.php?rest_route=\/wp\/v2\/media\/11172"}],"wp:attachment":[{"href":"https:\/\/twsites.com.br\/novomigcenter\/index.php?rest_route=%2Fwp%2Fv2%2Fmedia&parent=11173"}],"wp:term":[{"taxonomy":"product_brand","embeddable":true,"href":"https:\/\/twsites.com.br\/novomigcenter\/index.php?rest_route=%2Fwp%2Fv2%2Fproduct_brand&post=11173"},{"taxonomy":"product_cat","embeddable":true,"href":"https:\/\/twsites.com.br\/novomigcenter\/index.php?rest_route=%2Fwp%2Fv2%2Fproduct_cat&post=11173"},{"taxonomy":"product_tag","embeddable":true,"href":"https:\/\/twsites.com.br\/novomigcenter\/index.php?rest_route=%2Fwp%2Fv2%2Fproduct_tag&post=11173"}],"curies":[{"name":"wp","href":"https:\/\/api.w.org\/{rel}","templated":true}]}}