{"id":11179,"date":"2017-02-21T09:37:22","date_gmt":"2017-02-21T09:37:22","guid":{"rendered":"https:\/\/twsites.com.br\/novomigcenter\/?product=cl-300-sl"},"modified":"2017-02-21T09:37:22","modified_gmt":"2017-02-21T09:37:22","slug":"cl-300-sl","status":"publish","type":"product","link":"https:\/\/twsites.com.br\/novomigcenter\/?product=cl-300-sl","title":{"rendered":"CILINDRO LAMINADOR CL 300SL &#8211; G.Paniz"},"content":{"rendered":"<p style=\"text-align: justify; \"><span style=\"font-weight: bold;\"><font face=\"Arial\">Descri\u00e7\u00e3o do Produto<\/font><\/span><\/p>\n<p style=\"text-align: justify;\"><span style=\"font-weight: bold;\"><font face=\"Arial\">Para laminar massas para p\u00e3es, pizza, pastel, lasanha, caneloni, tort\u00e9i, ravi\u00f3li, rond\u00e9li, e similares<\/font><\/span><\/p>\n<p style=\"text-align: justify;\"><font face=\"Arial\">&#8211; Rolos em a\u00e7o SAE 1020, revestidos em cromo duro, montados em mancais de ferro fundido<\/font><\/p>\n<p style=\"text-align: justify;\"><font face=\"Arial\">&#8211; Rolamentos com blindagem especiais<\/font><\/p>\n<p style=\"text-align: justify;\"><span style=\"font-weight: bold;\"><font face=\"Arial\">Redu\u00e7\u00e3o de velocidade atrav\u00e9s de polias e engrenages cokm correntes ASA 35<\/font><\/span><\/p>\n<p style=\"text-align: justify;\"><font face=\"Arial\">&#8211; Regulagem pr\u00e1tica de espessura: por manipulo na parte superior<\/font><\/p>\n<p style=\"text-align: justify;\"><font face=\"Arial\">&#8211; Mais seguran\u00e7a e durabilidade: motor totalmente fechado.<\/font><\/p>\n<p style=\"text-align: justify;\"><font face=\"Arial\">&#8211; Aramado sobre os rolos, para evitar o contato com o operador<\/font><\/p>\n<p style=\"text-align: justify;\"><font face=\"Arial\">&#8211; Acabamento em pintura ep\u00f3xi, com opcional da bandeja em a\u00e7o inox ou ep\u00f3xi.<\/font><\/p>\n<p style=\"text-align: justify;\"><font face=\"Arial\"><br \/><\/font><\/p>\n<table class=\"table table-bordered\" style=\"text-align: justify; background-color: rgb(255, 255, 255); width: 1440px;\">\n<tbody>\n<tr>\n<td><font face=\"Arial\">PRODU\u00c7\u00c3O<\/font><\/td>\n<td><font face=\"Arial\">2Kg<br \/><\/font><\/td>\n<\/tr>\n<tr>\n<td><font face=\"Arial\">POT\u00caNCIA<br \/><\/font><\/td>\n<td><font face=\"Arial\">motor de 1\/4 ou 1\/2 CV<br \/><\/font><\/td>\n<\/tr>\n<tr>\n<td><font face=\"Arial\">VELOCIDADE<br \/><\/font><\/td>\n<td><font face=\"Arial\">66 RPM<br \/><\/font><\/td>\n<\/tr>\n<tr>\n<td><font face=\"Arial\">DIMENS\u00d5ES DOS ROLOS<br \/><\/font><\/td>\n<td><font face=\"Arial\">63,5 x 300mm<br \/><\/font><\/td>\n<\/tr>\n<tr>\n<td><font face=\"Arial\">PESO L\u00cdQUIDO<br \/><\/font><\/td>\n<td><font face=\"Arial\">41 Kg<br \/><\/font><\/td>\n<\/tr>\n<tr>\n<td><font face=\"Arial\">PESO BRUTO<br \/><\/font><\/td>\n<td><font face=\"Arial\">48 Kg<br \/><\/font><\/td>\n<\/tr>\n<tr>\n<td><font face=\"Arial\">DIMENS\u00d5ES<br \/><\/font><\/td>\n<td><font face=\"Arial\">620 x&nbsp;390 x&nbsp;440 mm<\/font><\/td>\n<\/tr>\n<\/tbody>\n<\/table>\n","protected":false},"excerpt":{"rendered":"<p>Descri\u00e7\u00e3o do Produto Para laminar massas para p\u00e3es, pizza, pastel, lasanha, caneloni, tort\u00e9i, ravi\u00f3li, rond\u00e9li, e similares &#8211; Rolos em a\u00e7o SAE 1020, revestidos em cromo duro, montados em mancais de ferro fundido &#8211; Rolamentos com blindagem especiais Redu\u00e7\u00e3o de velocidade atrav\u00e9s de polias e engrenages cokm correntes ASA 35 &#8211; Regulagem pr\u00e1tica de espessura: [&hellip;]<\/p>\n","protected":false},"featured_media":11178,"comment_status":"open","ping_status":"closed","template":"","meta":[],"product_brand":[],"product_cat":[340],"product_tag":[],"class_list":{"0":"post-11179","1":"product","2":"type-product","3":"status-publish","4":"has-post-thumbnail","6":"product_cat-cilindro","8":"first","9":"instock","10":"shipping-taxable","11":"purchasable","12":"product-type-simple"},"_links":{"self":[{"href":"https:\/\/twsites.com.br\/novomigcenter\/index.php?rest_route=\/wp\/v2\/product\/11179","targetHints":{"allow":["GET"]}}],"collection":[{"href":"https:\/\/twsites.com.br\/novomigcenter\/index.php?rest_route=\/wp\/v2\/product"}],"about":[{"href":"https:\/\/twsites.com.br\/novomigcenter\/index.php?rest_route=\/wp\/v2\/types\/product"}],"replies":[{"embeddable":true,"href":"https:\/\/twsites.com.br\/novomigcenter\/index.php?rest_route=%2Fwp%2Fv2%2Fcomments&post=11179"}],"wp:featuredmedia":[{"embeddable":true,"href":"https:\/\/twsites.com.br\/novomigcenter\/index.php?rest_route=\/wp\/v2\/media\/11178"}],"wp:attachment":[{"href":"https:\/\/twsites.com.br\/novomigcenter\/index.php?rest_route=%2Fwp%2Fv2%2Fmedia&parent=11179"}],"wp:term":[{"taxonomy":"product_brand","embeddable":true,"href":"https:\/\/twsites.com.br\/novomigcenter\/index.php?rest_route=%2Fwp%2Fv2%2Fproduct_brand&post=11179"},{"taxonomy":"product_cat","embeddable":true,"href":"https:\/\/twsites.com.br\/novomigcenter\/index.php?rest_route=%2Fwp%2Fv2%2Fproduct_cat&post=11179"},{"taxonomy":"product_tag","embeddable":true,"href":"https:\/\/twsites.com.br\/novomigcenter\/index.php?rest_route=%2Fwp%2Fv2%2Fproduct_tag&post=11179"}],"curies":[{"name":"wp","href":"https:\/\/api.w.org\/{rel}","templated":true}]}}