{"id":11181,"date":"2017-02-21T09:42:52","date_gmt":"2017-02-21T09:42:52","guid":{"rendered":"https:\/\/twsites.com.br\/novomigcenter\/?product=cl-390"},"modified":"2017-02-21T09:42:52","modified_gmt":"2017-02-21T09:42:52","slug":"cl-390","status":"publish","type":"product","link":"https:\/\/twsites.com.br\/novomigcenter\/?product=cl-390","title":{"rendered":"CILINDRO LAMINADOR CL 390 &#8211; G.Paniz"},"content":{"rendered":"<p><span style=\"font-weight: bold;\">Descri\u00e7\u00e3o do Produto<\/span><\/p>\n<p><span style=\"font-weight: bold;\">Para laminar massas para p\u00e3es, pizza, pastel, lasanha, canelone, tort\u00e9i, ravi\u00f3li, rond\u00e9li, e similares<\/span><\/p>\n<p>&#8211; Rolos em a\u00e7o SAE 1020, revestidos em cromo duro, montados em mancais de ferro fundido<\/p>\n<p>&#8211; Rolamentos com blindagem especiais<\/p>\n<p><span style=\"font-weight: bold;\">Redu\u00e7\u00e3o de velocidade atrav\u00e9s de polias e engrenagens&nbsp;cokm correntes ASA 35<\/span><\/p>\n<p>&#8211; Regulagem pr\u00e1tica de espessura: por manipulo lateral<\/p>\n<p>&#8211; Maio seguran\u00e7a e durabilidade: motor totalmente fechado com arramado sobre os rolos, para evitar o contato com o operador<\/p>\n<p>&#8211; Acabamento em pintura ep\u00f3xi, com opcional da bandeja em a\u00e7o inox ou ep\u00f3xi.<\/p>\n<p>&#8211; Pedestal opcional<\/p>\n<p><\/p>\n<table class=\"table table-bordered\" style=\"background-color: rgb(255, 255, 255); width: 1440px;\">\n<tbody>\n<tr>\n<td>PRODU\u00c7\u00c3O<\/td>\n<td>7Kg<\/td>\n<\/tr>\n<tr>\n<td>POT\u00caNCIA<\/td>\n<td>motor de 1CV<\/td>\n<\/tr>\n<tr>\n<td>VELOCIDADE<\/td>\n<td>75 RPM<\/td>\n<\/tr>\n<tr>\n<td>DIMENS\u00d5ES DOS ROLOS<\/td>\n<td>75 x 390mm<\/td>\n<\/tr>\n<tr>\n<td>PESO L\u00cdQUIDO<\/td>\n<td>52 Kg<\/td>\n<\/tr>\n<tr>\n<td>PESO BRUTO<\/td>\n<td>70 Kg<\/td>\n<\/tr>\n<tr>\n<td>DIMENS\u00d5ES<\/td>\n<td>1300 x&nbsp;680 x 730&nbsp;mm<\/td>\n<\/tr>\n<\/tbody>\n<\/table>\n","protected":false},"excerpt":{"rendered":"<p>Descri\u00e7\u00e3o do Produto Para laminar massas para p\u00e3es, pizza, pastel, lasanha, canelone, tort\u00e9i, ravi\u00f3li, rond\u00e9li, e similares &#8211; Rolos em a\u00e7o SAE 1020, revestidos em cromo duro, montados em mancais de ferro fundido &#8211; Rolamentos com blindagem especiais Redu\u00e7\u00e3o de velocidade atrav\u00e9s de polias e engrenagens&nbsp;cokm correntes ASA 35 &#8211; Regulagem pr\u00e1tica de espessura: por [&hellip;]<\/p>\n","protected":false},"featured_media":11180,"comment_status":"open","ping_status":"closed","template":"","meta":[],"product_brand":[],"product_cat":[340],"product_tag":[],"class_list":{"0":"post-11181","1":"product","2":"type-product","3":"status-publish","4":"has-post-thumbnail","6":"product_cat-cilindro","8":"first","9":"instock","10":"shipping-taxable","11":"purchasable","12":"product-type-simple"},"_links":{"self":[{"href":"https:\/\/twsites.com.br\/novomigcenter\/index.php?rest_route=\/wp\/v2\/product\/11181","targetHints":{"allow":["GET"]}}],"collection":[{"href":"https:\/\/twsites.com.br\/novomigcenter\/index.php?rest_route=\/wp\/v2\/product"}],"about":[{"href":"https:\/\/twsites.com.br\/novomigcenter\/index.php?rest_route=\/wp\/v2\/types\/product"}],"replies":[{"embeddable":true,"href":"https:\/\/twsites.com.br\/novomigcenter\/index.php?rest_route=%2Fwp%2Fv2%2Fcomments&post=11181"}],"wp:featuredmedia":[{"embeddable":true,"href":"https:\/\/twsites.com.br\/novomigcenter\/index.php?rest_route=\/wp\/v2\/media\/11180"}],"wp:attachment":[{"href":"https:\/\/twsites.com.br\/novomigcenter\/index.php?rest_route=%2Fwp%2Fv2%2Fmedia&parent=11181"}],"wp:term":[{"taxonomy":"product_brand","embeddable":true,"href":"https:\/\/twsites.com.br\/novomigcenter\/index.php?rest_route=%2Fwp%2Fv2%2Fproduct_brand&post=11181"},{"taxonomy":"product_cat","embeddable":true,"href":"https:\/\/twsites.com.br\/novomigcenter\/index.php?rest_route=%2Fwp%2Fv2%2Fproduct_cat&post=11181"},{"taxonomy":"product_tag","embeddable":true,"href":"https:\/\/twsites.com.br\/novomigcenter\/index.php?rest_route=%2Fwp%2Fv2%2Fproduct_tag&post=11181"}],"curies":[{"name":"wp","href":"https:\/\/api.w.org\/{rel}","templated":true}]}}