{"id":11183,"date":"2017-02-21T09:50:28","date_gmt":"2017-02-21T09:50:28","guid":{"rendered":"https:\/\/twsites.com.br\/novomigcenter\/?product=clp-600"},"modified":"2017-02-21T09:50:28","modified_gmt":"2017-02-21T09:50:28","slug":"clp-600","status":"publish","type":"product","link":"https:\/\/twsites.com.br\/novomigcenter\/?product=clp-600","title":{"rendered":"CILINDRO LAMINADOR CLP 600 &#8211; G.Paniz"},"content":{"rendered":"<p><span style=\"font-weight: bold;\">Descri\u00e7\u00e3o do Produto<\/span><\/p>\n<p><span style=\"font-weight: bold;\">Para sovar e laminar massas para p\u00e3es, pizza, pastel, lasanha, caneloni, tort\u00e9i, ravi\u00f3li, rond\u00e9li, e similares<\/span><\/p>\n<p>&#8211; Em chapa de a\u00e7o carbono cortado a laser dobrada e coberta por pintura ep\u00f3xi<\/p>\n<p>&#8211; Sistema de transmiss\u00e3o por correias que permite um funcionamento suave e silencioso<\/p>\n<p>&#8211; Dimens\u00f5es, componentes e peso ideais &nbsp;para um excelente sovado<\/p>\n<p>&#8211; Montados totalmente sobre rolamentos duplos, o que garante longa vida \u00fatil e menos manuten\u00e7\u00e3o<\/p>\n<p>&#8211; Produzido conforme normas brasileiras de seguran\u00e7a NBR 13.864\/97<\/p>\n<p><\/p>\n<table class=\"table table-bordered\" style=\"background-color: rgb(255, 255, 255); width: 1440px;\">\n<tbody>\n<tr>\n<td>DI\u00c2METRO DOS ROLOS<\/td>\n<td>165 X 600mm<\/td>\n<\/tr>\n<tr>\n<td>POT\u00caNCIA<\/td>\n<td>2 motores de 2 CV<\/td>\n<\/tr>\n<tr>\n<td>CAPACIDADE<\/td>\n<td>35 Kg<\/td>\n<\/tr>\n<tr>\n<td>ABERTURA DOS ROLOS<\/td>\n<td>0 a 30mm<\/td>\n<\/tr>\n<tr>\n<td>VELOCIDADE<\/td>\n<td>63 RPM<\/td>\n<\/tr>\n<tr>\n<td>PESO LIQUIDO<\/td>\n<td>405 Kg<\/td>\n<\/tr>\n<tr>\n<td>PESO BRUTO<\/td>\n<td>465 Kg<\/td>\n<\/tr>\n<tr>\n<td>DIMENS\u00d5ES<\/td>\n<td>1550 X 1050 X 1385mm<\/td>\n<\/tr>\n<\/tbody>\n<\/table>\n","protected":false},"excerpt":{"rendered":"<p>Descri\u00e7\u00e3o do Produto Para sovar e laminar massas para p\u00e3es, pizza, pastel, lasanha, caneloni, tort\u00e9i, ravi\u00f3li, rond\u00e9li, e similares &#8211; Em chapa de a\u00e7o carbono cortado a laser dobrada e coberta por pintura ep\u00f3xi &#8211; Sistema de transmiss\u00e3o por correias que permite um funcionamento suave e silencioso &#8211; Dimens\u00f5es, componentes e peso ideais &nbsp;para um [&hellip;]<\/p>\n","protected":false},"featured_media":11182,"comment_status":"open","ping_status":"closed","template":"","meta":[],"product_brand":[],"product_cat":[340],"product_tag":[],"class_list":{"0":"post-11183","1":"product","2":"type-product","3":"status-publish","4":"has-post-thumbnail","6":"product_cat-cilindro","8":"first","9":"instock","10":"shipping-taxable","11":"purchasable","12":"product-type-simple"},"_links":{"self":[{"href":"https:\/\/twsites.com.br\/novomigcenter\/index.php?rest_route=\/wp\/v2\/product\/11183","targetHints":{"allow":["GET"]}}],"collection":[{"href":"https:\/\/twsites.com.br\/novomigcenter\/index.php?rest_route=\/wp\/v2\/product"}],"about":[{"href":"https:\/\/twsites.com.br\/novomigcenter\/index.php?rest_route=\/wp\/v2\/types\/product"}],"replies":[{"embeddable":true,"href":"https:\/\/twsites.com.br\/novomigcenter\/index.php?rest_route=%2Fwp%2Fv2%2Fcomments&post=11183"}],"wp:featuredmedia":[{"embeddable":true,"href":"https:\/\/twsites.com.br\/novomigcenter\/index.php?rest_route=\/wp\/v2\/media\/11182"}],"wp:attachment":[{"href":"https:\/\/twsites.com.br\/novomigcenter\/index.php?rest_route=%2Fwp%2Fv2%2Fmedia&parent=11183"}],"wp:term":[{"taxonomy":"product_brand","embeddable":true,"href":"https:\/\/twsites.com.br\/novomigcenter\/index.php?rest_route=%2Fwp%2Fv2%2Fproduct_brand&post=11183"},{"taxonomy":"product_cat","embeddable":true,"href":"https:\/\/twsites.com.br\/novomigcenter\/index.php?rest_route=%2Fwp%2Fv2%2Fproduct_cat&post=11183"},{"taxonomy":"product_tag","embeddable":true,"href":"https:\/\/twsites.com.br\/novomigcenter\/index.php?rest_route=%2Fwp%2Fv2%2Fproduct_tag&post=11183"}],"curies":[{"name":"wp","href":"https:\/\/api.w.org\/{rel}","templated":true}]}}