{"id":11189,"date":"2017-02-21T11:03:29","date_gmt":"2017-02-21T11:03:29","guid":{"rendered":"https:\/\/twsites.com.br\/novomigcenter\/?product=cilindro-itajobi-300mm-trad"},"modified":"2017-02-21T11:03:29","modified_gmt":"2017-02-21T11:03:29","slug":"cilindro-itajobi-300mm-trad","status":"publish","type":"product","link":"https:\/\/twsites.com.br\/novomigcenter\/?product=cilindro-itajobi-300mm-trad","title":{"rendered":"CILINDRO LAMINADOR TRAD. 300 MM C\/ REDUTOR BLINDADO &#8211; Itajobi Fog\u00f5es"},"content":{"rendered":"<p style=\"text-align: justify; \"><span style=\"font-weight: bold;\"><font face=\"Arial\">Descri\u00e7\u00e3o do Produto<\/font><\/span><\/p>\n<p style=\"text-align: justify;\"><font face=\"Arial\">A linha de Cilindros Laminadores de Massas foi produzida a fim de laminar massas para past\u00e9is, nunca deve ser utilizado com massa congelada. Sua estrutura possui uma grande resist\u00eancia, pois \u00e9 feito com ferro fundido e chapa de a\u00e7o carbono com pintura Ep\u00f3xi Branca. Este produto possui entrada e sa\u00edda de massas projetadas para facilitarem o processo, com op\u00e7\u00e3o de serem em a\u00e7o inox 430 ou em pintura Ep\u00f3xi Branca. O cilindro tamb\u00e9m conta com escolha de tr\u00eas tipos de motores, de \u00bd Cv, de \u00be Cv e de 1 Cv, nas voltagens 127V ou 220V, com uma caixa de redu\u00e7\u00e3o, que \u00e9 a respons\u00e1vel por dar mais for\u00e7ar ao cilindro. O produto pode ser escolhido nas op\u00e7\u00f5es com p\u00e9s e para mesa.<\/font><\/p>\n","protected":false},"excerpt":{"rendered":"<p>Descri\u00e7\u00e3o do Produto A linha de Cilindros Laminadores de Massas foi produzida a fim de laminar massas para past\u00e9is, nunca deve ser utilizado com massa congelada. Sua estrutura possui uma grande resist\u00eancia, pois \u00e9 feito com ferro fundido e chapa de a\u00e7o carbono com pintura Ep\u00f3xi Branca. Este produto possui entrada e sa\u00edda de massas [&hellip;]<\/p>\n","protected":false},"featured_media":11188,"comment_status":"open","ping_status":"closed","template":"","meta":[],"product_brand":[],"product_cat":[340],"product_tag":[],"class_list":{"0":"post-11189","1":"product","2":"type-product","3":"status-publish","4":"has-post-thumbnail","6":"product_cat-cilindro","8":"first","9":"instock","10":"shipping-taxable","11":"purchasable","12":"product-type-simple"},"_links":{"self":[{"href":"https:\/\/twsites.com.br\/novomigcenter\/index.php?rest_route=\/wp\/v2\/product\/11189","targetHints":{"allow":["GET"]}}],"collection":[{"href":"https:\/\/twsites.com.br\/novomigcenter\/index.php?rest_route=\/wp\/v2\/product"}],"about":[{"href":"https:\/\/twsites.com.br\/novomigcenter\/index.php?rest_route=\/wp\/v2\/types\/product"}],"replies":[{"embeddable":true,"href":"https:\/\/twsites.com.br\/novomigcenter\/index.php?rest_route=%2Fwp%2Fv2%2Fcomments&post=11189"}],"wp:featuredmedia":[{"embeddable":true,"href":"https:\/\/twsites.com.br\/novomigcenter\/index.php?rest_route=\/wp\/v2\/media\/11188"}],"wp:attachment":[{"href":"https:\/\/twsites.com.br\/novomigcenter\/index.php?rest_route=%2Fwp%2Fv2%2Fmedia&parent=11189"}],"wp:term":[{"taxonomy":"product_brand","embeddable":true,"href":"https:\/\/twsites.com.br\/novomigcenter\/index.php?rest_route=%2Fwp%2Fv2%2Fproduct_brand&post=11189"},{"taxonomy":"product_cat","embeddable":true,"href":"https:\/\/twsites.com.br\/novomigcenter\/index.php?rest_route=%2Fwp%2Fv2%2Fproduct_cat&post=11189"},{"taxonomy":"product_tag","embeddable":true,"href":"https:\/\/twsites.com.br\/novomigcenter\/index.php?rest_route=%2Fwp%2Fv2%2Fproduct_tag&post=11189"}],"curies":[{"name":"wp","href":"https:\/\/api.w.org\/{rel}","templated":true}]}}