{"id":11191,"date":"2017-02-21T12:00:27","date_gmt":"2017-02-21T12:00:27","guid":{"rendered":"https:\/\/twsites.com.br\/novomigcenter\/?product=dv-30"},"modified":"2017-02-21T12:00:27","modified_gmt":"2017-02-21T12:00:27","slug":"dv-30","status":"publish","type":"product","link":"https:\/\/twsites.com.br\/novomigcenter\/?product=dv-30","title":{"rendered":"DIVISORA DE MASSA DV 30 &#8211; G.Paniz"},"content":{"rendered":"<p><span style=\"font-weight: bold;\">Descri\u00e7\u00e3o do Produto<\/span><\/p>\n<p>Para cortar massas em unidades de p\u00e3o franc\u00eas<\/p>\n<p>&#8211; Efetua 30 divis\u00f5es iguais em cada opera\u00e7\u00e3o<\/p>\n<p>&#8211; Base, navalhas de corte e eixo dentado em a\u00e7o carbono<\/p>\n<p>&#8211; Base revestida em a\u00e7o inoxid\u00e1vel<\/p>\n<p>&#8211; Estrutura e engrenagem da alavanca em ferro fundido<\/p>\n<p>&#8211; Carenagem em a\u00e7o SAE 1020<\/p>\n<p>&#8211; Acabamento em pintura ep\u00f3xi ou a\u00e7o inox<\/p>\n<p><\/p>\n<table class=\"table table-bordered\">\n<tbody>\n<tr>\n<td>PRODU\u00c7\u00c3O<\/td>\n<td>30 p\u00e3es por opera\u00e7\u00e3o<\/td>\n<\/tr>\n<tr>\n<td>DIMENS\u00d5ES<\/td>\n<td>420 x 385 x 620mm<\/td>\n<\/tr>\n<tr>\n<td>PESO L\u00cdQUIDO<\/td>\n<td>56 Kg<\/td>\n<\/tr>\n<tr>\n<td>PESO BRUTO<\/td>\n<td>74 Kg &nbsp;<\/td>\n<\/tr>\n<\/tbody>\n<\/table>\n<p><\/p>\n","protected":false},"excerpt":{"rendered":"<p>Descri\u00e7\u00e3o do Produto Para cortar massas em unidades de p\u00e3o franc\u00eas &#8211; Efetua 30 divis\u00f5es iguais em cada opera\u00e7\u00e3o &#8211; Base, navalhas de corte e eixo dentado em a\u00e7o carbono &#8211; Base revestida em a\u00e7o inoxid\u00e1vel &#8211; Estrutura e engrenagem da alavanca em ferro fundido &#8211; Carenagem em a\u00e7o SAE 1020 &#8211; Acabamento em pintura [&hellip;]<\/p>\n","protected":false},"featured_media":11190,"comment_status":"open","ping_status":"closed","template":"","meta":[],"product_brand":[],"product_cat":[341],"product_tag":[],"class_list":{"0":"post-11191","1":"product","2":"type-product","3":"status-publish","4":"has-post-thumbnail","6":"product_cat-divisora-de-pao","8":"first","9":"instock","10":"shipping-taxable","11":"purchasable","12":"product-type-simple"},"_links":{"self":[{"href":"https:\/\/twsites.com.br\/novomigcenter\/index.php?rest_route=\/wp\/v2\/product\/11191","targetHints":{"allow":["GET"]}}],"collection":[{"href":"https:\/\/twsites.com.br\/novomigcenter\/index.php?rest_route=\/wp\/v2\/product"}],"about":[{"href":"https:\/\/twsites.com.br\/novomigcenter\/index.php?rest_route=\/wp\/v2\/types\/product"}],"replies":[{"embeddable":true,"href":"https:\/\/twsites.com.br\/novomigcenter\/index.php?rest_route=%2Fwp%2Fv2%2Fcomments&post=11191"}],"wp:featuredmedia":[{"embeddable":true,"href":"https:\/\/twsites.com.br\/novomigcenter\/index.php?rest_route=\/wp\/v2\/media\/11190"}],"wp:attachment":[{"href":"https:\/\/twsites.com.br\/novomigcenter\/index.php?rest_route=%2Fwp%2Fv2%2Fmedia&parent=11191"}],"wp:term":[{"taxonomy":"product_brand","embeddable":true,"href":"https:\/\/twsites.com.br\/novomigcenter\/index.php?rest_route=%2Fwp%2Fv2%2Fproduct_brand&post=11191"},{"taxonomy":"product_cat","embeddable":true,"href":"https:\/\/twsites.com.br\/novomigcenter\/index.php?rest_route=%2Fwp%2Fv2%2Fproduct_cat&post=11191"},{"taxonomy":"product_tag","embeddable":true,"href":"https:\/\/twsites.com.br\/novomigcenter\/index.php?rest_route=%2Fwp%2Fv2%2Fproduct_tag&post=11191"}],"curies":[{"name":"wp","href":"https:\/\/api.w.org\/{rel}","templated":true}]}}