{"id":11197,"date":"2017-02-21T15:25:03","date_gmt":"2017-02-21T15:25:03","guid":{"rendered":"https:\/\/twsites.com.br\/novomigcenter\/?product=dpm-30"},"modified":"2017-02-21T15:25:03","modified_gmt":"2017-02-21T15:25:03","slug":"dpm-30","status":"publish","type":"product","link":"https:\/\/twsites.com.br\/novomigcenter\/?product=dpm-30","title":{"rendered":"Divisora De Pao Mesa &#8211; DPM.30 &#8211; Metvisa"},"content":{"rendered":"<p><span style=\"font-weight: bold;\">Descri\u00e7\u00e3o do Produto<\/span><\/p>\n<p><\/p>\n<table class=\"table table-bordered\" style=\"background-color: rgb(255, 255, 255); width: 1440px;\">\n<tbody>\n<tr>\n<td><strong style=\"color: rgb(51, 51, 51); font-family: Arial, Verdana, Helvetica, sans-serif; font-size: 11px; text-align: -webkit-right;\">Altura (mm)<\/strong><\/td>\n<td>650<\/td>\n<\/tr>\n<tr>\n<td><strong style=\"color: rgb(51, 51, 51); font-family: Arial, Verdana, Helvetica, sans-serif; font-size: 11px; text-align: -webkit-right; background-color: rgb(241, 251, 254);\">Frente (mm)<\/strong><\/td>\n<td>380<\/td>\n<\/tr>\n<tr>\n<td><strong style=\"color: rgb(51, 51, 51); font-family: Arial, Verdana, Helvetica, sans-serif; font-size: 11px; text-align: -webkit-right;\">Fundo (mm)<\/strong><\/td>\n<td>720<\/td>\n<\/tr>\n<tr>\n<td><strong style=\"color: rgb(51, 51, 51); font-family: Arial, Verdana, Helvetica, sans-serif; font-size: 11px; text-align: -webkit-right; background-color: rgb(241, 251, 254);\">Peso (kg)<\/strong><\/td>\n<td>44,000<\/td>\n<\/tr>\n<tr>\n<td><strong style=\"color: rgb(51, 51, 51); font-family: Arial, Verdana, Helvetica, sans-serif; font-size: 11px; text-align: -webkit-right;\">Capacidade (kg)<\/strong><\/td>\n<td>1,5 KG<\/td>\n<\/tr>\n<tr>\n<td><strong style=\"color: rgb(51, 51, 51); font-family: Arial, Verdana, Helvetica, sans-serif; font-size: 11px; text-align: -webkit-right; background-color: rgb(241, 251, 254);\">Divis\u00f5es<\/strong><\/td>\n<td>30<\/td>\n<\/tr>\n<tr>\n<td><strong style=\"color: rgb(51, 51, 51); font-family: Arial, Verdana, Helvetica, sans-serif; font-size: 11px; text-align: -webkit-right;\">Acionamento<\/strong><\/td>\n<td>MANUAL<\/p>\n<\/td>\n<\/tr>\n<\/tbody>\n<\/table>\n","protected":false},"excerpt":{"rendered":"<p>Descri\u00e7\u00e3o do Produto Altura (mm) 650 Frente (mm) 380 Fundo (mm) 720 Peso (kg) 44,000 Capacidade (kg) 1,5 KG Divis\u00f5es 30 Acionamento MANUAL<\/p>\n","protected":false},"featured_media":11196,"comment_status":"open","ping_status":"closed","template":"","meta":[],"product_brand":[],"product_cat":[341],"product_tag":[],"class_list":{"0":"post-11197","1":"product","2":"type-product","3":"status-publish","4":"has-post-thumbnail","6":"product_cat-divisora-de-pao","8":"first","9":"instock","10":"shipping-taxable","11":"purchasable","12":"product-type-simple"},"_links":{"self":[{"href":"https:\/\/twsites.com.br\/novomigcenter\/index.php?rest_route=\/wp\/v2\/product\/11197","targetHints":{"allow":["GET"]}}],"collection":[{"href":"https:\/\/twsites.com.br\/novomigcenter\/index.php?rest_route=\/wp\/v2\/product"}],"about":[{"href":"https:\/\/twsites.com.br\/novomigcenter\/index.php?rest_route=\/wp\/v2\/types\/product"}],"replies":[{"embeddable":true,"href":"https:\/\/twsites.com.br\/novomigcenter\/index.php?rest_route=%2Fwp%2Fv2%2Fcomments&post=11197"}],"wp:featuredmedia":[{"embeddable":true,"href":"https:\/\/twsites.com.br\/novomigcenter\/index.php?rest_route=\/wp\/v2\/media\/11196"}],"wp:attachment":[{"href":"https:\/\/twsites.com.br\/novomigcenter\/index.php?rest_route=%2Fwp%2Fv2%2Fmedia&parent=11197"}],"wp:term":[{"taxonomy":"product_brand","embeddable":true,"href":"https:\/\/twsites.com.br\/novomigcenter\/index.php?rest_route=%2Fwp%2Fv2%2Fproduct_brand&post=11197"},{"taxonomy":"product_cat","embeddable":true,"href":"https:\/\/twsites.com.br\/novomigcenter\/index.php?rest_route=%2Fwp%2Fv2%2Fproduct_cat&post=11197"},{"taxonomy":"product_tag","embeddable":true,"href":"https:\/\/twsites.com.br\/novomigcenter\/index.php?rest_route=%2Fwp%2Fv2%2Fproduct_tag&post=11197"}],"curies":[{"name":"wp","href":"https:\/\/api.w.org\/{rel}","templated":true}]}}