{"id":11201,"date":"2017-02-21T15:49:17","date_gmt":"2017-02-21T15:49:17","guid":{"rendered":"https:\/\/twsites.com.br\/novomigcenter\/?product=dvb-30-n"},"modified":"2017-02-21T15:49:17","modified_gmt":"2017-02-21T15:49:17","slug":"dvb-30-n","status":"publish","type":"product","link":"https:\/\/twsites.com.br\/novomigcenter\/?product=dvb-30-n","title":{"rendered":"Divisora de p\u00e3es DVB-30 N &#8211; MB Braesi"},"content":{"rendered":"<p><span style=\"font-weight: bold;\">Descri\u00e7\u00e3o do Produto<\/span><\/p>\n<\/p>\n<ul>\n<li>Estrutura em Ferro Fundido;<\/li>\n<li>Pintura Ep\u00f3xi;<\/li>\n<li>L\u00e2minas de corte e Bandeja em A\u00e7o Inox;<\/li>\n<li>Capacidade 30 P\u00e3es por vez<\/li>\n<\/ul>\n<table class=\"table table-bordered\" style=\"background-color: rgb(255, 255, 255); width: 1457px;\">\n<tbody>\n<tr>\n<td>Modelo<\/td>\n<td>Altura (mm)<\/td>\n<td>Profundidade (mm)<\/td>\n<td>Largura (mm)<\/td>\n<td>Peso L\u00edquido (kg)<\/td>\n<td>Peso Bruto (kg)<\/td>\n<\/tr>\n<tr>\n<td>DVB-30 N<\/td>\n<td>950<\/td>\n<td>550<\/td>\n<td>425<\/td>\n<td>45<\/td>\n<td>50<\/td>\n<\/tr>\n<\/tbody>\n<\/table>\n","protected":false},"excerpt":{"rendered":"<p>Descri\u00e7\u00e3o do Produto Estrutura em Ferro Fundido; Pintura Ep\u00f3xi; L\u00e2minas de corte e Bandeja em A\u00e7o Inox; Capacidade 30 P\u00e3es por vez Modelo Altura (mm) Profundidade (mm) Largura (mm) Peso L\u00edquido (kg) Peso Bruto (kg) DVB-30 N 950 550 425 45 50<\/p>\n","protected":false},"featured_media":11200,"comment_status":"open","ping_status":"closed","template":"","meta":[],"product_brand":[],"product_cat":[341],"product_tag":[],"class_list":{"0":"post-11201","1":"product","2":"type-product","3":"status-publish","4":"has-post-thumbnail","6":"product_cat-divisora-de-pao","8":"first","9":"instock","10":"shipping-taxable","11":"purchasable","12":"product-type-simple"},"_links":{"self":[{"href":"https:\/\/twsites.com.br\/novomigcenter\/index.php?rest_route=\/wp\/v2\/product\/11201","targetHints":{"allow":["GET"]}}],"collection":[{"href":"https:\/\/twsites.com.br\/novomigcenter\/index.php?rest_route=\/wp\/v2\/product"}],"about":[{"href":"https:\/\/twsites.com.br\/novomigcenter\/index.php?rest_route=\/wp\/v2\/types\/product"}],"replies":[{"embeddable":true,"href":"https:\/\/twsites.com.br\/novomigcenter\/index.php?rest_route=%2Fwp%2Fv2%2Fcomments&post=11201"}],"wp:featuredmedia":[{"embeddable":true,"href":"https:\/\/twsites.com.br\/novomigcenter\/index.php?rest_route=\/wp\/v2\/media\/11200"}],"wp:attachment":[{"href":"https:\/\/twsites.com.br\/novomigcenter\/index.php?rest_route=%2Fwp%2Fv2%2Fmedia&parent=11201"}],"wp:term":[{"taxonomy":"product_brand","embeddable":true,"href":"https:\/\/twsites.com.br\/novomigcenter\/index.php?rest_route=%2Fwp%2Fv2%2Fproduct_brand&post=11201"},{"taxonomy":"product_cat","embeddable":true,"href":"https:\/\/twsites.com.br\/novomigcenter\/index.php?rest_route=%2Fwp%2Fv2%2Fproduct_cat&post=11201"},{"taxonomy":"product_tag","embeddable":true,"href":"https:\/\/twsites.com.br\/novomigcenter\/index.php?rest_route=%2Fwp%2Fv2%2Fproduct_tag&post=11201"}],"curies":[{"name":"wp","href":"https:\/\/api.w.org\/{rel}","templated":true}]}}