{"id":11205,"date":"2017-02-21T16:20:44","date_gmt":"2017-02-21T16:20:44","guid":{"rendered":"https:\/\/twsites.com.br\/novomigcenter\/?product=camara-frilux-epoxi"},"modified":"2017-02-21T16:20:44","modified_gmt":"2017-02-21T16:20:44","slug":"camara-frilux-epoxi","status":"publish","type":"product","link":"https:\/\/twsites.com.br\/novomigcenter\/?product=camara-frilux-epoxi","title":{"rendered":"C\u00c2MARA DE FERMENTA\u00c7\u00c3O DE P\u00c3ES | INTERNO INOX EXTERNO BRANCO &#8211; FRILUX"},"content":{"rendered":"<p><span style=\"font-weight: bold;\">Descri\u00e7\u00e3o do Produto<\/span><\/p>\n<p><span style=\"font-weight: bold;\"><br \/><\/span><\/p>\n<table class=\"table table-bordered\" style=\"background-color: rgb(255, 255, 255); width: 1457px;\">\n<tbody>\n<tr>\n<td>C\u00d3DIGO<\/td>\n<td>CAPACIDADE<\/td>\n<td>FRENTE (mm)<\/td>\n<td>LATERAL (mm)<\/td>\n<td>ALTURA (mm)<\/td>\n<td>TEMPERATURA<\/td>\n<td>CONSUMO<\/td>\n<td>PESO (Kg)<\/td>\n<\/tr>\n<tr>\n<td>RF-114<\/td>\n<td>20 Esteiras<\/td>\n<td>720<\/td>\n<td>920<\/td>\n<td>2170<\/td>\n<td>Refrig. at\u00e9 +8 | Aquec. At\u00e9 +40<\/td>\n<td>297 kWh\/m\u00eas<\/td>\n<td>120<\/td>\n<\/tr>\n<tr>\n<td>RF-116<\/td>\n<td>40 Esteiras<\/td>\n<td>720<\/td>\n<td>1870<\/td>\n<td>2170<\/td>\n<td>Refrig. at\u00e9 +8 | Aquec. At\u00e9 +40<\/td>\n<td>415 kWh\/m\u00eas<\/td>\n<td>163<\/p>\n<\/td>\n<\/tr>\n<\/tbody>\n<\/table>\n","protected":false},"excerpt":{"rendered":"<p>Descri\u00e7\u00e3o do Produto C\u00d3DIGO CAPACIDADE FRENTE (mm) LATERAL (mm) ALTURA (mm) TEMPERATURA CONSUMO PESO (Kg) RF-114 20 Esteiras 720 920 2170 Refrig. at\u00e9 +8 | Aquec. At\u00e9 +40 297 kWh\/m\u00eas 120 RF-116 40 Esteiras 720 1870 2170 Refrig. at\u00e9 +8 | Aquec. At\u00e9 +40 415 kWh\/m\u00eas 163<\/p>\n","protected":false},"featured_media":11204,"comment_status":"open","ping_status":"closed","template":"","meta":[],"product_brand":[],"product_cat":[339],"product_tag":[],"class_list":{"0":"post-11205","1":"product","2":"type-product","3":"status-publish","4":"has-post-thumbnail","6":"product_cat-camara-climatica","8":"first","9":"instock","10":"shipping-taxable","11":"purchasable","12":"product-type-simple"},"_links":{"self":[{"href":"https:\/\/twsites.com.br\/novomigcenter\/index.php?rest_route=\/wp\/v2\/product\/11205","targetHints":{"allow":["GET"]}}],"collection":[{"href":"https:\/\/twsites.com.br\/novomigcenter\/index.php?rest_route=\/wp\/v2\/product"}],"about":[{"href":"https:\/\/twsites.com.br\/novomigcenter\/index.php?rest_route=\/wp\/v2\/types\/product"}],"replies":[{"embeddable":true,"href":"https:\/\/twsites.com.br\/novomigcenter\/index.php?rest_route=%2Fwp%2Fv2%2Fcomments&post=11205"}],"wp:featuredmedia":[{"embeddable":true,"href":"https:\/\/twsites.com.br\/novomigcenter\/index.php?rest_route=\/wp\/v2\/media\/11204"}],"wp:attachment":[{"href":"https:\/\/twsites.com.br\/novomigcenter\/index.php?rest_route=%2Fwp%2Fv2%2Fmedia&parent=11205"}],"wp:term":[{"taxonomy":"product_brand","embeddable":true,"href":"https:\/\/twsites.com.br\/novomigcenter\/index.php?rest_route=%2Fwp%2Fv2%2Fproduct_brand&post=11205"},{"taxonomy":"product_cat","embeddable":true,"href":"https:\/\/twsites.com.br\/novomigcenter\/index.php?rest_route=%2Fwp%2Fv2%2Fproduct_cat&post=11205"},{"taxonomy":"product_tag","embeddable":true,"href":"https:\/\/twsites.com.br\/novomigcenter\/index.php?rest_route=%2Fwp%2Fv2%2Fproduct_tag&post=11205"}],"curies":[{"name":"wp","href":"https:\/\/api.w.org\/{rel}","templated":true}]}}