{"id":11209,"date":"2017-02-21T16:35:26","date_gmt":"2017-02-21T16:35:26","guid":{"rendered":"https:\/\/twsites.com.br\/novomigcenter\/?product=fb-12-1-braesi"},"modified":"2017-02-21T16:35:26","modified_gmt":"2017-02-21T16:35:26","slug":"fb-12-1-braesi","status":"publish","type":"product","link":"https:\/\/twsites.com.br\/novomigcenter\/?product=fb-12-1-braesi","title":{"rendered":"Fatiador de P\u00e3o FB-12\/1 &#8211; MB Braesi"},"content":{"rendered":"<p><span style=\"font-weight: bold;\">Descri\u00e7\u00e3o do Produto<\/span><\/p>\n<p>&#8211; Estrutura em a\u00e7o com pintura ep\u00f3xi;<\/p>\n<p>&#8211; Mesas em a\u00e7o inox;<\/p>\n<p>&#8211; L\u00e2minas em a\u00e7o carbono;<\/p>\n<p>&#8211; Fatia p\u00e3es de at\u00e9 180mm de altura;<\/p>\n<p>&#8211; Fatias uniformes com 12mm de espessura;<\/p>\n<p>&#8211; Dispositivo para embalar p\u00e3o;<\/p>\n<p>&#8211; Bandeja para res\u00edduos.<\/p>\n<p><\/p>\n<table class=\"table table-bordered\" style=\"background-color: rgb(255, 255, 255); width: 1440px;\">\n<tbody>\n<tr>\n<td><span style=\"font-weight: bold;\">Modelo<\/span><\/td>\n<td><span style=\"font-weight: bold;\">Altura (mm)<\/span><\/td>\n<td><span style=\"font-weight: bold;\">Profundidade (mm)<\/span><\/td>\n<td><span style=\"font-weight: bold;\">Largura (mm)<\/span><\/td>\n<td><span style=\"font-weight: bold;\">Peso L\u00edquido (kg)<\/span><\/td>\n<td><span style=\"font-weight: bold;\">Motor<\/span><\/td>\n<\/tr>\n<tr>\n<td>FB-12\/1<\/td>\n<td>1300<\/td>\n<td>860<\/td>\n<td>540<\/td>\n<td>72<\/td>\n<td>Bivolt Monof. 1\/3 cv<\/td>\n<\/tr>\n<\/tbody>\n<\/table>\n","protected":false},"excerpt":{"rendered":"<p>Descri\u00e7\u00e3o do Produto &#8211; Estrutura em a\u00e7o com pintura ep\u00f3xi; &#8211; Mesas em a\u00e7o inox; &#8211; L\u00e2minas em a\u00e7o carbono; &#8211; Fatia p\u00e3es de at\u00e9 180mm de altura; &#8211; Fatias uniformes com 12mm de espessura; &#8211; Dispositivo para embalar p\u00e3o; &#8211; Bandeja para res\u00edduos. Modelo Altura (mm) Profundidade (mm) Largura (mm) Peso L\u00edquido (kg) Motor [&hellip;]<\/p>\n","protected":false},"featured_media":11208,"comment_status":"open","ping_status":"closed","template":"","meta":[],"product_brand":[],"product_cat":[343],"product_tag":[],"class_list":{"0":"post-11209","1":"product","2":"type-product","3":"status-publish","4":"has-post-thumbnail","6":"product_cat-fatiadeira-de-pao","8":"first","9":"instock","10":"shipping-taxable","11":"purchasable","12":"product-type-simple"},"_links":{"self":[{"href":"https:\/\/twsites.com.br\/novomigcenter\/index.php?rest_route=\/wp\/v2\/product\/11209","targetHints":{"allow":["GET"]}}],"collection":[{"href":"https:\/\/twsites.com.br\/novomigcenter\/index.php?rest_route=\/wp\/v2\/product"}],"about":[{"href":"https:\/\/twsites.com.br\/novomigcenter\/index.php?rest_route=\/wp\/v2\/types\/product"}],"replies":[{"embeddable":true,"href":"https:\/\/twsites.com.br\/novomigcenter\/index.php?rest_route=%2Fwp%2Fv2%2Fcomments&post=11209"}],"wp:featuredmedia":[{"embeddable":true,"href":"https:\/\/twsites.com.br\/novomigcenter\/index.php?rest_route=\/wp\/v2\/media\/11208"}],"wp:attachment":[{"href":"https:\/\/twsites.com.br\/novomigcenter\/index.php?rest_route=%2Fwp%2Fv2%2Fmedia&parent=11209"}],"wp:term":[{"taxonomy":"product_brand","embeddable":true,"href":"https:\/\/twsites.com.br\/novomigcenter\/index.php?rest_route=%2Fwp%2Fv2%2Fproduct_brand&post=11209"},{"taxonomy":"product_cat","embeddable":true,"href":"https:\/\/twsites.com.br\/novomigcenter\/index.php?rest_route=%2Fwp%2Fv2%2Fproduct_cat&post=11209"},{"taxonomy":"product_tag","embeddable":true,"href":"https:\/\/twsites.com.br\/novomigcenter\/index.php?rest_route=%2Fwp%2Fv2%2Fproduct_tag&post=11209"}],"curies":[{"name":"wp","href":"https:\/\/api.w.org\/{rel}","templated":true}]}}