{"id":11217,"date":"2017-02-22T09:14:08","date_gmt":"2017-02-22T09:14:08","guid":{"rendered":"https:\/\/twsites.com.br\/novomigcenter\/?product=dosaor-resfriador-de-agua-gelopar-grda-100"},"modified":"2017-02-22T09:14:08","modified_gmt":"2017-02-22T09:14:08","slug":"dosaor-resfriador-de-agua-gelopar-grda-100","status":"publish","type":"product","link":"https:\/\/twsites.com.br\/novomigcenter\/?product=dosaor-resfriador-de-agua-gelopar-grda-100","title":{"rendered":"Dosador \/ Resfriador de \u00c1gua 100L GRDA-100AI &#8211; Gelopar"},"content":{"rendered":"<p><span style=\"font-weight: bold;\"><font face=\"Arial\">Descri\u00e7\u00e3o do Produto<\/font><\/span><\/p>\n<p><font face=\"Arial\">Refrigera\u00e7\u00e3o de \u00e1gua, utilizado como auxiliar no preparo de massas em padarias<br \/><\/font><\/p>\n<p><font face=\"Arial\">Temperatura: +1\u00b0 a +7\u00b0C<\/font><\/p>\n<p><font face=\"Arial\">Refrigera\u00e7\u00e3o: Evaporador tipo serpentina em A\u00e7o inox<\/font><\/p>\n<p><font face=\"Arial\">Controle de Temperatura: Controlador Eletr\u00f4nico Digital, com indicador digital de temperatura<\/font><\/p>\n<p><font face=\"Arial\">Tampa: Cega em PSAI<\/font><\/p>\n<p><font face=\"Arial\">P\u00e9s regul\u00e1veis<\/font><\/p>\n<p><font face=\"Arial\">Revestimento externo: \u25aa GRDA-100: Base e corpo em A\u00e7o pr\u00e9-pintado cinza<\/font><\/p>\n<p><font face=\"Arial\">GRDA-100AI: Base em A\u00e7o pr\u00e9-pintado cinza e corpo em A\u00e7o inox 430 brilhante<\/font><\/p>\n<p><font face=\"Arial\">Tanque interno em a\u00e7o inox 304<\/font><\/p>\n<p><font face=\"Arial\">Chave b\u00f3ia para controle de abastecimento de \u00e1gua no tanque.<\/font><\/p>\n<p><font face=\"Arial\"><br \/><\/font><\/p>\n<table class=\"table table-bordered\" style=\"background-color: rgb(255, 255, 255); width: 1440px;\">\n<tbody>\n<tr>\n<td><font face=\"Arial\">Frente(mm)<br \/><\/font><\/td>\n<td><font face=\"Arial\">530<br \/><\/font><\/td>\n<\/tr>\n<tr>\n<td><font face=\"Arial\">Profundidade(mm)<br \/><\/font><\/td>\n<td><font face=\"Arial\">643<br \/><\/font><\/td>\n<\/tr>\n<tr>\n<td><font face=\"Arial\">Altura(mm)<br \/><\/font><\/td>\n<td><font face=\"Arial\">1142<br \/><\/font><\/td>\n<\/tr>\n<tr>\n<td><font face=\"Arial\">Capacidade bruta(litros)<br \/><\/font><\/td>\n<td><font face=\"Arial\">100<br \/><\/font><\/td>\n<\/tr>\n<tr>\n<td><font face=\"Arial\">Peso bruto(kg)<br \/><\/font><\/td>\n<td><font face=\"Arial\">73<br \/><\/font><\/td>\n<\/tr>\n<tr>\n<td><font face=\"Arial\">Tens\u00e3o(V<br \/><\/font><\/td>\n<td><font face=\"Arial\">127 \/ 220<br \/><\/font><\/td>\n<\/tr>\n<tr>\n<td><font face=\"Arial\">Frequ\u00eancia(Hz)<br \/><\/font><\/td>\n<td><font face=\"Arial\">60 \/ 50 ou 60<br \/><\/font><\/td>\n<\/tr>\n<tr>\n<td><font face=\"Arial\">Consumo kWh\/dia(60Hz)<br \/><\/font><\/td>\n<td><font face=\"Arial\">2,4<br \/><\/font><\/td>\n<\/tr>\n<tr>\n<td><font face=\"Arial\">Classe<br \/><\/font><\/td>\n<td><font face=\"Arial\">4<\/font><\/td>\n<\/tr>\n<\/tbody>\n<\/table>\n","protected":false},"excerpt":{"rendered":"<p>Descri\u00e7\u00e3o do Produto Refrigera\u00e7\u00e3o de \u00e1gua, utilizado como auxiliar no preparo de massas em padarias Temperatura: +1\u00b0 a +7\u00b0C Refrigera\u00e7\u00e3o: Evaporador tipo serpentina em A\u00e7o inox Controle de Temperatura: Controlador Eletr\u00f4nico Digital, com indicador digital de temperatura Tampa: Cega em PSAI P\u00e9s regul\u00e1veis Revestimento externo: \u25aa GRDA-100: Base e corpo em A\u00e7o pr\u00e9-pintado cinza GRDA-100AI: [&hellip;]<\/p>\n","protected":false},"featured_media":11216,"comment_status":"open","ping_status":"closed","template":"","meta":[],"product_brand":[],"product_cat":[342],"product_tag":[],"class_list":{"0":"post-11217","1":"product","2":"type-product","3":"status-publish","4":"has-post-thumbnail","6":"product_cat-dosadora-de-agua","8":"first","9":"instock","10":"shipping-taxable","11":"purchasable","12":"product-type-simple"},"_links":{"self":[{"href":"https:\/\/twsites.com.br\/novomigcenter\/index.php?rest_route=\/wp\/v2\/product\/11217","targetHints":{"allow":["GET"]}}],"collection":[{"href":"https:\/\/twsites.com.br\/novomigcenter\/index.php?rest_route=\/wp\/v2\/product"}],"about":[{"href":"https:\/\/twsites.com.br\/novomigcenter\/index.php?rest_route=\/wp\/v2\/types\/product"}],"replies":[{"embeddable":true,"href":"https:\/\/twsites.com.br\/novomigcenter\/index.php?rest_route=%2Fwp%2Fv2%2Fcomments&post=11217"}],"wp:featuredmedia":[{"embeddable":true,"href":"https:\/\/twsites.com.br\/novomigcenter\/index.php?rest_route=\/wp\/v2\/media\/11216"}],"wp:attachment":[{"href":"https:\/\/twsites.com.br\/novomigcenter\/index.php?rest_route=%2Fwp%2Fv2%2Fmedia&parent=11217"}],"wp:term":[{"taxonomy":"product_brand","embeddable":true,"href":"https:\/\/twsites.com.br\/novomigcenter\/index.php?rest_route=%2Fwp%2Fv2%2Fproduct_brand&post=11217"},{"taxonomy":"product_cat","embeddable":true,"href":"https:\/\/twsites.com.br\/novomigcenter\/index.php?rest_route=%2Fwp%2Fv2%2Fproduct_cat&post=11217"},{"taxonomy":"product_tag","embeddable":true,"href":"https:\/\/twsites.com.br\/novomigcenter\/index.php?rest_route=%2Fwp%2Fv2%2Fproduct_tag&post=11217"}],"curies":[{"name":"wp","href":"https:\/\/api.w.org\/{rel}","templated":true}]}}