{"id":11247,"date":"2017-03-07T15:44:05","date_gmt":"2017-03-07T15:44:05","guid":{"rendered":"https:\/\/twsites.com.br\/novomigcenter\/?product=cesta-s651-supercron"},"modified":"2017-03-07T15:44:05","modified_gmt":"2017-03-07T15:44:05","slug":"cesta-s651-supercron","status":"publish","type":"product","link":"https:\/\/twsites.com.br\/novomigcenter\/?product=cesta-s651-supercron","title":{"rendered":"Suporte Cesta S651"},"content":{"rendered":"<p><span style=\"color: rgb(0, 0, 0); font-family: Verdana, Geneva, sans-serif; text-align: justify;\">A melhor forma de acomodar as cestas S-600 da Supercron.<\/span><br style=\"margin: 0px; padding: 0px; font-family: Verdana, Geneva, sans-serif; color: rgb(0, 0, 0); text-align: justify;\"><span style=\"color: rgb(0, 0, 0); font-family: Verdana, Geneva, sans-serif; text-align: justify;\">F\u00e1cil manuten\u00e7\u00e3o e alta resist\u00eancia.<\/span><\/p>\n<p><b style=\"margin: 0px; padding: 0px; font-family: Verdana, Geneva, sans-serif; color: rgb(0, 0, 0); text-align: justify;\">Medidas:&nbsp;<\/b><br style=\"margin: 0px; padding: 0px; font-family: Verdana, Geneva, sans-serif; color: rgb(0, 0, 0); text-align: justify;\"><span style=\"color: rgb(0, 0, 0); font-family: Verdana, Geneva, sans-serif; text-align: justify;\">Comprimento 43cm&nbsp;<\/span><br style=\"margin: 0px; padding: 0px; font-family: Verdana, Geneva, sans-serif; color: rgb(0, 0, 0); text-align: justify;\"><span style=\"color: rgb(0, 0, 0); font-family: Verdana, Geneva, sans-serif; text-align: justify;\">Largura 47cm&nbsp;<\/span><br style=\"margin: 0px; padding: 0px; font-family: Verdana, Geneva, sans-serif; color: rgb(0, 0, 0); text-align: justify;\"><span style=\"color: rgb(0, 0, 0); font-family: Verdana, Geneva, sans-serif; text-align: justify;\">Altura 98cm<\/span><span style=\"color: rgb(0, 0, 0); font-family: Verdana, Geneva, sans-serif; text-align: justify;\"><br \/><\/span><\/p>\n","protected":false},"excerpt":{"rendered":"<p>A melhor forma de acomodar as cestas S-600 da Supercron.F\u00e1cil manuten\u00e7\u00e3o e alta resist\u00eancia. Medidas:&nbsp;Comprimento 43cm&nbsp;Largura 47cm&nbsp;Altura 98cm<\/p>\n","protected":false},"featured_media":11246,"comment_status":"open","ping_status":"closed","template":"","meta":[],"product_brand":[],"product_cat":[365],"product_tag":[],"class_list":{"0":"post-11247","1":"product","2":"type-product","3":"status-publish","4":"has-post-thumbnail","6":"product_cat-cesta","8":"first","9":"instock","10":"shipping-taxable","11":"purchasable","12":"product-type-simple"},"_links":{"self":[{"href":"https:\/\/twsites.com.br\/novomigcenter\/index.php?rest_route=\/wp\/v2\/product\/11247","targetHints":{"allow":["GET"]}}],"collection":[{"href":"https:\/\/twsites.com.br\/novomigcenter\/index.php?rest_route=\/wp\/v2\/product"}],"about":[{"href":"https:\/\/twsites.com.br\/novomigcenter\/index.php?rest_route=\/wp\/v2\/types\/product"}],"replies":[{"embeddable":true,"href":"https:\/\/twsites.com.br\/novomigcenter\/index.php?rest_route=%2Fwp%2Fv2%2Fcomments&post=11247"}],"wp:featuredmedia":[{"embeddable":true,"href":"https:\/\/twsites.com.br\/novomigcenter\/index.php?rest_route=\/wp\/v2\/media\/11246"}],"wp:attachment":[{"href":"https:\/\/twsites.com.br\/novomigcenter\/index.php?rest_route=%2Fwp%2Fv2%2Fmedia&parent=11247"}],"wp:term":[{"taxonomy":"product_brand","embeddable":true,"href":"https:\/\/twsites.com.br\/novomigcenter\/index.php?rest_route=%2Fwp%2Fv2%2Fproduct_brand&post=11247"},{"taxonomy":"product_cat","embeddable":true,"href":"https:\/\/twsites.com.br\/novomigcenter\/index.php?rest_route=%2Fwp%2Fv2%2Fproduct_cat&post=11247"},{"taxonomy":"product_tag","embeddable":true,"href":"https:\/\/twsites.com.br\/novomigcenter\/index.php?rest_route=%2Fwp%2Fv2%2Fproduct_tag&post=11247"}],"curies":[{"name":"wp","href":"https:\/\/api.w.org\/{rel}","templated":true}]}}