{"id":11255,"date":"2017-03-07T16:01:50","date_gmt":"2017-03-07T16:01:50","guid":{"rendered":"https:\/\/twsites.com.br\/novomigcenter\/?product=check-out-standard-innal"},"modified":"2017-03-07T16:01:50","modified_gmt":"2017-03-07T16:01:50","slug":"check-out-standard-innal","status":"publish","type":"product","link":"https:\/\/twsites.com.br\/novomigcenter\/?product=check-out-standard-innal","title":{"rendered":"Checkout Standard INNAL"},"content":{"rendered":"<div class=\"three-third\" style=\"background-image: initial; background-position: initial; background-size: initial; background-repeat: initial; background-attachment: initial; background-origin: initial; background-clip: initial; border: 0px; margin: 0px; outline: 0px; padding: 0px; vertical-align: baseline;\">\n<div class=\"blog-post\" style=\"background-image: initial; background-position: initial; background-size: initial; background-repeat: initial; background-attachment: initial; background-origin: initial; background-clip: initial; border-width: 0px 0px 1px; border-top-style: initial; border-right-style: initial; border-bottom-style: solid; border-left-style: initial; border-top-color: initial; border-right-color: initial; border-bottom-color: rgb(225, 225, 225); border-left-color: initial; border-image: initial; margin: 0px 0px 30px; outline: 0px; padding: 0px 0px 30px; vertical-align: baseline; float: left; width: 940px; text-align: justify;\">\n<p class=\"MsoNormal\"><b><span style=\"font-family:&quot;Arial Narrow&quot;,&quot;sans-serif&quot;\">DESCRI\u00c7\u00c3O<o:p><\/o:p><\/span><\/b><\/p>\n<p class=\"MsoNormal\"><span style=\"font-family:&quot;Arial Narrow&quot;,&quot;sans-serif&quot;\">Checkout Standard INNAL.<o:p><\/o:p><\/span><\/p>\n<p class=\"MsoNormal\"><span style=\"font-family:&quot;Arial Narrow&quot;,&quot;sans-serif&quot;\">Atende a NR17 do MTE que regulariza o trabalho dos operadores se check-out.<o:p><\/o:p><\/span><\/p>\n<p class=\"MsoNormal\"><span style=\"font-family:&quot;Arial Narrow&quot;,&quot;sans-serif&quot;\">Kit automa\u00e7\u00e3o vendido separadamente.<o:p><\/o:p><\/span><\/p>\n<p class=\"MsoNormal\"><span style=\"font-family:&quot;Arial Narrow&quot;,&quot;sans-serif&quot;\">Op\u00e7\u00e3o com furo para balan\u00e7a.<o:p><\/o:p><\/span><\/p>\n<p class=\"MsoNormal\"><span style=\"font-family:&quot;Arial Narrow&quot;,&quot;sans-serif&quot;\">1,30m formato em &#8220;L&#8221;<o:p><\/o:p><\/span><\/p>\n<p class=\"MsoNormal\"><span style=\"font-family:&quot;Arial Narrow&quot;,&quot;sans-serif&quot;\">1,50m 1,80m e 2,00m formato em &#8220;U&#8221;<o:p><\/o:p><\/span><\/p>\n<p class=\"MsoNormal\"><b><span style=\"font-family:&quot;Arial Narrow&quot;,&quot;sans-serif&quot;\"><o:p>&nbsp;<\/o:p><\/span><\/b><\/p>\n<p class=\"MsoNormal\"><b><span style=\"font-family:&quot;Arial Narrow&quot;,&quot;sans-serif&quot;\">CARACTER\u00cdSTICAS<o:p><\/o:p><\/span><\/b><\/p>\n<p class=\"MsoNormal\"><b><span style=\"font-family:&quot;Arial Narrow&quot;,&quot;sans-serif&quot;\">Tampo:<\/span><\/b><span style=\"font-family:&quot;Arial Narrow&quot;,&quot;sans-serif&quot;\"> Inox AISI 430 0,50mm. ( Reto ).<o:p><\/o:p><\/span><\/p>\n<p class=\"MsoNormal\"><b><span style=\"font-family:&quot;Arial Narrow&quot;,&quot;sans-serif&quot;\">Estrutura:<\/span><\/b><span style=\"font-family:&quot;Arial Narrow&quot;,&quot;sans-serif&quot;\">&nbsp;&nbsp;&nbsp;&nbsp;&nbsp;&nbsp;&nbsp;&nbsp;&nbsp;&nbsp; Met\u00e1lica em chapa 0,90mm e 0,45mm.<o:p><\/o:p><\/span><\/p>\n<p class=\"MsoNormal\"><b><span style=\"font-family:&quot;Arial Narrow&quot;,&quot;sans-serif&quot;\">Pintura:&nbsp;&nbsp;&nbsp;&nbsp;&nbsp;&nbsp;&nbsp;&nbsp;&nbsp;&nbsp;&nbsp;&nbsp;&nbsp;&nbsp;&nbsp; <\/span><\/b><span style=\"font-family:&quot;Arial Narrow&quot;,&quot;sans-serif&quot;\">Ep\u00f3xi p\u00f3.<o:p><\/o:p><\/span><\/p>\n<p class=\"MsoNormal\"><b><span style=\"font-family:&quot;Arial Narrow&quot;,&quot;sans-serif&quot;\">Gaveta: <\/span><\/b><span style=\"font-family:&quot;Arial Narrow&quot;,&quot;sans-serif&quot;\">Manual sem pino impuls\u00e3o, com porta c\u00e9dulas.<o:p><\/o:p><\/span><\/p>\n<p class=\"MsoNormal\"><b><span style=\"font-family:&quot;Arial Narrow&quot;,&quot;sans-serif&quot;\">P\u00e9s:&nbsp;&nbsp;&nbsp;&nbsp;&nbsp;&nbsp; <\/span><\/b><span style=\"font-family:&quot;Arial Narrow&quot;,&quot;sans-serif&quot;\">Regul\u00e1veis para nivelamento com o piso.<o:p><\/o:p><\/span><\/p>\n<p class=\"MsoNormal\"><b><span style=\"font-family:&quot;Arial Narrow&quot;,&quot;sans-serif&quot;\">Para Choque:&nbsp;&nbsp;&nbsp; <\/span><\/b><span style=\"font-family:&quot;Arial Narrow&quot;,&quot;sans-serif&quot;\">A prova de impacto na cor cinza.<o:p><\/o:p><\/span><\/p>\n<p class=\"MsoNormal\"><b><span style=\"font-family:&quot;Arial Narrow&quot;,&quot;sans-serif&quot;\">Tamanhos:<\/span><\/b><span style=\"font-family:&quot;Arial Narrow&quot;,&quot;sans-serif&quot;\">&nbsp;&nbsp;&nbsp;&nbsp;&nbsp;&nbsp;&nbsp;&nbsp; Comprimento (1.30m, 1.50m, 1.80m, 2.00m).<o:p><\/o:p><\/span><\/p>\n<p style=\"background-image: initial; background-position: initial; background-size: initial; background-repeat: initial; background-attachment: initial; background-origin: initial; background-clip: initial; line-height: 22px; margin-bottom: 20px; border: 0px; outline: 0px; padding: 0px; vertical-align: baseline;\">\n<p class=\"MsoNormal\"><b><span style=\"font-family:&quot;Arial Narrow&quot;,&quot;sans-serif&quot;\">Altura:<\/span><\/b><span style=\"font-family:&quot;Arial Narrow&quot;,&quot;sans-serif&quot;\">&nbsp; 0,90m.<\/span><o:p><\/o:p><\/p>\n<\/div>\n<\/div>\n<div class=\"three-third\" style=\"background-image: initial; background-position: initial; background-size: initial; background-repeat: initial; background-attachment: initial; background-origin: initial; background-clip: initial; border: 0px; font-size: 13px; margin: 0px; outline: 0px; padding: 0px; vertical-align: baseline; color: rgb(137, 137, 137); font-family: Roboto, Arial, Verdana;\">\n<div class=\"blog-post\" style=\"background: transparent; border-top: 0px; border-right: 0px; border-bottom: none; border-left: 0px; border-image: initial; margin: 0px 0px 30px; outline: 0px; padding: 0px 0px 30px; vertical-align: baseline; float: left; width: 940px; text-align: justify;\">\n<h4 style=\"font-family: Roboto, arial, helvetica, sans-serif; font-weight: 700; line-height: 22px; color: rgb(64, 64, 64); margin-right: 0px; margin-bottom: 20px; margin-left: 0px; font-size: 16px; background: transparent; border: 0px; outline: 0px; padding: 0px; vertical-align: baseline;\">CORES DISPON\u00cdVEIS BASE<\/h4>\n<div style=\"background: transparent; border: 0px; margin: 0px; outline: 0px; padding: 0px; vertical-align: baseline; width: 940px; text-align: center;\">\n<div style=\"background: rgb(245, 245, 220); border: 1px solid rgb(0, 0, 0); margin: 0px 0px 0px 5px; outline: 0px; padding: 0px; vertical-align: baseline; width: 18px; height: 18px; float: left;\"><span title=\"BEGE\" style=\"background: transparent; border: 0px; margin: 0px; outline: 0px; padding: 0px; vertical-align: baseline;\">&nbsp;<\/span><\/div>\n<div style=\"background-image: initial; background-position: initial; background-size: initial; background-repeat: initial; background-attachment: initial; background-origin: initial; background-clip: initial; border: 1px solid rgb(0, 0, 0); margin: 0px 0px 0px 5px; outline: 0px; padding: 0px; vertical-align: baseline; width: 18px; height: 18px; float: left;\"><span title=\"BRANCO\" style=\"background: transparent; border: 0px; margin: 0px; outline: 0px; padding: 0px; vertical-align: baseline;\">&nbsp;<\/span><\/div>\n<div style=\"background: rgb(174, 173, 171); border: 1px solid rgb(0, 0, 0); margin: 0px 0px 0px 5px; outline: 0px; padding: 0px; vertical-align: baseline; width: 18px; height: 18px; float: left;\"><span title=\"GRAFITE\" style=\"background: transparent; border: 0px; margin: 0px; outline: 0px; padding: 0px; vertical-align: baseline;\">&nbsp;<\/span><\/div>\n<\/div>\n<\/div>\n<\/div>\n<div class=\"three-third\" style=\"background-image: initial; background-position: initial; background-size: initial; background-repeat: initial; background-attachment: initial; background-origin: initial; background-clip: initial; border: 0px; font-size: 13px; margin: 0px; outline: 0px; padding: 0px; vertical-align: baseline; color: rgb(137, 137, 137); font-family: Roboto, Arial, Verdana;\">\n<div class=\"blog-post\" style=\"background: transparent; border-top: 0px; border-right: 0px; border-bottom: none; border-left: 0px; border-image: initial; margin: 0px 0px 30px; outline: 0px; padding: 0px 0px 30px; vertical-align: baseline; float: left; width: 940px; text-align: justify;\">\n<h4 style=\"font-family: Roboto, arial, helvetica, sans-serif; font-weight: 700; line-height: 22px; color: rgb(64, 64, 64); margin-right: 0px; margin-bottom: 20px; margin-left: 0px; font-size: 16px; background: transparent; border: 0px; outline: 0px; padding: 0px; vertical-align: baseline;\">CORES DISPON\u00cdVEIS TAMPO<\/h4>\n<div style=\"background: transparent; border: 0px; margin: 0px; outline: 0px; padding: 0px; vertical-align: baseline; width: 940px; text-align: center;\">\n<div style=\"background: rgb(245, 245, 220); border: 1px solid rgb(0, 0, 0); margin: 0px 0px 0px 5px; outline: 0px; padding: 0px; vertical-align: baseline; width: 18px; height: 18px; float: left;\"><span title=\"BEGE\" style=\"background: transparent; border: 0px; margin: 0px; outline: 0px; padding: 0px; vertical-align: baseline;\">&nbsp;<\/span><\/div>\n<div style=\"background-image: initial; background-position: initial; background-size: initial; background-repeat: initial; background-attachment: initial; background-origin: initial; background-clip: initial; border: 1px solid rgb(0, 0, 0); margin: 0px 0px 0px 5px; outline: 0px; padding: 0px; vertical-align: baseline; width: 18px; height: 18px; float: left;\"><span title=\"BRANCO\" style=\"background: transparent; border: 0px; margin: 0px; outline: 0px; padding: 0px; vertical-align: baseline;\">&nbsp;<\/span><\/div>\n<div style=\"background: rgb(174, 173, 171); border: 1px solid rgb(0, 0, 0); margin: 0px 0px 0px 5px; outline: 0px; padding: 0px; vertical-align: baseline; width: 18px; height: 18px; float: left;\"><span title=\"GRAFITE\" style=\"background: transparent; border: 0px; margin: 0px; outline: 0px; padding: 0px; vertical-align: baseline;\">&nbsp;<\/span><\/div>\n<div style=\"background: rgb(34, 17, 119); border: 1px solid rgb(0, 0, 0); margin: 0px 0px 0px 5px; outline: 0px; padding: 0px; vertical-align: baseline; width: 18px; height: 18px; float: left;\"><span title=\"AZUL\" style=\"background: transparent; border: 0px; margin: 0px; outline: 0px; padding: 0px; vertical-align: baseline;\">&nbsp;<\/span><\/div>\n<div style=\"background: rgb(255, 255, 0); border: 1px solid rgb(0, 0, 0); margin: 0px 0px 0px 5px; outline: 0px; padding: 0px; vertical-align: baseline; width: 18px; height: 18px; float: left;\"><span title=\"AMARELO\" style=\"background: transparent; border: 0px; margin: 0px; outline: 0px; padding: 0px; vertical-align: baseline;\">&nbsp;<\/span><\/div>\n<div style=\"background: rgb(254, 138, 0); border: 1px solid rgb(0, 0, 0); margin: 0px 0px 0px 5px; outline: 0px; padding: 0px; vertical-align: baseline; width: 18px; height: 18px; float: left;\"><span title=\"LARANJA\" style=\"background: transparent; border: 0px; margin: 0px; outline: 0px; padding: 0px; vertical-align: baseline;\">&nbsp;<\/span><\/div>\n<div style=\"background: rgb(247, 2, 4); border: 1px solid rgb(0, 0, 0); margin: 0px 0px 0px 5px; outline: 0px; padding: 0px; vertical-align: baseline; width: 18px; height: 18px; float: left;\"><span title=\"VERMELHO\" style=\"background: transparent; border: 0px; margin: 0px; outline: 0px; padding: 0px; vertical-align: baseline;\">&nbsp;<\/span><\/div>\n<div style=\"background: rgb(0, 128, 0); border: 1px solid rgb(0, 0, 0); margin: 0px 0px 0px 5px; outline: 0px; padding: 0px; vertical-align: baseline; width: 18px; height: 18px; float: left;\"><span title=\"VERDE\" style=\"background: transparent; border: 0px; margin: 0px; outline: 0px; padding: 0px; vertical-align: baseline;\">&nbsp;<\/span><\/div>\n<\/div>\n<\/div>\n<\/div>\n<div class=\"three-third\" style=\"background-image: initial; background-position: initial; background-size: initial; background-repeat: initial; background-attachment: initial; background-origin: initial; background-clip: initial; border: 0px; font-size: 13px; margin: 0px; outline: 0px; padding: 0px; vertical-align: baseline; color: rgb(137, 137, 137); font-family: Roboto, Arial, Verdana;\">\n<div class=\"blog-post\" style=\"background: transparent; border-top: 0px; border-right: 0px; border-bottom: none; border-left: 0px; border-image: initial; margin: 0px 0px 30px; outline: 0px; padding: 0px 0px 30px; vertical-align: baseline; float: left; width: 940px; text-align: justify;\">\n<h4 style=\"font-family: Roboto, arial, helvetica, sans-serif; font-weight: 700; line-height: 22px; color: rgb(64, 64, 64); margin-right: 0px; margin-bottom: 20px; margin-left: 0px; font-size: 16px; background: transparent; border: 0px; outline: 0px; padding: 0px; vertical-align: baseline;\">CORES DISPON\u00cdVEIS PERFIL<\/h4>\n<div style=\"background: transparent; border: 0px; margin: 0px; outline: 0px; padding: 0px; vertical-align: baseline; width: 940px; text-align: center;\">\n<div style=\"background-image: initial; background-position: initial; background-size: initial; background-repeat: initial; background-attachment: initial; background-origin: initial; background-clip: initial; border: 1px solid rgb(0, 0, 0); margin: 0px 0px 0px 5px; outline: 0px; padding: 0px; vertical-align: baseline; width: 18px; height: 18px; float: left;\"><span title=\"BRANCO\" style=\"background: transparent; border: 0px; margin: 0px; outline: 0px; padding: 0px; vertical-align: baseline;\">&nbsp;<\/span><\/div>\n<div style=\"background: rgb(174, 173, 171); border: 1px solid rgb(0, 0, 0); margin: 0px 0px 0px 5px; outline: 0px; padding: 0px; vertical-align: baseline; width: 18px; height: 18px; float: left;\"><span title=\"GRAFITE\" style=\"background: transparent; border: 0px; margin: 0px; outline: 0px; padding: 0px; vertical-align: baseline;\">&nbsp;<\/span><\/div>\n<div style=\"background: rgb(34, 17, 119); border: 1px solid rgb(0, 0, 0); margin: 0px 0px 0px 5px; outline: 0px; padding: 0px; vertical-align: baseline; width: 18px; height: 18px; float: left;\"><span title=\"AZUL\" style=\"background: transparent; border: 0px; margin: 0px; outline: 0px; padding: 0px; vertical-align: baseline;\">&nbsp;<\/span><\/div>\n<div style=\"background: rgb(255, 255, 0); border: 1px solid rgb(0, 0, 0); margin: 0px 0px 0px 5px; outline: 0px; padding: 0px; vertical-align: baseline; width: 18px; height: 18px; float: left;\"><span title=\"AMARELO\" style=\"background: transparent; border: 0px; margin: 0px; outline: 0px; padding: 0px; vertical-align: baseline;\">&nbsp;<\/span><\/div>\n<div style=\"background: rgb(254, 138, 0); border: 1px solid rgb(0, 0, 0); margin: 0px 0px 0px 5px; outline: 0px; padding: 0px; vertical-align: baseline; width: 18px; height: 18px; float: left;\"><span title=\"LARANJA\" style=\"background: transparent; border: 0px; margin: 0px; outline: 0px; padding: 0px; vertical-align: baseline;\">&nbsp;<\/span><\/div>\n<div style=\"background: rgb(247, 2, 4); border: 1px solid rgb(0, 0, 0); margin: 0px 0px 0px 5px; outline: 0px; padding: 0px; vertical-align: baseline; width: 18px; height: 18px; float: left;\"><span title=\"VERMELHO\" style=\"background: transparent; border: 0px; margin: 0px; outline: 0px; padding: 0px; vertical-align: baseline;\">&nbsp;<\/span><\/div>\n<div style=\"background: rgb(0, 128, 0); border: 1px solid rgb(0, 0, 0); margin: 0px 0px 0px 5px; outline: 0px; padding: 0px; vertical-align: baseline; width: 18px; height: 18px; float: left;\"><span title=\"VERDE\" style=\"background: transparent; border: 0px; margin: 0px; outline: 0px; padding: 0px; vertical-align: baseline;\">&nbsp;<\/span><\/div>\n<div><span title=\"VERDE\" style=\"background: transparent; border: 0px; margin: 0px; outline: 0px; padding: 0px; vertical-align: baseline;\"><br \/><\/span><\/div>\n<\/div>\n<\/div>\n<\/div>\n","protected":false},"excerpt":{"rendered":"<p>DESCRI\u00c7\u00c3O Checkout Standard INNAL. Atende a NR17 do MTE que regulariza o trabalho dos operadores se check-out. Kit automa\u00e7\u00e3o vendido separadamente. Op\u00e7\u00e3o com furo para balan\u00e7a. 1,30m formato em &#8220;L&#8221; 1,50m 1,80m e 2,00m formato em &#8220;U&#8221; &nbsp; CARACTER\u00cdSTICAS Tampo: Inox AISI 430 0,50mm. ( Reto ). Estrutura:&nbsp;&nbsp;&nbsp;&nbsp;&nbsp;&nbsp;&nbsp;&nbsp;&nbsp;&nbsp; Met\u00e1lica em chapa 0,90mm e 0,45mm. Pintura:&nbsp;&nbsp;&nbsp;&nbsp;&nbsp;&nbsp;&nbsp;&nbsp;&nbsp;&nbsp;&nbsp;&nbsp;&nbsp;&nbsp;&nbsp; [&hellip;]<\/p>\n","protected":false},"featured_media":11254,"comment_status":"open","ping_status":"closed","template":"","meta":[],"product_brand":[],"product_cat":[366],"product_tag":[],"class_list":{"0":"post-11255","1":"product","2":"type-product","3":"status-publish","4":"has-post-thumbnail","6":"product_cat-check-out","8":"first","9":"instock","10":"shipping-taxable","11":"purchasable","12":"product-type-simple"},"_links":{"self":[{"href":"https:\/\/twsites.com.br\/novomigcenter\/index.php?rest_route=\/wp\/v2\/product\/11255","targetHints":{"allow":["GET"]}}],"collection":[{"href":"https:\/\/twsites.com.br\/novomigcenter\/index.php?rest_route=\/wp\/v2\/product"}],"about":[{"href":"https:\/\/twsites.com.br\/novomigcenter\/index.php?rest_route=\/wp\/v2\/types\/product"}],"replies":[{"embeddable":true,"href":"https:\/\/twsites.com.br\/novomigcenter\/index.php?rest_route=%2Fwp%2Fv2%2Fcomments&post=11255"}],"wp:featuredmedia":[{"embeddable":true,"href":"https:\/\/twsites.com.br\/novomigcenter\/index.php?rest_route=\/wp\/v2\/media\/11254"}],"wp:attachment":[{"href":"https:\/\/twsites.com.br\/novomigcenter\/index.php?rest_route=%2Fwp%2Fv2%2Fmedia&parent=11255"}],"wp:term":[{"taxonomy":"product_brand","embeddable":true,"href":"https:\/\/twsites.com.br\/novomigcenter\/index.php?rest_route=%2Fwp%2Fv2%2Fproduct_brand&post=11255"},{"taxonomy":"product_cat","embeddable":true,"href":"https:\/\/twsites.com.br\/novomigcenter\/index.php?rest_route=%2Fwp%2Fv2%2Fproduct_cat&post=11255"},{"taxonomy":"product_tag","embeddable":true,"href":"https:\/\/twsites.com.br\/novomigcenter\/index.php?rest_route=%2Fwp%2Fv2%2Fproduct_tag&post=11255"}],"curies":[{"name":"wp","href":"https:\/\/api.w.org\/{rel}","templated":true}]}}