{"id":11278,"date":"2017-03-08T14:44:04","date_gmt":"2017-03-08T14:44:04","guid":{"rendered":"https:\/\/twsites.com.br\/novomigcenter\/?product=forno-eletrico-turbo-fte-4-gastromaq"},"modified":"2017-03-08T14:44:04","modified_gmt":"2017-03-08T14:44:04","slug":"forno-eletrico-turbo-fte-4-gastromaq","status":"publish","type":"product","link":"https:\/\/twsites.com.br\/novomigcenter\/?product=forno-eletrico-turbo-fte-4-gastromaq","title":{"rendered":"Forno Turbo El\u00e9trico &#8211; FTE 4 &#8211; Gastromaq"},"content":{"rendered":"<p><span style=\"font-weight: bold;\">Descri\u00e7\u00e3o do Produto<\/span><\/p>\n<p>O FORNO TURBO EL\u00c9TRICO FTE 4, atende \u00e0s necessidades do consumidor assando uniformemente qualquer tipo de p\u00e3o, bolos, cucas, biscoitos e pizzas com grande economia em rela\u00e7\u00e3o a fornos com outras fontes de calor. Fabricado em a\u00e7o SAE 1020 revestido internamente com pintura alum\u00ednio (at\u00f3xica) e externamente com pintura ep\u00f3xi branca. Possui a frente, porta e os suportes das bandejas fabricado em a\u00e7o inox AISI 430. Sistema Turbo que atrav\u00e9s de uma h\u00e9lice, circula o ar quente fazendo com que o p\u00e3o asse uniforme. Baixo consumo de energia el\u00e9trica. Painel de f\u00e1cil opera\u00e7\u00e3o, com bot\u00f5es de acionamento para geral, motor e l\u00e2mpada. Controlador digital que emite uma alarme sonoro para avisar o t\u00e9rmino do tempo desejado e controla a temperatura desejada. Controla o tempo de vapor desejado. Luz para melhor visualiza\u00e7\u00e3o da c\u00e2mara interna. Compat\u00edvel com bandejas de 58 x 70cm e 40 x 60cm. Isolamento t\u00e9rmico em l\u00e3 de rocha. Rod\u00edzios para facilitar a locomo\u00e7\u00e3o.<\/p>\n<p><span style=\"font-weight: bold;\">Especifica\u00e7\u00f5es T\u00e9cnica<\/span><\/p>\n<table class=\"table table-bordered\" style=\"background-color: rgb(255, 255, 255); width: 1440px;\">\n<tbody>\n<tr>\n<td>MOTOR<\/td>\n<td>1\/4 cv<\/td>\n<\/tr>\n<tr>\n<td>TENS\u00c3O<\/td>\n<td>220 mono ou 220\/380v<\/td>\n<\/tr>\n<tr>\n<td>CONSUMO EL\u00c9TRICO<\/td>\n<td>3,8 Kw\/h<\/td>\n<\/tr>\n<tr>\n<td>N\u00b0 DE BANDEJAS<\/td>\n<td>4<\/td>\n<\/tr>\n<tr>\n<td>CAPACIDADE<\/td>\n<td>360 a 420 P\u00e3es\/h<\/td>\n<\/tr>\n<tr>\n<td>TEMPO DE ASSADO<\/td>\n<td>15 a 18 min<\/td>\n<\/tr>\n<tr>\n<td>POT\u00caNCIA INSTALADA<\/td>\n<td>8700 W<\/td>\n<\/tr>\n<tr>\n<td>DIMENS\u00d5ES (A X L X C)<\/td>\n<td>1480 x 970 x 1320mm<\/td>\n<\/tr>\n<\/tbody>\n<\/table>\n","protected":false},"excerpt":{"rendered":"<p>Descri\u00e7\u00e3o do Produto O FORNO TURBO EL\u00c9TRICO FTE 4, atende \u00e0s necessidades do consumidor assando uniformemente qualquer tipo de p\u00e3o, bolos, cucas, biscoitos e pizzas com grande economia em rela\u00e7\u00e3o a fornos com outras fontes de calor. Fabricado em a\u00e7o SAE 1020 revestido internamente com pintura alum\u00ednio (at\u00f3xica) e externamente com pintura ep\u00f3xi branca. Possui [&hellip;]<\/p>\n","protected":false},"featured_media":11277,"comment_status":"open","ping_status":"closed","template":"","meta":[],"product_brand":[],"product_cat":[344],"product_tag":[],"class_list":{"0":"post-11278","1":"product","2":"type-product","3":"status-publish","4":"has-post-thumbnail","6":"product_cat-forno-turbo-gas-eletrico-lenha","8":"first","9":"instock","10":"shipping-taxable","11":"purchasable","12":"product-type-simple"},"_links":{"self":[{"href":"https:\/\/twsites.com.br\/novomigcenter\/index.php?rest_route=\/wp\/v2\/product\/11278","targetHints":{"allow":["GET"]}}],"collection":[{"href":"https:\/\/twsites.com.br\/novomigcenter\/index.php?rest_route=\/wp\/v2\/product"}],"about":[{"href":"https:\/\/twsites.com.br\/novomigcenter\/index.php?rest_route=\/wp\/v2\/types\/product"}],"replies":[{"embeddable":true,"href":"https:\/\/twsites.com.br\/novomigcenter\/index.php?rest_route=%2Fwp%2Fv2%2Fcomments&post=11278"}],"wp:featuredmedia":[{"embeddable":true,"href":"https:\/\/twsites.com.br\/novomigcenter\/index.php?rest_route=\/wp\/v2\/media\/11277"}],"wp:attachment":[{"href":"https:\/\/twsites.com.br\/novomigcenter\/index.php?rest_route=%2Fwp%2Fv2%2Fmedia&parent=11278"}],"wp:term":[{"taxonomy":"product_brand","embeddable":true,"href":"https:\/\/twsites.com.br\/novomigcenter\/index.php?rest_route=%2Fwp%2Fv2%2Fproduct_brand&post=11278"},{"taxonomy":"product_cat","embeddable":true,"href":"https:\/\/twsites.com.br\/novomigcenter\/index.php?rest_route=%2Fwp%2Fv2%2Fproduct_cat&post=11278"},{"taxonomy":"product_tag","embeddable":true,"href":"https:\/\/twsites.com.br\/novomigcenter\/index.php?rest_route=%2Fwp%2Fv2%2Fproduct_tag&post=11278"}],"curies":[{"name":"wp","href":"https:\/\/api.w.org\/{rel}","templated":true}]}}