{"id":11284,"date":"2017-03-13T09:25:20","date_gmt":"2017-03-13T09:25:20","guid":{"rendered":"https:\/\/twsites.com.br\/novomigcenter\/?product=forno-turbo-eletrico-fte-10-gastromaq"},"modified":"2017-03-13T09:25:20","modified_gmt":"2017-03-13T09:25:20","slug":"forno-turbo-eletrico-fte-10-gastromaq","status":"publish","type":"product","link":"https:\/\/twsites.com.br\/novomigcenter\/?product=forno-turbo-eletrico-fte-10-gastromaq","title":{"rendered":"Forno Turbo El\u00e9trico &#8211; FTE 10 &#8211; Gastromaq"},"content":{"rendered":"<p><span style=\"font-weight: bold;\">Caracter\u00edsticas<\/span><\/p>\n<p>O FORNO TURBO EL\u00c9TRICO FTE 10, atende \u00e0s necessidades do consumidor assando uniformemente qualquer tipo de p\u00e3o, bolos, cucas, biscoitos e pizzas com grande economia em rela\u00e7\u00e3o a fornos com outras fontes de calor. Fabricado em a\u00e7o SAE 1020 revestido internamente com pintura alum\u00ednio (at\u00f3xica) e externamente com pintura ep\u00f3xi branca. Possui a frente, porta e os suportes das bandejas fabricado em a\u00e7o inox AISI 430. Sistema Turbo que atrav\u00e9s de uma h\u00e9lice, circula o ar quente fazendo com que o p\u00e3o asse uniforme. Baixo consumo de energia el\u00e9trica. Painel de f\u00e1cil opera\u00e7\u00e3o, com bot\u00f5es de acionamento para geral, motor e l\u00e2mpada. Controlador digital que emite uma alarme sonoro para avisar o t\u00e9rmino do tempo desejado e controla a temperatura desejada. Controla o tempo de vapor desejado. Luz para melhor visualiza\u00e7\u00e3o da c\u00e2mara interna. Compat\u00edvel com bandejas de 58 x 70cm e 40 x 60cm. Isolamento t\u00e9rmico em l\u00e3 de rocha. Rod\u00edzios para facilitar a locomo\u00e7\u00e3o.<\/p>\n<p><\/p>\n<p><span style=\"font-weight: bold;\">Especifica\u00e7\u00f5es T\u00e9cnicas<\/span><\/p>\n<table class=\"table table-bordered\" style=\"background-color: rgb(255, 255, 255); width: 1440px;\">\n<tbody>\n<tr>\n<td>MOTOR<\/td>\n<td>1,0 cv<\/td>\n<\/tr>\n<tr>\n<td>TENS\u00c3O<\/td>\n<td>220\/380v<\/td>\n<\/tr>\n<tr>\n<td>CONSUMO EL\u00c9TRICO<\/td>\n<td>7,9 Kw\/h<\/td>\n<\/tr>\n<tr>\n<td>N\u00b0 DE BANDEJAS<\/td>\n<td>10<\/td>\n<\/tr>\n<tr>\n<td>CAPACIDADE<\/td>\n<td>900 A 100 P\u00e3es\/h<\/td>\n<\/tr>\n<tr>\n<td>TEMPO DE ASSADO<\/td>\n<td>15 a 18 min<\/td>\n<\/tr>\n<tr>\n<td>POT\u00caNCIA INSTALADA<\/td>\n<td>18000 W<\/td>\n<\/tr>\n<tr>\n<td>DIMENS\u00d5ES (A X L X C)<\/td>\n<td>1935X995X1385mm<\/td>\n<\/tr>\n<\/tbody>\n<\/table>\n","protected":false},"excerpt":{"rendered":"<p>Caracter\u00edsticas O FORNO TURBO EL\u00c9TRICO FTE 10, atende \u00e0s necessidades do consumidor assando uniformemente qualquer tipo de p\u00e3o, bolos, cucas, biscoitos e pizzas com grande economia em rela\u00e7\u00e3o a fornos com outras fontes de calor. Fabricado em a\u00e7o SAE 1020 revestido internamente com pintura alum\u00ednio (at\u00f3xica) e externamente com pintura ep\u00f3xi branca. Possui a frente, [&hellip;]<\/p>\n","protected":false},"featured_media":11283,"comment_status":"open","ping_status":"closed","template":"","meta":[],"product_brand":[],"product_cat":[344],"product_tag":[],"class_list":{"0":"post-11284","1":"product","2":"type-product","3":"status-publish","4":"has-post-thumbnail","6":"product_cat-forno-turbo-gas-eletrico-lenha","8":"first","9":"instock","10":"shipping-taxable","11":"purchasable","12":"product-type-simple"},"_links":{"self":[{"href":"https:\/\/twsites.com.br\/novomigcenter\/index.php?rest_route=\/wp\/v2\/product\/11284","targetHints":{"allow":["GET"]}}],"collection":[{"href":"https:\/\/twsites.com.br\/novomigcenter\/index.php?rest_route=\/wp\/v2\/product"}],"about":[{"href":"https:\/\/twsites.com.br\/novomigcenter\/index.php?rest_route=\/wp\/v2\/types\/product"}],"replies":[{"embeddable":true,"href":"https:\/\/twsites.com.br\/novomigcenter\/index.php?rest_route=%2Fwp%2Fv2%2Fcomments&post=11284"}],"wp:featuredmedia":[{"embeddable":true,"href":"https:\/\/twsites.com.br\/novomigcenter\/index.php?rest_route=\/wp\/v2\/media\/11283"}],"wp:attachment":[{"href":"https:\/\/twsites.com.br\/novomigcenter\/index.php?rest_route=%2Fwp%2Fv2%2Fmedia&parent=11284"}],"wp:term":[{"taxonomy":"product_brand","embeddable":true,"href":"https:\/\/twsites.com.br\/novomigcenter\/index.php?rest_route=%2Fwp%2Fv2%2Fproduct_brand&post=11284"},{"taxonomy":"product_cat","embeddable":true,"href":"https:\/\/twsites.com.br\/novomigcenter\/index.php?rest_route=%2Fwp%2Fv2%2Fproduct_cat&post=11284"},{"taxonomy":"product_tag","embeddable":true,"href":"https:\/\/twsites.com.br\/novomigcenter\/index.php?rest_route=%2Fwp%2Fv2%2Fproduct_tag&post=11284"}],"curies":[{"name":"wp","href":"https:\/\/api.w.org\/{rel}","templated":true}]}}