{"id":11287,"date":"2017-03-13T09:52:52","date_gmt":"2017-03-13T09:52:52","guid":{"rendered":"https:\/\/twsites.com.br\/novomigcenter\/?product=forno-turbo-ftg-10-gastromaq"},"modified":"2017-03-13T09:52:52","modified_gmt":"2017-03-13T09:52:52","slug":"forno-turbo-ftg-10-gastromaq","status":"publish","type":"product","link":"https:\/\/twsites.com.br\/novomigcenter\/?product=forno-turbo-ftg-10-gastromaq","title":{"rendered":"Forno Turbo A G\u00e1s &#8211; FTG 10 &#8211; Gastromaq"},"content":{"rendered":"<p><span style=\"font-weight: bold;\">Caracter\u00edsticas<\/span><\/p>\n<p>Fabricado em a\u00e7o SAE 1020 revestido internamente com pintura alum\u00ednio (at\u00f3xica) e externamente com pintura ep\u00f3xi branca. Possui a frente, porta e os suportes das bandejas fabricado em a\u00e7o inox AISI 430. Sistema Turbo que atrav\u00e9s de uma h\u00e9lice, circula o ar quente fazendo com que o p\u00e3o asse uniforme. Baixo consumo de g\u00e1s. Painel de f\u00e1cil opera\u00e7\u00e3o, com bot\u00f5es de acionamento para geral, motor e l\u00e2mpada. Controlador digital que emite uma alarme sonoro para avisar o t\u00e9rmino do tempo desejado e controla a temperatura desejada. Controla o tempo de vapor desejado. Luz para melhor visualiza\u00e7\u00e3o da c\u00e2mara interna. Compat\u00edvel com bandejas de 58 x 70cm e 40 x 60cm. Isolamento t\u00e9rmico em l\u00e3 de rocha. Rod\u00edzios para facilitar a locomo\u00e7\u00e3o.<\/p>\n<p><\/p>\n<p><span style=\"font-weight: bold;\">Especifica\u00e7\u00f5es T\u00e9cnicas<\/span><\/p>\n<table class=\"table table-bordered\" style=\"background-color: rgb(255, 255, 255); width: 1440px;\">\n<tbody>\n<tr>\n<td>MOTOR<\/td>\n<td>1 CV<\/td>\n<\/tr>\n<tr>\n<td>TENS\u00c3O<\/td>\n<td>110\/220V<\/td>\n<\/tr>\n<tr>\n<td>PESO L\u00cdQUIDO<\/td>\n<td>&nbsp;Kg<\/td>\n<\/tr>\n<tr>\n<td>PESO BRUTO<\/td>\n<td>Kg<\/td>\n<\/tr>\n<tr>\n<td>CONSUMO GLP<\/td>\n<td>1,6 Kg<\/td>\n<\/tr>\n<tr>\n<td>CONSUMO EL\u00c9TRICO<\/td>\n<td>0,740 KW\/h<\/td>\n<\/tr>\n<tr>\n<td>QUANTIDADE DE P\u00c3ES POR FORNADA<\/td>\n<td>300<\/td>\n<\/tr>\n<tr>\n<td>QUANTIDADE DE ASSADEIRAS<\/td>\n<td>10<\/td>\n<\/tr>\n<tr>\n<td>PRODU\u00c7\u00c3O DE P\u00c3ES\/h<\/td>\n<td>900 A 1000<\/td>\n<\/tr>\n<tr>\n<td>DIMENS\u00d5ES<\/td>\n<td>1935 X 995 X 1385mm<\/td>\n<\/tr>\n<\/tbody>\n<\/table>\n","protected":false},"excerpt":{"rendered":"<p>Caracter\u00edsticas Fabricado em a\u00e7o SAE 1020 revestido internamente com pintura alum\u00ednio (at\u00f3xica) e externamente com pintura ep\u00f3xi branca. Possui a frente, porta e os suportes das bandejas fabricado em a\u00e7o inox AISI 430. Sistema Turbo que atrav\u00e9s de uma h\u00e9lice, circula o ar quente fazendo com que o p\u00e3o asse uniforme. Baixo consumo de g\u00e1s. [&hellip;]<\/p>\n","protected":false},"featured_media":11285,"comment_status":"open","ping_status":"closed","template":"","meta":[],"product_brand":[],"product_cat":[344],"product_tag":[],"class_list":{"0":"post-11287","1":"product","2":"type-product","3":"status-publish","4":"has-post-thumbnail","6":"product_cat-forno-turbo-gas-eletrico-lenha","8":"first","9":"instock","10":"shipping-taxable","11":"purchasable","12":"product-type-simple"},"_links":{"self":[{"href":"https:\/\/twsites.com.br\/novomigcenter\/index.php?rest_route=\/wp\/v2\/product\/11287","targetHints":{"allow":["GET"]}}],"collection":[{"href":"https:\/\/twsites.com.br\/novomigcenter\/index.php?rest_route=\/wp\/v2\/product"}],"about":[{"href":"https:\/\/twsites.com.br\/novomigcenter\/index.php?rest_route=\/wp\/v2\/types\/product"}],"replies":[{"embeddable":true,"href":"https:\/\/twsites.com.br\/novomigcenter\/index.php?rest_route=%2Fwp%2Fv2%2Fcomments&post=11287"}],"wp:featuredmedia":[{"embeddable":true,"href":"https:\/\/twsites.com.br\/novomigcenter\/index.php?rest_route=\/wp\/v2\/media\/11285"}],"wp:attachment":[{"href":"https:\/\/twsites.com.br\/novomigcenter\/index.php?rest_route=%2Fwp%2Fv2%2Fmedia&parent=11287"}],"wp:term":[{"taxonomy":"product_brand","embeddable":true,"href":"https:\/\/twsites.com.br\/novomigcenter\/index.php?rest_route=%2Fwp%2Fv2%2Fproduct_brand&post=11287"},{"taxonomy":"product_cat","embeddable":true,"href":"https:\/\/twsites.com.br\/novomigcenter\/index.php?rest_route=%2Fwp%2Fv2%2Fproduct_cat&post=11287"},{"taxonomy":"product_tag","embeddable":true,"href":"https:\/\/twsites.com.br\/novomigcenter\/index.php?rest_route=%2Fwp%2Fv2%2Fproduct_tag&post=11287"}],"curies":[{"name":"wp","href":"https:\/\/api.w.org\/{rel}","templated":true}]}}