{"id":11293,"date":"2017-03-13T12:17:29","date_gmt":"2017-03-13T12:17:29","guid":{"rendered":"https:\/\/twsites.com.br\/novomigcenter\/?product=forno-turbo-compacto-a-gas-ftcg-4-gastromaq"},"modified":"2017-03-13T12:17:29","modified_gmt":"2017-03-13T12:17:29","slug":"forno-turbo-compacto-a-gas-ftcg-4-gastromaq","status":"publish","type":"product","link":"https:\/\/twsites.com.br\/novomigcenter\/?product=forno-turbo-compacto-a-gas-ftcg-4-gastromaq","title":{"rendered":"Forno Turbo Compacto A G\u00e1s &#8211; FTCG 4 &#8211; Gastromaq"},"content":{"rendered":"<p><span style=\"font-weight: bold;\">Caracter\u00edsticas<\/span><\/p>\n<p>Fabricado nos em a\u00e7o SAE 1020 revestido internamente com pintura alum\u00ednio (at\u00f3xica) e externamente com pintura ep\u00f3xi branca. Possui a frente, porta e os suportes das bandejas fabricado em a\u00e7o inox &nbsp;AISI 430. Sistema Turbo que atrav\u00e9s de uma h\u00e9lice, circula o ar quente fazendo com que o p\u00e3o asse uniforme, baixo consumo de G\u00e1s, acendimento autom\u00e1tico, painel de f\u00e1cil opera\u00e7\u00e3o, com bot\u00f5es de acionamento para geral, motor e l\u00e2mpada. Controlador digital que emite alarme sonoro para avisar o t\u00e9rmino do assamento e controla a temperatura e o tempo de vapor desejado.L\u00e2mpada de Halog\u00eanio interna que proporciona melhor ilumina\u00e7\u00e3o da c\u00e2mara interna, isolamento t\u00e9rmico com l\u00e3 de rocha, cavalete desmont\u00e1vel com rod\u00edzios para facilitar a locomo\u00e7\u00e3o,possui porta inteiri\u00e7a com vidro frontal que proporciona melhor visualiza\u00e7\u00e3o da c\u00e2mara interna.<\/p>\n<p><\/p>\n<p><span style=\"font-weight: bold;\">Especifica\u00e7\u00f5es T\u00e9cnicas<\/span><\/p>\n<table class=\"table table-bordered\" style=\"background-color: rgb(255, 255, 255); width: 1440px;\">\n<tbody>\n<tr>\n<td>MOTOR<\/td>\n<td>1\/4 CV<\/td>\n<\/tr>\n<tr>\n<td>TENS\u00c3O<\/td>\n<td>110\/220V<\/td>\n<\/tr>\n<tr>\n<td>CONSUMO GLP<\/td>\n<td>0,450 Kg<\/td>\n<\/tr>\n<tr>\n<td>CONSUMO EL\u00c9TRICO<\/td>\n<td>&nbsp;0,190 KW\/h<\/td>\n<\/tr>\n<tr>\n<td>QUANTIDADE DE P\u00c3ES POR FORNADA<\/td>\n<td>120<\/td>\n<\/tr>\n<tr>\n<td>QUANTIDADE DE ASSADEIRAS<\/td>\n<td>4<\/td>\n<\/tr>\n<tr>\n<td>PRODU\u00c7\u00c3O DE P\u00c3ES\/h<\/td>\n<td>300 a 360<\/td>\n<\/tr>\n<tr>\n<td>DIMENS\u00d5ES<\/td>\n<td>1480 x 970 x 1320mm<\/td>\n<\/tr>\n<\/tbody>\n<\/table>\n","protected":false},"excerpt":{"rendered":"<p>Caracter\u00edsticas Fabricado nos em a\u00e7o SAE 1020 revestido internamente com pintura alum\u00ednio (at\u00f3xica) e externamente com pintura ep\u00f3xi branca. Possui a frente, porta e os suportes das bandejas fabricado em a\u00e7o inox &nbsp;AISI 430. Sistema Turbo que atrav\u00e9s de uma h\u00e9lice, circula o ar quente fazendo com que o p\u00e3o asse uniforme, baixo consumo de [&hellip;]<\/p>\n","protected":false},"featured_media":11292,"comment_status":"open","ping_status":"closed","template":"","meta":[],"product_brand":[],"product_cat":[344],"product_tag":[],"class_list":{"0":"post-11293","1":"product","2":"type-product","3":"status-publish","4":"has-post-thumbnail","6":"product_cat-forno-turbo-gas-eletrico-lenha","8":"first","9":"instock","10":"shipping-taxable","11":"purchasable","12":"product-type-simple"},"_links":{"self":[{"href":"https:\/\/twsites.com.br\/novomigcenter\/index.php?rest_route=\/wp\/v2\/product\/11293","targetHints":{"allow":["GET"]}}],"collection":[{"href":"https:\/\/twsites.com.br\/novomigcenter\/index.php?rest_route=\/wp\/v2\/product"}],"about":[{"href":"https:\/\/twsites.com.br\/novomigcenter\/index.php?rest_route=\/wp\/v2\/types\/product"}],"replies":[{"embeddable":true,"href":"https:\/\/twsites.com.br\/novomigcenter\/index.php?rest_route=%2Fwp%2Fv2%2Fcomments&post=11293"}],"wp:featuredmedia":[{"embeddable":true,"href":"https:\/\/twsites.com.br\/novomigcenter\/index.php?rest_route=\/wp\/v2\/media\/11292"}],"wp:attachment":[{"href":"https:\/\/twsites.com.br\/novomigcenter\/index.php?rest_route=%2Fwp%2Fv2%2Fmedia&parent=11293"}],"wp:term":[{"taxonomy":"product_brand","embeddable":true,"href":"https:\/\/twsites.com.br\/novomigcenter\/index.php?rest_route=%2Fwp%2Fv2%2Fproduct_brand&post=11293"},{"taxonomy":"product_cat","embeddable":true,"href":"https:\/\/twsites.com.br\/novomigcenter\/index.php?rest_route=%2Fwp%2Fv2%2Fproduct_cat&post=11293"},{"taxonomy":"product_tag","embeddable":true,"href":"https:\/\/twsites.com.br\/novomigcenter\/index.php?rest_route=%2Fwp%2Fv2%2Fproduct_tag&post=11293"}],"curies":[{"name":"wp","href":"https:\/\/api.w.org\/{rel}","templated":true}]}}