{"id":11299,"date":"2017-03-13T16:16:23","date_gmt":"2017-03-13T16:16:23","guid":{"rendered":"https:\/\/twsites.com.br\/novomigcenter\/?product=seladora-de-mesa-30-cm-mt-300"},"modified":"2017-03-13T16:16:23","modified_gmt":"2017-03-13T16:16:23","slug":"seladora-de-mesa-30-cm-mt-300","status":"publish","type":"product","link":"https:\/\/twsites.com.br\/novomigcenter\/?product=seladora-de-mesa-30-cm-mt-300","title":{"rendered":"Seladora Manual de Mesa \u2013 M300T"},"content":{"rendered":"<p style=\"transition: background-color 0.2s ease-out 0s, color 0.2s ease-out 0s; margin-bottom: 1em; padding: 0px; border: 0px; font-variant-numeric: inherit; font-stretch: inherit; font-size: 15px; line-height: 1.8em; color: rgb(85, 85, 85);\"><strong style=\"transition: background-color 0.2s ease-out 0s, color 0.2s ease-out 0s; margin: 0px; padding: 0px; border: 0px; font-style: inherit; font-variant: inherit; font-stretch: inherit; font-size: inherit; line-height: inherit;\"><font face=\"Arial\"><span style=\"font-size: 14px;\">M300-T<\/span><\/font><\/strong><\/p>\n<p style=\"transition: background-color 0.2s ease-out 0s, color 0.2s ease-out 0s; margin-bottom: 1em; padding: 0px; border: 0px; font-variant-numeric: inherit; font-stretch: inherit; font-size: 15px; line-height: 1.8em; color: rgb(85, 85, 85);\"><font face=\"Arial\"><span style=\"font-size: 14px;\"><b>Uso:<\/b> Recomendada para uso comercial e industrial<\/span><br style=\"transition: background-color 0.2s ease-out 0s, color 0.2s ease-out 0s;\"><span style=\"font-size: 14px;\">Embalagem: Indicada para sacos de Polietileno(p.e.), Polipropileno(p.p.), Polipropileno biorientado(Bopp) e Polipropileno Aluminizado<\/span><br style=\"transition: background-color 0.2s ease-out 0s, color 0.2s ease-out 0s;\"><span style=\"font-size: 14px;\">Selagem: Resistente de 2,5 mm de largura, para sacos pl\u00e1sticos de at\u00e9 30 cm de boca x 0,20mm de espessura<\/span><br style=\"transition: background-color 0.2s ease-out 0s, color 0.2s ease-out 0s;\"><span style=\"font-size: 14px;\">Controle de Temperatura: Temperatura controlada por temporizador<\/span><\/font><\/p>\n<div>\n<div class=\"snvdshc\" style=\"transition: background-color 0.2s ease-out 0s, color 0.2s ease-out 0s; margin: 0px; padding: 0px; border: 0px; font-variant-numeric: inherit; font-stretch: inherit; font-size: 15px; line-height: inherit; color: rgb(85, 85, 85);\">\n<div class=\"synved-content-column synved-column-half synved-column-flow-start\" style=\"transition: background-color 0.2s ease-out 0s, color 0.2s ease-out 0s; margin: 0px; padding: 0px; border: 0px; font-style: inherit; font-variant: inherit; font-stretch: inherit; font-size: inherit; line-height: inherit; float: left; width: 425px; clear: left;\">\n<div class=\"synved-column-content\" style=\"transition: background-color 0.2s ease-out 0s, color 0.2s ease-out 0s; margin: 0px 12px 0px 0px; padding: 0px; border: 0px; font-style: inherit; font-variant: inherit; font-stretch: inherit; font-size: inherit; line-height: inherit;\">\n<p style=\"transition: background-color 0.2s ease-out 0s, color 0.2s ease-out 0s; margin-bottom: 1em; padding: 0px; border: 0px; font-style: inherit; font-variant: inherit; font-stretch: inherit; font-size: 15px; line-height: 1.8em;\"><font face=\"Arial\" style=\"\"><strong style=\"font-weight: inherit; transition: background-color 0.2s ease-out 0s, color 0.2s ease-out 0s; margin: 0px; padding: 0px; border: 0px; font-style: inherit; font-variant: inherit; font-stretch: inherit; font-size: inherit; line-height: inherit;\"><span style=\"font-size: 14px;\">Informa\u00e7\u00f5es t\u00e9cnicas M300-T\/M300TC<\/span><\/strong><br style=\"transition: background-color 0.2s ease-out 0s, color 0.2s ease-out 0s;\"><span style=\"font-weight: inherit; font-size: 14px;\">\u2013 Seladora de aquecimento instant\u00e2neo<\/span><br style=\"transition: background-color 0.2s ease-out 0s, color 0.2s ease-out 0s;\"><span style=\"font-size: 14px;\"><span style=\"font-weight: inherit;\">\u2013 <\/span><b>Voltagem: <\/b><span style=\"font-weight: inherit;\">110 e 220 volts 50\/60Hz (bivolt)<\/span><\/span><br style=\"transition: background-color 0.2s ease-out 0s, color 0.2s ease-out 0s;\"><span style=\"font-weight: inherit; font-size: 14px;\">\u2013 <\/span><span style=\"font-size: 14px;\"><b>Pot\u00eancia: <\/b><\/span><span style=\"font-weight: inherit; font-size: 14px;\">100 watts<\/span><br style=\"transition: background-color 0.2s ease-out 0s, color 0.2s ease-out 0s;\"><span style=\"font-weight: inherit; font-size: 14px;\">\u2013 <\/span><span style=\"font-size: 14px;\"><b>Consumo m\u00e9dio:<\/b><\/span><span style=\"font-weight: inherit; font-size: 14px;\"> 1 kwh a cada 12 mil selagens<\/span><br style=\"transition: background-color 0.2s ease-out 0s, color 0.2s ease-out 0s;\"><span style=\"font-size: 14px;\"><b>Obs<\/b><\/span><span style=\"font-weight: inherit; font-size: 14px;\">: S\u00f3 consome energia el\u00e9trica durante o tempo de selagem<\/span><\/font><\/p>\n<p style=\"font-weight: inherit; transition: background-color 0.2s ease-out 0s, color 0.2s ease-out 0s; margin-bottom: 1em; padding: 0px; border: 0px; font-style: inherit; font-variant: inherit; font-stretch: inherit; font-size: 15px; line-height: 1.8em;\">\n<\/div>\n<\/div>\n<\/div>\n<div class=\"snvdshc\" style=\"transition: background-color 0.2s ease-out 0s, color 0.2s ease-out 0s; margin: 0px; padding: 0px; border: 0px; font-variant-numeric: inherit; font-stretch: inherit; font-size: 15px; line-height: inherit; color: rgb(85, 85, 85);\">\n<div class=\"synved-content-column synved-column-half synved-column-flow-end\" style=\"font-style: inherit; font-variant: inherit; font-stretch: inherit; font-size: inherit; line-height: inherit; transition: background-color 0.2s ease-out 0s, color 0.2s ease-out 0s; margin: 0px; padding: 0px; border: 0px; float: left; width: 425px;\">\n<div class=\"synved-column-content\" style=\"font-style: inherit; font-variant: inherit; font-stretch: inherit; font-size: inherit; line-height: inherit; transition: background-color 0.2s ease-out 0s, color 0.2s ease-out 0s; margin: 0px 0px 0px 6px; padding: 0px; border: 0px;\">\n<p style=\"font-weight: inherit; transition: background-color 0.2s ease-out 0s, color 0.2s ease-out 0s; margin-bottom: 1em; padding: 0px; border: 0px; font-style: inherit; font-variant: inherit; font-stretch: inherit; font-size: 15px; line-height: 1.8em;\">\n<p style=\"transition: background-color 0.2s ease-out 0s, color 0.2s ease-out 0s; margin-bottom: 1em; padding: 0px; border: 0px; font-style: inherit; font-variant: inherit; font-stretch: inherit; font-size: 15px; line-height: 1.8em;\"><font face=\"Arial\" style=\"\"><strong style=\"font-weight: inherit; transition: background-color 0.2s ease-out 0s, color 0.2s ease-out 0s; margin: 0px; padding: 0px; border: 0px; font-style: inherit; font-variant: inherit; font-stretch: inherit; font-size: inherit; line-height: inherit;\"><span style=\"font-size: 14px;\">Informa\u00e7\u00f5es t\u00e9cnicas M300-EE<\/span><\/strong><br style=\"transition: background-color 0.2s ease-out 0s, color 0.2s ease-out 0s;\"><span style=\"font-weight: inherit; font-size: 14px;\">\u2013 Seladora de aquecimento instant\u00e2neo<\/span><br style=\"transition: background-color 0.2s ease-out 0s, color 0.2s ease-out 0s;\"><span style=\"font-size: 14px;\"><span style=\"font-weight: inherit;\">\u2013 <\/span><b>Voltagem: <\/b><span style=\"font-weight: inherit;\">110 e 220 volts 50\/60Hz (bivolt)<\/span><\/span><br style=\"transition: background-color 0.2s ease-out 0s, color 0.2s ease-out 0s;\"><span style=\"font-weight: inherit; font-size: 14px;\">\u2013<\/span><span style=\"font-size: 14px;\"><b> Pot\u00eancia:<\/b><\/span><span style=\"font-weight: inherit; font-size: 14px;\"> 400 watts<\/span><br style=\"transition: background-color 0.2s ease-out 0s, color 0.2s ease-out 0s;\"><span style=\"font-weight: inherit; font-size: 14px;\">\u2013 <\/span><span style=\"font-size: 14px;\"><b>Consumo m\u00e9dio: <\/b><\/span><span style=\"font-weight: inherit; font-size: 14px;\">1 kwh\/h a cada 3000 selagens<\/span><br style=\"transition: background-color 0.2s ease-out 0s, color 0.2s ease-out 0s;\"><span style=\"font-weight: inherit; font-size: 14px;\">Obs: S\u00f3 consome energia el\u00e9trica durante o tempo de selagem<\/span><\/font><\/p>\n<p style=\"font-weight: inherit; font-family: inherit; transition: background-color 0.2s ease-out 0s, color 0.2s ease-out 0s; margin-bottom: 1em; padding: 0px; border: 0px; font-style: inherit; font-variant: inherit; font-stretch: inherit; font-size: 15px; line-height: 1.8em;\">\n<\/div>\n<\/div>\n<\/div>\n<p style=\"transition: background-color 0.2s ease-out 0s, color 0.2s ease-out 0s; margin-bottom: 1em; padding: 0px; border: 0px; font-variant-numeric: inherit; font-stretch: inherit; font-size: 15px; line-height: 1.8em; font-family: &quot;Source Sans Pro&quot;; color: rgb(85, 85, 85);\">\n<p style=\"transition: background-color 0.2s ease-out 0s, color 0.2s ease-out 0s; margin-bottom: 1em; padding: 0px; border: 0px; font-variant-numeric: inherit; font-stretch: inherit; font-size: 15px; line-height: 1.8em; font-family: &quot;Source Sans Pro&quot;; color: rgb(85, 85, 85); text-align: center;\"><strong style=\"transition: background-color 0.2s ease-out 0s, color 0.2s ease-out 0s; margin: 0px; padding: 0px; border: 0px; font-style: inherit; font-variant: inherit; font-stretch: inherit; font-size: inherit; line-height: inherit; font-family: inherit;\">Medidas M300-T\/M300TC\/M300-EE<\/strong><br style=\"transition: background-color 0.2s ease-out 0s, color 0.2s ease-out 0s;\"><b>Largura<\/b> \u2013 34,5 cm<br style=\"transition: background-color 0.2s ease-out 0s, color 0.2s ease-out 0s;\"><b>Profundidade <\/b>\u2013 27 cm<br style=\"transition: background-color 0.2s ease-out 0s, color 0.2s ease-out 0s;\"><b>Altura<\/b> \u2013 11,5 cm<\/p>\n<\/div>\n","protected":false},"excerpt":{"rendered":"<p>M300-T Uso: Recomendada para uso comercial e industrialEmbalagem: Indicada para sacos de Polietileno(p.e.), Polipropileno(p.p.), Polipropileno biorientado(Bopp) e Polipropileno AluminizadoSelagem: Resistente de 2,5 mm de largura, para sacos pl\u00e1sticos de at\u00e9 30 cm de boca x 0,20mm de espessuraControle de Temperatura: Temperatura controlada por temporizador Informa\u00e7\u00f5es t\u00e9cnicas M300-T\/M300TC\u2013 Seladora de aquecimento instant\u00e2neo\u2013 Voltagem: 110 e 220 [&hellip;]<\/p>\n","protected":false},"featured_media":11298,"comment_status":"open","ping_status":"closed","template":"","meta":[],"product_brand":[],"product_cat":[316],"product_tag":[],"class_list":{"0":"post-11299","1":"product","2":"type-product","3":"status-publish","4":"has-post-thumbnail","6":"product_cat-seladora","8":"first","9":"instock","10":"shipping-taxable","11":"purchasable","12":"product-type-simple"},"_links":{"self":[{"href":"https:\/\/twsites.com.br\/novomigcenter\/index.php?rest_route=\/wp\/v2\/product\/11299","targetHints":{"allow":["GET"]}}],"collection":[{"href":"https:\/\/twsites.com.br\/novomigcenter\/index.php?rest_route=\/wp\/v2\/product"}],"about":[{"href":"https:\/\/twsites.com.br\/novomigcenter\/index.php?rest_route=\/wp\/v2\/types\/product"}],"replies":[{"embeddable":true,"href":"https:\/\/twsites.com.br\/novomigcenter\/index.php?rest_route=%2Fwp%2Fv2%2Fcomments&post=11299"}],"wp:featuredmedia":[{"embeddable":true,"href":"https:\/\/twsites.com.br\/novomigcenter\/index.php?rest_route=\/wp\/v2\/media\/11298"}],"wp:attachment":[{"href":"https:\/\/twsites.com.br\/novomigcenter\/index.php?rest_route=%2Fwp%2Fv2%2Fmedia&parent=11299"}],"wp:term":[{"taxonomy":"product_brand","embeddable":true,"href":"https:\/\/twsites.com.br\/novomigcenter\/index.php?rest_route=%2Fwp%2Fv2%2Fproduct_brand&post=11299"},{"taxonomy":"product_cat","embeddable":true,"href":"https:\/\/twsites.com.br\/novomigcenter\/index.php?rest_route=%2Fwp%2Fv2%2Fproduct_cat&post=11299"},{"taxonomy":"product_tag","embeddable":true,"href":"https:\/\/twsites.com.br\/novomigcenter\/index.php?rest_route=%2Fwp%2Fv2%2Fproduct_tag&post=11299"}],"curies":[{"name":"wp","href":"https:\/\/api.w.org\/{rel}","templated":true}]}}