{"id":11305,"date":"2017-03-13T16:32:37","date_gmt":"2017-03-13T16:32:37","guid":{"rendered":"https:\/\/twsites.com.br\/novomigcenter\/?product=seladora-hermetica-400-hermet"},"modified":"2017-03-13T16:32:37","modified_gmt":"2017-03-13T16:32:37","slug":"seladora-hermetica-400-hermet","status":"publish","type":"product","link":"https:\/\/twsites.com.br\/novomigcenter\/?product=seladora-hermetica-400-hermet","title":{"rendered":"Seladora de Pedal \u2013 HERMET 400"},"content":{"rendered":"<p><strong><font face=\"Arial\"><span style=\"font-size: 14px;\">MODELO: HERMET-400-2 &nbsp;&nbsp;(Gera\u00e7\u00e3o \u2013 2)<\/span><\/font><\/strong><\/p>\n<p><span style=\"font-size: 14px;\"> <\/span><\/p>\n<p><strong><font face=\"Arial\"><span style=\"font-size: 14px;\">&#8211; Seladora Universal de acionamento a pedal&nbsp;&nbsp;&nbsp;&nbsp;&nbsp;&nbsp;&nbsp;&nbsp;&nbsp;&nbsp;&nbsp;&nbsp;&nbsp;&nbsp;&nbsp;&nbsp;&nbsp;&nbsp;&nbsp;&nbsp;&nbsp;&nbsp;&nbsp;&nbsp;&nbsp;&nbsp;&nbsp;&nbsp;&nbsp;&nbsp;&nbsp;&nbsp;&nbsp;&nbsp;&nbsp;&nbsp;&nbsp;&nbsp;&nbsp;&nbsp;&nbsp;&nbsp; <\/span><\/font><\/strong><\/p>\n<p><span style=\"font-size: 14px;\"> <\/span><\/p>\n<p><font face=\"Arial\"><span style=\"font-size: 14px;\">&#8211; Funciona em 127-220 volts 50-60Hz (Bivolt)<\/span><\/font><\/p>\n<p><span style=\"font-size: 14px;\"> <\/span><\/p>\n<p><font face=\"Arial\"><span style=\"font-size: 14px;\">&#8211; Pot\u00eancia em watts: (127volts \u2013 178watts) &nbsp;(220volts \u2013 130watts)<\/span><\/font><\/p>\n<p><span style=\"font-size: 14px;\"> <\/span><\/p>\n<p><font face=\"Arial\"><span style=\"font-size: 14px;\">&#8211; Consumo m\u00e1ximo de energia: 0,18Kwh<\/span><\/font><\/p>\n<p><span style=\"font-size: 14px;\"> <\/span><\/p>\n<p><font face=\"Arial\"><strong><span style=\"font-size: 14px;\">&#8211;<\/span><\/strong><span style=\"font-size: 14px;\"> Selagem instant\u00e2nea de alta resist\u00eancia com 3mm de largura.<\/span><\/font><\/p>\n<p><span style=\"font-size: 14px;\"> <\/span><\/p>\n<p><font face=\"Arial\"><span style=\"font-size: 14px;\">&#8211; Sela sacos pl\u00e1sticos de at\u00e9 40 cm de boca x 0,20 mm de espessura<\/span><\/font><\/p>\n<p><span style=\"font-size: 14px;\"> <\/span><\/p>\n<p><strong><font face=\"Arial\"><span style=\"font-size: 14px;\">OBS: S\u00f3 consome energia durante o tempo de selagem.<\/span><\/font><\/strong><\/p>\n<p><span style=\"font-size: 14px;\"> <\/span><\/p>\n<p><strong><font face=\"Arial\"><span style=\"font-size: 14px;\">&nbsp;<\/span><\/font><\/strong><\/p>\n<p><span style=\"font-size: 14px;\"> <\/span><\/p>\n<p><strong><font face=\"Arial\"><span style=\"font-size: 14px;\">HERMET-400-2 &nbsp;&nbsp;Agrega:&nbsp;&nbsp;&nbsp;&nbsp;&nbsp;&nbsp;&nbsp;&nbsp;&nbsp;&nbsp;&nbsp;&nbsp;&nbsp; <\/span><\/font><\/strong><\/p>\n<p><span style=\"font-size: 14px;\"> <\/span><\/p>\n<p><font face=\"Arial\"><span style=\"font-size: 14px;\">&#8211; Controle de Temperatura por Temporizador<\/span><strong><span style=\"font-size: 14px;\"> .<\/span><\/strong><\/font><\/p>\n<p><span style=\"font-size: 14px;\"> <\/span><\/p>\n<p><font face=\"Arial\"><span style=\"font-size: 14px;\">&#8211; Sistema de troca de resist\u00eancia e teflon simplificado.<\/span><\/font><\/p>\n<p><span style=\"font-size: 14px;\"> <\/span><\/p>\n<p><font face=\"Arial\"><span style=\"font-size: 14px;\">&#8211; Mesa de apoio para fundo do saco pl\u00e1stico deslizante.<\/span><\/font><\/p>\n<p><span style=\"font-size: 14px;\"> <\/span><\/p>\n<p><font face=\"Arial\"><span style=\"font-size: 14px;\">&#8211; Pedal de acionamento confort\u00e1vel.<\/span><\/font><\/p>\n<p><span style=\"font-size: 14px;\"> <\/span><\/p>\n<p><font face=\"Arial\"><span style=\"font-size: 14px;\">&#8211; Gabinete em a\u00e7o carbono, cortado a lazer.<\/span><\/font><\/p>\n<p><span style=\"font-size: 14px;\"> <\/span><\/p>\n<p><font face=\"Arial\"><span style=\"font-size: 14px;\">&#8211; Tratamento anticorrosivo e pintura eletrost\u00e1tica em epox.<\/span><\/font><\/p>\n<p><span style=\"font-size: 14px;\"> <\/span><\/p>\n<p><font face=\"Arial\"><span style=\"font-size: 14px;\">Indicada para embalar diversos tipos de produtos, em sacos de  Polietileno (p.e.), Polipropileno (p.p.) comum, aluminizado e  biorientado (bopp) .<\/span><\/font><\/p>\n<p><span style=\"font-size: 14px;\"> <\/span><\/p>\n<p><font face=\"Arial\"><span style=\"font-size: 14px;\">Ex: Produtos aliment\u00edcios, Objetos diversos, etc.<\/span><\/font><\/p>\n<p><span style=\"font-size: 14px;\"> <\/span><\/p>\n<p><font face=\"Arial\"><span style=\"font-size: 14px;\">&nbsp;<\/span><\/font><\/p>\n<p><span style=\"font-size: 14px;\"> <\/span><\/p>\n<p><font face=\"Arial\"><span style=\"font-size: 14px;\">Medidas Externas:<\/span><\/font><\/p>\n<p><span style=\"font-size: 14px;\"> <\/span><\/p>\n<p><font face=\"Arial\"><span style=\"font-size: 14px;\"><b>Largura: <\/b>44,5cm<\/span><\/font><\/p>\n<p><span style=\"font-size: 14px;\"> <\/span><\/p>\n<p><font face=\"Arial\"><span style=\"font-size: 14px;\"><b>Profundidade:<\/b> 30cm<\/span><\/font><\/p>\n<p><span style=\"font-size: 14px;\"> <\/span><\/p>\n<p><font face=\"Arial\"><span style=\"font-size: 14px;\"><b>Altura: <\/b>95cm<\/span><\/font><\/p>\n<p><span style=\"font-size: 14px;\"> <\/span><\/p>\n<p><font face=\"Arial\"><span style=\"font-size: 14px;\"><b>Peso: <\/b>9,100Kg<\/span><\/font><\/p>\n","protected":false},"excerpt":{"rendered":"<p>MODELO: HERMET-400-2 &nbsp;&nbsp;(Gera\u00e7\u00e3o \u2013 2) &#8211; Seladora Universal de acionamento a pedal&nbsp;&nbsp;&nbsp;&nbsp;&nbsp;&nbsp;&nbsp;&nbsp;&nbsp;&nbsp;&nbsp;&nbsp;&nbsp;&nbsp;&nbsp;&nbsp;&nbsp;&nbsp;&nbsp;&nbsp;&nbsp;&nbsp;&nbsp;&nbsp;&nbsp;&nbsp;&nbsp;&nbsp;&nbsp;&nbsp;&nbsp;&nbsp;&nbsp;&nbsp;&nbsp;&nbsp;&nbsp;&nbsp;&nbsp;&nbsp;&nbsp;&nbsp; &#8211; Funciona em 127-220 volts 50-60Hz (Bivolt) &#8211; Pot\u00eancia em watts: (127volts \u2013 178watts) &nbsp;(220volts \u2013 130watts) &#8211; Consumo m\u00e1ximo de energia: 0,18Kwh &#8211; Selagem instant\u00e2nea de alta resist\u00eancia com 3mm de largura. &#8211; Sela sacos pl\u00e1sticos de at\u00e9 40 cm de boca [&hellip;]<\/p>\n","protected":false},"featured_media":11304,"comment_status":"open","ping_status":"closed","template":"","meta":[],"product_brand":[],"product_cat":[316],"product_tag":[],"class_list":{"0":"post-11305","1":"product","2":"type-product","3":"status-publish","4":"has-post-thumbnail","6":"product_cat-seladora","8":"first","9":"instock","10":"shipping-taxable","11":"purchasable","12":"product-type-simple"},"_links":{"self":[{"href":"https:\/\/twsites.com.br\/novomigcenter\/index.php?rest_route=\/wp\/v2\/product\/11305","targetHints":{"allow":["GET"]}}],"collection":[{"href":"https:\/\/twsites.com.br\/novomigcenter\/index.php?rest_route=\/wp\/v2\/product"}],"about":[{"href":"https:\/\/twsites.com.br\/novomigcenter\/index.php?rest_route=\/wp\/v2\/types\/product"}],"replies":[{"embeddable":true,"href":"https:\/\/twsites.com.br\/novomigcenter\/index.php?rest_route=%2Fwp%2Fv2%2Fcomments&post=11305"}],"wp:featuredmedia":[{"embeddable":true,"href":"https:\/\/twsites.com.br\/novomigcenter\/index.php?rest_route=\/wp\/v2\/media\/11304"}],"wp:attachment":[{"href":"https:\/\/twsites.com.br\/novomigcenter\/index.php?rest_route=%2Fwp%2Fv2%2Fmedia&parent=11305"}],"wp:term":[{"taxonomy":"product_brand","embeddable":true,"href":"https:\/\/twsites.com.br\/novomigcenter\/index.php?rest_route=%2Fwp%2Fv2%2Fproduct_brand&post=11305"},{"taxonomy":"product_cat","embeddable":true,"href":"https:\/\/twsites.com.br\/novomigcenter\/index.php?rest_route=%2Fwp%2Fv2%2Fproduct_cat&post=11305"},{"taxonomy":"product_tag","embeddable":true,"href":"https:\/\/twsites.com.br\/novomigcenter\/index.php?rest_route=%2Fwp%2Fv2%2Fproduct_tag&post=11305"}],"curies":[{"name":"wp","href":"https:\/\/api.w.org\/{rel}","templated":true}]}}