{"id":11307,"date":"2017-03-13T16:37:01","date_gmt":"2017-03-13T16:37:01","guid":{"rendered":"https:\/\/twsites.com.br\/novomigcenter\/?product=seladora-datadora-dupla-tcv-260-dvf"},"modified":"2017-03-13T16:37:01","modified_gmt":"2017-03-13T16:37:01","slug":"seladora-datadora-dupla-tcv-260-dvf","status":"publish","type":"product","link":"https:\/\/twsites.com.br\/novomigcenter\/?product=seladora-datadora-dupla-tcv-260-dvf","title":{"rendered":"Seladora com Datador Duplo \u2013 TCV 260 DVF"},"content":{"rendered":"<p><font face=\"Arial\"><strong><span style=\"font-size: 14px;\">MODELO: TCV260-DVF&nbsp; <\/span><\/strong><span style=\"font-size: 14px;\"> <\/span><br \/><\/font><\/p>\n<p><strong><font face=\"Arial\"><span style=\"font-size: 14px;\">&#8211; Seladora com datador duplo acionamento a pedal.&nbsp;&nbsp;&nbsp;&nbsp;&nbsp;&nbsp;&nbsp;&nbsp;&nbsp;&nbsp;&nbsp;&nbsp;&nbsp;&nbsp;&nbsp;&nbsp;&nbsp;&nbsp;&nbsp;&nbsp;&nbsp;&nbsp;&nbsp;&nbsp;&nbsp;&nbsp;&nbsp;&nbsp;&nbsp;&nbsp;&nbsp;&nbsp;&nbsp;&nbsp;&nbsp;&nbsp;&nbsp;&nbsp;&nbsp;&nbsp;&nbsp;&nbsp; <\/span><\/font><\/strong><\/p>\n<p><span style=\"font-size: 14px;\"> <\/span><font face=\"Arial\"><br \/><\/font><\/p>\n<p><strong><font face=\"Arial\"><span style=\"font-size: 14px;\">&#8211; Barramentos de metal recravado com relevo na vertical.<\/span><\/font><\/strong><\/p>\n<p><span style=\"font-size: 14px;\"> <\/span><font face=\"Arial\"><br \/><\/font><\/p>\n<p><font face=\"Arial\"><span style=\"font-size: 14px;\">&#8211; Largura da selagem: 16mm<\/span><\/font><\/p>\n<p><span style=\"font-size: 14px;\"> <\/span><font face=\"Arial\"><br \/><\/font><\/p>\n<p><font face=\"Arial\"><span style=\"font-size: 14px;\">&#8211; Sela sacos pl\u00e1sticos de at\u00e9 25 cm de boca x 0,40 mm de espessura<\/span><\/font><\/p>\n<p><span style=\"font-size: 14px;\"> <\/span><font face=\"Arial\"><br \/><\/font><\/p>\n<p><font face=\"Arial\"><span style=\"font-size: 14px;\">&#8211; Funciona em 127-220 volts 50-60Hz <\/span><strong><span style=\"font-size: 14px;\">(Bivolt)<\/span><\/strong><\/font><\/p>\n<p><span style=\"font-size: 14px;\"> <\/span><font face=\"Arial\"><br \/><\/font><\/p>\n<p><font face=\"Arial\"><span style=\"font-size: 14px;\">&#8211; Pot\u00eancia: 400watts<\/span><\/font><\/p>\n<p><span style=\"font-size: 14px;\"> <\/span><font face=\"Arial\"><br \/><\/font><\/p>\n<p><font face=\"Arial\"><span style=\"font-size: 14px;\">&#8211; Consumo m\u00e1ximo de energia: 0,40 Kwh<\/span><\/font><\/p>\n<p><span style=\"font-size: 14px;\"> <\/span><font face=\"Arial\"><br \/><\/font><\/p>\n<p><strong><font face=\"Arial\"><span style=\"font-size: 14px;\">&nbsp;<\/span><\/font><\/strong><\/p>\n<p><span style=\"font-size: 14px;\"> <\/span><font face=\"Arial\"><br \/><\/font><\/p>\n<p><strong><font face=\"Arial\"><span style=\"font-size: 14px;\">TCV260-DVF&nbsp; Agrega:&nbsp;&nbsp;&nbsp; <\/span><\/font><\/strong><\/p>\n<p><span style=\"font-size: 14px;\"> <\/span><font face=\"Arial\"><br \/><\/font><\/p>\n<p><font face=\"Arial\"><span style=\"font-size: 14px;\">&#8211; Controle autom\u00e1tico de temperatura por pir\u00f4metro.<\/span><\/font><\/p>\n<p><span style=\"font-size: 14px;\"> <\/span><font face=\"Arial\"><br \/><\/font><\/p>\n<p><font face=\"Arial\"><span style=\"font-size: 14px;\">&#8211; Resist\u00eancias tipo cartucho de longa durabilidade.<\/span><\/font><\/p>\n<p><span style=\"font-size: 14px;\"> <\/span><font face=\"Arial\"><br \/><\/font><\/p>\n<p><font face=\"Arial\"><span style=\"font-size: 14px;\">&#8211; Mesa de apoio para fundo do saco pl\u00e1stico deslizante.<\/span><\/font><\/p>\n<p><span style=\"font-size: 14px;\"> <\/span><font face=\"Arial\"><br \/><\/font><\/p>\n<p><font face=\"Arial\"><span style=\"font-size: 14px;\">&#8211; Pedal de acionamento confort\u00e1vel.<\/span><\/font><\/p>\n<p><span style=\"font-size: 14px;\"> <\/span><font face=\"Arial\"><br \/><\/font><\/p>\n<p><font face=\"Arial\"><span style=\"font-size: 14px;\">&#8211; Gabinete em a\u00e7o carbono, cortado a lazer.<\/span><\/font><\/p>\n<p><span style=\"font-size: 14px;\"> <\/span><font face=\"Arial\"><br \/><\/font><\/p>\n<p><font face=\"Arial\"><span style=\"font-size: 14px;\">&#8211; Tratamento anticorrosivo e pintura eletrost\u00e1tica em epox.<\/span><\/font><\/p>\n<p><span style=\"font-size: 14px;\"> <\/span><font face=\"Arial\"><br \/><\/font><\/p>\n<p><font face=\"Arial\"><span style=\"font-size: 14px;\">&#8211; Possui dois alojamentos para datador t\u00e9rmico, com encaixe para 9 tipos cada: letras VAL , FAB ou LOT mais 6 n\u00fameros.<\/span><\/font><\/p>\n<p><span style=\"font-size: 14px;\"> <\/span><font face=\"Arial\"><br \/><\/font><\/p>\n<p><font face=\"Arial\"><span style=\"font-size: 14px;\">Ex. 1: (VAL020519) (FAB020518)&nbsp;&nbsp;&nbsp;&nbsp;&nbsp;&nbsp;&nbsp;&nbsp; Ex. 2: (VAL020519) (LOT000235).<\/span><\/font><span style=\"font-family: Arial; font-size: 14px;\">&nbsp;<\/span><\/p>\n<p><span style=\"font-size: 14px;\"> <\/span><font face=\"Arial\"><br \/><\/font><\/p>\n<p><font face=\"Arial\"><span style=\"font-size: 14px;\">&#8211; Acompanha jogo de tipos de metal com as seguintes letras: VAL, FAB, LOT e n\u00fameros de 0 a 9 no total de 63 pe\u00e7as.<\/span><\/font><\/p>\n<p><span style=\"font-size: 14px;\"> <\/span><font face=\"Arial\"><br \/><\/font><\/p>\n<p><font face=\"Arial\"><span style=\"font-size: 14px;\">&#8211; Indicada para embalar diversos tipos de produtos em sacos de Polipropileno (p.p.) comum, aluminizado e biorientado (bopp).<\/span><\/font><\/p>\n<p><span style=\"font-size: 14px;\"> <\/span><font face=\"Arial\"><br \/><\/font><\/p>\n<p><font face=\"Arial\"><span style=\"font-size: 14px;\">Ex- Produtos aliment\u00edcios tipo: Chips, biscoitos, doces, caf\u00e9, etc.<\/span><\/font><\/p>\n<p><span style=\"font-size: 14px;\"> <\/span><font face=\"Arial\"><br \/><\/font><\/p>\n<p><strong><font face=\"Arial\"><span style=\"font-size: 14px;\">OBS: \u00c9 contraindicado para selar embalagens de Polietileno (p.e.).<\/span><\/font><\/strong><\/p>\n<p><span style=\"font-size: 14px;\"> <\/span><font face=\"Arial\"><br \/><\/font><\/p>\n<p><font face=\"Arial\"><span style=\"font-size: 14px;\">&nbsp;<\/span><\/font><\/p>\n<p><span style=\"font-size: 14px;\"> <\/span><font face=\"Arial\"><br \/><\/font><\/p>\n<p><font face=\"Arial\"><span style=\"font-size: 14px;\">Medidas Externas:<\/span><\/font><\/p>\n<p><span style=\"font-size: 14px;\"> <\/span><font face=\"Arial\"><br \/><\/font><\/p>\n<p><font face=\"Arial\"><span style=\"font-size: 14px;\"><b>Largura:<\/b> 44 cm<\/span><\/font><\/p>\n<p><span style=\"font-size: 14px;\"> <\/span><font face=\"Arial\"><br \/><\/font><\/p>\n<p><font face=\"Arial\"><span style=\"font-size: 14px;\"><b>Profundidade:<\/b> 39 cm<\/span><\/font><\/p>\n<p><span style=\"font-size: 14px;\"> <\/span><font face=\"Arial\"><br \/><\/font><\/p>\n<p><font face=\"Arial\"><span style=\"font-size: 14px;\"><b>Altura: <\/b>97,5 cm<\/span><\/font><\/p>\n<p><span style=\"font-size: 14px;\"> <\/span><font face=\"Arial\"><br \/><\/font><\/p>\n<p><font face=\"Arial\"><span style=\"font-size: 14px;\"><b>Peso: <\/b>12,000 Kg<\/span><\/font><\/p>\n<p><\/p>\n","protected":false},"excerpt":{"rendered":"<p>MODELO: TCV260-DVF&nbsp; &#8211; Seladora com datador duplo acionamento a pedal.&nbsp;&nbsp;&nbsp;&nbsp;&nbsp;&nbsp;&nbsp;&nbsp;&nbsp;&nbsp;&nbsp;&nbsp;&nbsp;&nbsp;&nbsp;&nbsp;&nbsp;&nbsp;&nbsp;&nbsp;&nbsp;&nbsp;&nbsp;&nbsp;&nbsp;&nbsp;&nbsp;&nbsp;&nbsp;&nbsp;&nbsp;&nbsp;&nbsp;&nbsp;&nbsp;&nbsp;&nbsp;&nbsp;&nbsp;&nbsp;&nbsp;&nbsp; &#8211; Barramentos de metal recravado com relevo na vertical. &#8211; Largura da selagem: 16mm &#8211; Sela sacos pl\u00e1sticos de at\u00e9 25 cm de boca x 0,40 mm de espessura &#8211; Funciona em 127-220 volts 50-60Hz (Bivolt) &#8211; Pot\u00eancia: 400watts &#8211; Consumo m\u00e1ximo de energia: 0,40 [&hellip;]<\/p>\n","protected":false},"featured_media":11306,"comment_status":"open","ping_status":"closed","template":"","meta":[],"product_brand":[],"product_cat":[316],"product_tag":[],"class_list":{"0":"post-11307","1":"product","2":"type-product","3":"status-publish","4":"has-post-thumbnail","6":"product_cat-seladora","8":"first","9":"instock","10":"shipping-taxable","11":"purchasable","12":"product-type-simple"},"_links":{"self":[{"href":"https:\/\/twsites.com.br\/novomigcenter\/index.php?rest_route=\/wp\/v2\/product\/11307","targetHints":{"allow":["GET"]}}],"collection":[{"href":"https:\/\/twsites.com.br\/novomigcenter\/index.php?rest_route=\/wp\/v2\/product"}],"about":[{"href":"https:\/\/twsites.com.br\/novomigcenter\/index.php?rest_route=\/wp\/v2\/types\/product"}],"replies":[{"embeddable":true,"href":"https:\/\/twsites.com.br\/novomigcenter\/index.php?rest_route=%2Fwp%2Fv2%2Fcomments&post=11307"}],"wp:featuredmedia":[{"embeddable":true,"href":"https:\/\/twsites.com.br\/novomigcenter\/index.php?rest_route=\/wp\/v2\/media\/11306"}],"wp:attachment":[{"href":"https:\/\/twsites.com.br\/novomigcenter\/index.php?rest_route=%2Fwp%2Fv2%2Fmedia&parent=11307"}],"wp:term":[{"taxonomy":"product_brand","embeddable":true,"href":"https:\/\/twsites.com.br\/novomigcenter\/index.php?rest_route=%2Fwp%2Fv2%2Fproduct_brand&post=11307"},{"taxonomy":"product_cat","embeddable":true,"href":"https:\/\/twsites.com.br\/novomigcenter\/index.php?rest_route=%2Fwp%2Fv2%2Fproduct_cat&post=11307"},{"taxonomy":"product_tag","embeddable":true,"href":"https:\/\/twsites.com.br\/novomigcenter\/index.php?rest_route=%2Fwp%2Fv2%2Fproduct_tag&post=11307"}],"curies":[{"name":"wp","href":"https:\/\/api.w.org\/{rel}","templated":true}]}}